{"id":39154,"date":"2022-12-27T15:13:14","date_gmt":"2022-12-27T08:13:14","guid":{"rendered":"https:\/\/mouldking.store\/?post_type=product&#038;p=39154"},"modified":"2025-12-25T09:11:54","modified_gmt":"2025-12-25T02:11:54","slug":"moc-87964-bay-cargo-boat-with-1961pcs","status":"publish","type":"product","link":"https:\/\/mouldking.store\/fr\/shop\/moc-87964-bay-cargo-boat-with-1961pcs\/","title":{"rendered":"MOC-87964 Bay Cargo Boat With 1961PCS"},"content":{"rendered":"<ol>\n<li>Marque : MOC<\/li>\n<li>Genre: Unisexe<\/li>\n<li>Name: Bay Cargo Boat<\/li>\n<li>Tranche d&#039;\u00e2ge : &gt; 6 ans<\/li>\n<li>Model Number: 87964<\/li>\n<li>Classement : Assemblage<\/li>\n<li>Forme de bloc en plastique\u00a0: briques autobloquantes<\/li>\n<li>Mat\u00e9riel: Plastique<\/li>\n<li>Type de plastique : ABS<\/li>\n<li>Bricks Blocks:1961PCS<\/li>\n<li>Size: 90 x 16 x 45 cm<\/li>\n<li>Weight:2400g<\/li>\n<li>Contient des instructions de montage d\u00e9taill\u00e9es.<\/li>\n<\/ol>\n<p>Avis:<br \/>\n1. Sans bo\u00eete d&#039;origine, mais nous garantissons que nos produits ont une assurance qualit\u00e9 et un bel emballage.<br \/>\n2. Comme toutes les pi\u00e8ces que nous avons v\u00e9rifi\u00e9es avant l&#039;exp\u00e9dition, donc si vous trouvez des pi\u00e8ces manquantes ou endommag\u00e9es, ne vous inqui\u00e9tez pas et veuillez nous contacter et nous pouvons vous les renvoyer imm\u00e9diatement gratuitement.<\/p>\n<figure id=\"attachment_39155\" aria-describedby=\"caption-attachment-39155\" style=\"width: 1004px\" class=\"wp-caption aligncenter\"><img fetchpriority=\"high\" decoding=\"async\" class=\"wp-image-39155 size-full\" src=\"https:\/\/mouldking.store\/wp-content\/uploads\/2022\/12\/MOC-87964-Technic-Bay-Cargo-Boat-MOC-FACTORY.png\" alt=\"MOC-87964 Bay Cargo Boat With 1961PCS\" width=\"1004\" height=\"1004\" title=\"-\" srcset=\"https:\/\/mouldking.store\/wp-content\/uploads\/2022\/12\/MOC-87964-Technic-Bay-Cargo-Boat-MOC-FACTORY.png 1004w, https:\/\/mouldking.store\/wp-content\/uploads\/2022\/12\/MOC-87964-Technic-Bay-Cargo-Boat-MOC-FACTORY-300x300.png 300w, https:\/\/mouldking.store\/wp-content\/uploads\/2022\/12\/MOC-87964-Technic-Bay-Cargo-Boat-MOC-FACTORY-768x768.png 768w, https:\/\/mouldking.store\/wp-content\/uploads\/2022\/12\/MOC-87964-Technic-Bay-Cargo-Boat-MOC-FACTORY-600x600.png 600w, https:\/\/mouldking.store\/wp-content\/uploads\/2022\/12\/MOC-87964-Technic-Bay-Cargo-Boat-MOC-FACTORY-150x150.png 150w, https:\/\/mouldking.store\/wp-content\/uploads\/2022\/12\/MOC-87964-Technic-Bay-Cargo-Boat-MOC-FACTORY-60x60.png 60w, https:\/\/mouldking.store\/wp-content\/uploads\/2022\/12\/MOC-87964-Technic-Bay-Cargo-Boat-MOC-FACTORY-90x90.png 90w\" sizes=\"(max-width: 1004px) 100vw, 1004px\" \/><figcaption id=\"caption-attachment-39155\" class=\"wp-caption-text\">MOC-87964 Bay Cargo Boat With 1961PCS<\/figcaption><\/figure>\n<figure id=\"attachment_39156\" aria-describedby=\"caption-attachment-39156\" style=\"width: 1024px\" class=\"wp-caption aligncenter\"><img decoding=\"async\" class=\"wp-image-39156 size-large\" src=\"https:\/\/mouldking.store\/wp-content\/uploads\/2022\/12\/Bay-Cargo-Boat-MOC-87964-2-1024x1024.jpg\" alt=\"MOC-87964 Bay Cargo Boat With 1961PCS\" width=\"1024\" height=\"1024\" title=\"-\" srcset=\"https:\/\/mouldking.store\/wp-content\/uploads\/2022\/12\/Bay-Cargo-Boat-MOC-87964-2-1024x1024.jpg 1024w, https:\/\/mouldking.store\/wp-content\/uploads\/2022\/12\/Bay-Cargo-Boat-MOC-87964-2-300x300.jpg 300w, https:\/\/mouldking.store\/wp-content\/uploads\/2022\/12\/Bay-Cargo-Boat-MOC-87964-2-768x768.jpg 768w, https:\/\/mouldking.store\/wp-content\/uploads\/2022\/12\/Bay-Cargo-Boat-MOC-87964-2-600x600.jpg 600w, https:\/\/mouldking.store\/wp-content\/uploads\/2022\/12\/Bay-Cargo-Boat-MOC-87964-2-150x150.jpg 150w, https:\/\/mouldking.store\/wp-content\/uploads\/2022\/12\/Bay-Cargo-Boat-MOC-87964-2-60x60.jpg 60w, https:\/\/mouldking.store\/wp-content\/uploads\/2022\/12\/Bay-Cargo-Boat-MOC-87964-2-90x90.jpg 90w, https:\/\/mouldking.store\/wp-content\/uploads\/2022\/12\/Bay-Cargo-Boat-MOC-87964-2.jpg 1100w\" sizes=\"(max-width: 1024px) 100vw, 1024px\" \/><figcaption id=\"caption-attachment-39156\" class=\"wp-caption-text\">MOC-87964 Bay Cargo Boat With 1961PCS<\/figcaption><\/figure>\n<figure id=\"attachment_39157\" aria-describedby=\"caption-attachment-39157\" style=\"width: 1024px\" class=\"wp-caption aligncenter\"><img decoding=\"async\" class=\"wp-image-39157 size-large\" src=\"https:\/\/mouldking.store\/wp-content\/uploads\/2022\/12\/Bay-Cargo-Boat-MOC-87964-3-1024x1024.jpg\" alt=\"MOC-87964 Bay Cargo Boat With 1961PCS\" width=\"1024\" height=\"1024\" title=\"-\" srcset=\"https:\/\/mouldking.store\/wp-content\/uploads\/2022\/12\/Bay-Cargo-Boat-MOC-87964-3-1024x1024.jpg 1024w, https:\/\/mouldking.store\/wp-content\/uploads\/2022\/12\/Bay-Cargo-Boat-MOC-87964-3-300x300.jpg 300w, https:\/\/mouldking.store\/wp-content\/uploads\/2022\/12\/Bay-Cargo-Boat-MOC-87964-3-768x768.jpg 768w, https:\/\/mouldking.store\/wp-content\/uploads\/2022\/12\/Bay-Cargo-Boat-MOC-87964-3-600x600.jpg 600w, https:\/\/mouldking.store\/wp-content\/uploads\/2022\/12\/Bay-Cargo-Boat-MOC-87964-3-150x150.jpg 150w, https:\/\/mouldking.store\/wp-content\/uploads\/2022\/12\/Bay-Cargo-Boat-MOC-87964-3-60x60.jpg 60w, https:\/\/mouldking.store\/wp-content\/uploads\/2022\/12\/Bay-Cargo-Boat-MOC-87964-3-90x90.jpg 90w, https:\/\/mouldking.store\/wp-content\/uploads\/2022\/12\/Bay-Cargo-Boat-MOC-87964-3.jpg 1100w\" sizes=\"(max-width: 1024px) 100vw, 1024px\" \/><figcaption id=\"caption-attachment-39157\" class=\"wp-caption-text\">MOC-87964 Bay Cargo Boat With 1961PCS<\/figcaption><\/figure>\n<figure id=\"attachment_39158\" aria-describedby=\"caption-attachment-39158\" style=\"width: 1024px\" class=\"wp-caption aligncenter\"><img loading=\"lazy\" decoding=\"async\" class=\"wp-image-39158 size-large\" src=\"https:\/\/mouldking.store\/wp-content\/uploads\/2022\/12\/Bay-Cargo-Boat-MOC-87964-4-1024x1024.jpg\" alt=\"MOC-87964 Bay Cargo Boat With 1961PCS\" width=\"1024\" height=\"1024\" title=\"-\" srcset=\"https:\/\/mouldking.store\/wp-content\/uploads\/2022\/12\/Bay-Cargo-Boat-MOC-87964-4-1024x1024.jpg 1024w, https:\/\/mouldking.store\/wp-content\/uploads\/2022\/12\/Bay-Cargo-Boat-MOC-87964-4-300x300.jpg 300w, https:\/\/mouldking.store\/wp-content\/uploads\/2022\/12\/Bay-Cargo-Boat-MOC-87964-4-768x768.jpg 768w, https:\/\/mouldking.store\/wp-content\/uploads\/2022\/12\/Bay-Cargo-Boat-MOC-87964-4-600x600.jpg 600w, https:\/\/mouldking.store\/wp-content\/uploads\/2022\/12\/Bay-Cargo-Boat-MOC-87964-4-150x150.jpg 150w, https:\/\/mouldking.store\/wp-content\/uploads\/2022\/12\/Bay-Cargo-Boat-MOC-87964-4-60x60.jpg 60w, https:\/\/mouldking.store\/wp-content\/uploads\/2022\/12\/Bay-Cargo-Boat-MOC-87964-4-90x90.jpg 90w, https:\/\/mouldking.store\/wp-content\/uploads\/2022\/12\/Bay-Cargo-Boat-MOC-87964-4.jpg 1100w\" sizes=\"(max-width: 1024px) 100vw, 1024px\" \/><figcaption id=\"caption-attachment-39158\" class=\"wp-caption-text\">MOC-87964 Bay Cargo Boat With 1961PCS<\/figcaption><\/figure>\n<figure id=\"attachment_39159\" aria-describedby=\"caption-attachment-39159\" style=\"width: 1024px\" class=\"wp-caption aligncenter\"><img loading=\"lazy\" decoding=\"async\" class=\"wp-image-39159 size-large\" src=\"https:\/\/mouldking.store\/wp-content\/uploads\/2022\/12\/Bay-Cargo-Boat-MOC-87964-5-1024x1024.jpg\" alt=\"MOC-87964 Bay Cargo Boat With 1961PCS\" width=\"1024\" height=\"1024\" title=\"-\" srcset=\"https:\/\/mouldking.store\/wp-content\/uploads\/2022\/12\/Bay-Cargo-Boat-MOC-87964-5-1024x1024.jpg 1024w, https:\/\/mouldking.store\/wp-content\/uploads\/2022\/12\/Bay-Cargo-Boat-MOC-87964-5-300x300.jpg 300w, https:\/\/mouldking.store\/wp-content\/uploads\/2022\/12\/Bay-Cargo-Boat-MOC-87964-5-768x768.jpg 768w, https:\/\/mouldking.store\/wp-content\/uploads\/2022\/12\/Bay-Cargo-Boat-MOC-87964-5-600x600.jpg 600w, https:\/\/mouldking.store\/wp-content\/uploads\/2022\/12\/Bay-Cargo-Boat-MOC-87964-5-150x150.jpg 150w, https:\/\/mouldking.store\/wp-content\/uploads\/2022\/12\/Bay-Cargo-Boat-MOC-87964-5-60x60.jpg 60w, https:\/\/mouldking.store\/wp-content\/uploads\/2022\/12\/Bay-Cargo-Boat-MOC-87964-5-90x90.jpg 90w, https:\/\/mouldking.store\/wp-content\/uploads\/2022\/12\/Bay-Cargo-Boat-MOC-87964-5.jpg 1100w\" sizes=\"(max-width: 1024px) 100vw, 1024px\" \/><figcaption id=\"caption-attachment-39159\" class=\"wp-caption-text\">MOC-87964 Bay Cargo Boat With 1961PCS<\/figcaption><\/figure>\n<figure id=\"attachment_39160\" aria-describedby=\"caption-attachment-39160\" style=\"width: 1100px\" class=\"wp-caption aligncenter\"><img loading=\"lazy\" decoding=\"async\" class=\"wp-image-39160 size-full\" src=\"https:\/\/mouldking.store\/wp-content\/uploads\/2022\/12\/Bay-Cargo-Boat-MOC-87964-6.jpg\" alt=\"MOC-87964 Bay Cargo Boat With 1961PCS\" width=\"1100\" height=\"1100\" title=\"-\" srcset=\"https:\/\/mouldking.store\/wp-content\/uploads\/2022\/12\/Bay-Cargo-Boat-MOC-87964-6.jpg 1100w, https:\/\/mouldking.store\/wp-content\/uploads\/2022\/12\/Bay-Cargo-Boat-MOC-87964-6-300x300.jpg 300w, https:\/\/mouldking.store\/wp-content\/uploads\/2022\/12\/Bay-Cargo-Boat-MOC-87964-6-1024x1024.jpg 1024w, https:\/\/mouldking.store\/wp-content\/uploads\/2022\/12\/Bay-Cargo-Boat-MOC-87964-6-768x768.jpg 768w, https:\/\/mouldking.store\/wp-content\/uploads\/2022\/12\/Bay-Cargo-Boat-MOC-87964-6-600x600.jpg 600w, https:\/\/mouldking.store\/wp-content\/uploads\/2022\/12\/Bay-Cargo-Boat-MOC-87964-6-150x150.jpg 150w, https:\/\/mouldking.store\/wp-content\/uploads\/2022\/12\/Bay-Cargo-Boat-MOC-87964-6-60x60.jpg 60w, https:\/\/mouldking.store\/wp-content\/uploads\/2022\/12\/Bay-Cargo-Boat-MOC-87964-6-90x90.jpg 90w\" sizes=\"(max-width: 1100px) 100vw, 1100px\" \/><figcaption id=\"caption-attachment-39160\" class=\"wp-caption-text\">MOC-87964 Bay Cargo Boat With 1961PCS<\/figcaption><\/figure>\n<figure id=\"attachment_39161\" aria-describedby=\"caption-attachment-39161\" style=\"width: 1100px\" class=\"wp-caption aligncenter\"><img loading=\"lazy\" decoding=\"async\" class=\"wp-image-39161 size-full\" src=\"https:\/\/mouldking.store\/wp-content\/uploads\/2022\/12\/Bay-Cargo-Boat-MOC-87964-7.jpg\" alt=\"MOC-87964 Bay Cargo Boat With 1961PCS\" width=\"1100\" height=\"1100\" title=\"-\" srcset=\"https:\/\/mouldking.store\/wp-content\/uploads\/2022\/12\/Bay-Cargo-Boat-MOC-87964-7.jpg 1100w, https:\/\/mouldking.store\/wp-content\/uploads\/2022\/12\/Bay-Cargo-Boat-MOC-87964-7-300x300.jpg 300w, https:\/\/mouldking.store\/wp-content\/uploads\/2022\/12\/Bay-Cargo-Boat-MOC-87964-7-1024x1024.jpg 1024w, https:\/\/mouldking.store\/wp-content\/uploads\/2022\/12\/Bay-Cargo-Boat-MOC-87964-7-768x768.jpg 768w, https:\/\/mouldking.store\/wp-content\/uploads\/2022\/12\/Bay-Cargo-Boat-MOC-87964-7-600x600.jpg 600w, https:\/\/mouldking.store\/wp-content\/uploads\/2022\/12\/Bay-Cargo-Boat-MOC-87964-7-150x150.jpg 150w, https:\/\/mouldking.store\/wp-content\/uploads\/2022\/12\/Bay-Cargo-Boat-MOC-87964-7-60x60.jpg 60w, https:\/\/mouldking.store\/wp-content\/uploads\/2022\/12\/Bay-Cargo-Boat-MOC-87964-7-90x90.jpg 90w\" sizes=\"(max-width: 1100px) 100vw, 1100px\" \/><figcaption id=\"caption-attachment-39161\" class=\"wp-caption-text\">MOC-87964 Bay Cargo Boat With 1961PCS<\/figcaption><\/figure>","protected":false},"excerpt":{"rendered":"<p>Instructions de construction PDF<\/p>\n<p>Sans bo\u00eete d&#039;origine<\/p>\n<p>Temps d&#039;arrangement\u00a0: 4 \u00e0 8\u00a0semaines<\/p>","protected":false},"featured_media":39155,"comment_status":"closed","ping_status":"closed","template":"","meta":{"_acf_changed":false},"product_cat":[1357,1406,364],"product_tag":[5564,10488,6471,10487,430,10486,10489,10485],"class_list":["product","first","instock","shipping-taxable","purchasable","product-type-simple"],"acf":[],"_links":{"self":[{"href":"https:\/\/mouldking.store\/fr\/wp-json\/wp\/v2\/product\/39154","targetHints":{"allow":["GET"]}}],"collection":[{"href":"https:\/\/mouldking.store\/fr\/wp-json\/wp\/v2\/product"}],"about":[{"href":"https:\/\/mouldking.store\/fr\/wp-json\/wp\/v2\/types\/product"}],"replies":[{"embeddable":true,"href":"https:\/\/mouldking.store\/fr\/wp-json\/wp\/v2\/comments?post=39154"}],"wp:featuredmedia":[{"embeddable":true,"href":"https:\/\/mouldking.store\/fr\/wp-json\/wp\/v2\/media\/39155"}],"wp:attachment":[{"href":"https:\/\/mouldking.store\/fr\/wp-json\/wp\/v2\/media?parent=39154"}],"wp:term":[{"taxonomy":"product_cat","embeddable":true,"href":"https:\/\/mouldking.store\/fr\/wp-json\/wp\/v2\/product_cat?post=39154"},{"taxonomy":"product_tag","embeddable":true,"href":"https:\/\/mouldking.store\/fr\/wp-json\/wp\/v2\/product_tag?post=39154"}],"curies":[{"name":"wp","href":"https:\/\/api.w.org\/{rel}","templated":true}]}}