{"id":39162,"date":"2022-12-27T15:21:09","date_gmt":"2022-12-27T08:21:09","guid":{"rendered":"https:\/\/mouldking.store\/?post_type=product&#038;p=39162"},"modified":"2025-12-25T09:11:54","modified_gmt":"2025-12-25T02:11:54","slug":"moc-42439-saddle-tank-engine-train-with-513pcs","status":"publish","type":"product","link":"https:\/\/mouldking.store\/fr\/shop\/moc-42439-saddle-tank-engine-train-with-513pcs\/","title":{"rendered":"MOC-42439 Train de moteur de r\u00e9servoir de selle avec 513PCS"},"content":{"rendered":"<ol>\n<li>Marque : MOC<\/li>\n<li>Genre: Unisexe<\/li>\n<li>Name: Saddle Tank Engine Train<\/li>\n<li>Tranche d&#039;\u00e2ge : &gt; 6 ans<\/li>\n<li>Model Number: 42439<\/li>\n<li>Classement : Assemblage<\/li>\n<li>Forme de bloc en plastique\u00a0: briques autobloquantes<\/li>\n<li>Mat\u00e9riel: Plastique<\/li>\n<li>Type de plastique : ABS<\/li>\n<li>Bricks Blocks:513PCS<\/li>\n<li>Weight:450g<\/li>\n<li>Contient des instructions de montage d\u00e9taill\u00e9es.<\/li>\n<\/ol>\n<p>Avis:<br \/>\n1. Sans bo\u00eete d&#039;origine, mais nous garantissons que nos produits ont une assurance qualit\u00e9 et un bel emballage.<br \/>\n2. Comme toutes les pi\u00e8ces que nous avons v\u00e9rifi\u00e9es avant l&#039;exp\u00e9dition, donc si vous trouvez des pi\u00e8ces manquantes ou endommag\u00e9es, ne vous inqui\u00e9tez pas et veuillez nous contacter et nous pouvons vous les renvoyer imm\u00e9diatement gratuitement.<\/p>\n<figure id=\"attachment_39163\" aria-describedby=\"caption-attachment-39163\" style=\"width: 1004px\" class=\"wp-caption aligncenter\"><img fetchpriority=\"high\" decoding=\"async\" class=\"wp-image-39163 size-full\" src=\"https:\/\/mouldking.store\/wp-content\/uploads\/2022\/12\/MOC-42439-Technic-Saddle-Tank-Engine-Train-MOC-FACTORY.png\" alt=\"MOC-42439 Saddle Tank Engine Train With 513PCS\" width=\"1004\" height=\"1004\" title=\"-\" srcset=\"https:\/\/mouldking.store\/wp-content\/uploads\/2022\/12\/MOC-42439-Technic-Saddle-Tank-Engine-Train-MOC-FACTORY.png 1004w, https:\/\/mouldking.store\/wp-content\/uploads\/2022\/12\/MOC-42439-Technic-Saddle-Tank-Engine-Train-MOC-FACTORY-300x300.png 300w, https:\/\/mouldking.store\/wp-content\/uploads\/2022\/12\/MOC-42439-Technic-Saddle-Tank-Engine-Train-MOC-FACTORY-768x768.png 768w, https:\/\/mouldking.store\/wp-content\/uploads\/2022\/12\/MOC-42439-Technic-Saddle-Tank-Engine-Train-MOC-FACTORY-600x600.png 600w, https:\/\/mouldking.store\/wp-content\/uploads\/2022\/12\/MOC-42439-Technic-Saddle-Tank-Engine-Train-MOC-FACTORY-150x150.png 150w, https:\/\/mouldking.store\/wp-content\/uploads\/2022\/12\/MOC-42439-Technic-Saddle-Tank-Engine-Train-MOC-FACTORY-60x60.png 60w, https:\/\/mouldking.store\/wp-content\/uploads\/2022\/12\/MOC-42439-Technic-Saddle-Tank-Engine-Train-MOC-FACTORY-90x90.png 90w\" sizes=\"(max-width: 1004px) 100vw, 1004px\" \/><figcaption id=\"caption-attachment-39163\" class=\"wp-caption-text\">MOC-42439 Train de moteur de r\u00e9servoir de selle avec 513PCS<\/figcaption><\/figure>\n<figure id=\"attachment_39164\" aria-describedby=\"caption-attachment-39164\" style=\"width: 1024px\" class=\"wp-caption aligncenter\"><img decoding=\"async\" class=\"wp-image-39164 size-large\" src=\"https:\/\/mouldking.store\/wp-content\/uploads\/2022\/12\/Saddle-Tank-Engine-Train-MOC-42439-2-1024x1024.jpg\" alt=\"MOC-42439 Saddle Tank Engine Train With 513PCS\" width=\"1024\" height=\"1024\" title=\"-\" srcset=\"https:\/\/mouldking.store\/wp-content\/uploads\/2022\/12\/Saddle-Tank-Engine-Train-MOC-42439-2-1024x1024.jpg 1024w, https:\/\/mouldking.store\/wp-content\/uploads\/2022\/12\/Saddle-Tank-Engine-Train-MOC-42439-2-300x300.jpg 300w, https:\/\/mouldking.store\/wp-content\/uploads\/2022\/12\/Saddle-Tank-Engine-Train-MOC-42439-2-768x768.jpg 768w, https:\/\/mouldking.store\/wp-content\/uploads\/2022\/12\/Saddle-Tank-Engine-Train-MOC-42439-2-600x600.jpg 600w, https:\/\/mouldking.store\/wp-content\/uploads\/2022\/12\/Saddle-Tank-Engine-Train-MOC-42439-2-150x150.jpg 150w, https:\/\/mouldking.store\/wp-content\/uploads\/2022\/12\/Saddle-Tank-Engine-Train-MOC-42439-2-60x60.jpg 60w, https:\/\/mouldking.store\/wp-content\/uploads\/2022\/12\/Saddle-Tank-Engine-Train-MOC-42439-2-90x90.jpg 90w, https:\/\/mouldking.store\/wp-content\/uploads\/2022\/12\/Saddle-Tank-Engine-Train-MOC-42439-2.jpg 1100w\" sizes=\"(max-width: 1024px) 100vw, 1024px\" \/><figcaption id=\"caption-attachment-39164\" class=\"wp-caption-text\">MOC-42439 Train de moteur de r\u00e9servoir de selle avec 513PCS<\/figcaption><\/figure>\n<figure id=\"attachment_39165\" aria-describedby=\"caption-attachment-39165\" style=\"width: 1024px\" class=\"wp-caption aligncenter\"><img decoding=\"async\" class=\"wp-image-39165 size-large\" src=\"https:\/\/mouldking.store\/wp-content\/uploads\/2022\/12\/Saddle-Tank-Engine-Train-MOC-42439-3-1024x1024.jpg\" alt=\"MOC-42439 Saddle Tank Engine Train With 513PCS\" width=\"1024\" height=\"1024\" title=\"-\" srcset=\"https:\/\/mouldking.store\/wp-content\/uploads\/2022\/12\/Saddle-Tank-Engine-Train-MOC-42439-3-1024x1024.jpg 1024w, https:\/\/mouldking.store\/wp-content\/uploads\/2022\/12\/Saddle-Tank-Engine-Train-MOC-42439-3-300x300.jpg 300w, https:\/\/mouldking.store\/wp-content\/uploads\/2022\/12\/Saddle-Tank-Engine-Train-MOC-42439-3-768x768.jpg 768w, https:\/\/mouldking.store\/wp-content\/uploads\/2022\/12\/Saddle-Tank-Engine-Train-MOC-42439-3-600x600.jpg 600w, https:\/\/mouldking.store\/wp-content\/uploads\/2022\/12\/Saddle-Tank-Engine-Train-MOC-42439-3-150x150.jpg 150w, https:\/\/mouldking.store\/wp-content\/uploads\/2022\/12\/Saddle-Tank-Engine-Train-MOC-42439-3-60x60.jpg 60w, https:\/\/mouldking.store\/wp-content\/uploads\/2022\/12\/Saddle-Tank-Engine-Train-MOC-42439-3-90x90.jpg 90w, https:\/\/mouldking.store\/wp-content\/uploads\/2022\/12\/Saddle-Tank-Engine-Train-MOC-42439-3.jpg 1100w\" sizes=\"(max-width: 1024px) 100vw, 1024px\" \/><figcaption id=\"caption-attachment-39165\" class=\"wp-caption-text\">MOC-42439 Train de moteur de r\u00e9servoir de selle avec 513PCS<\/figcaption><\/figure>\n<figure id=\"attachment_39166\" aria-describedby=\"caption-attachment-39166\" style=\"width: 1024px\" class=\"wp-caption aligncenter\"><img loading=\"lazy\" decoding=\"async\" class=\"wp-image-39166 size-large\" src=\"https:\/\/mouldking.store\/wp-content\/uploads\/2022\/12\/Saddle-Tank-Engine-Train-MOC-42439-4-1024x1024.jpg\" alt=\"MOC-42439 Saddle Tank Engine Train With 513PCS\" width=\"1024\" height=\"1024\" title=\"-\" srcset=\"https:\/\/mouldking.store\/wp-content\/uploads\/2022\/12\/Saddle-Tank-Engine-Train-MOC-42439-4-1024x1024.jpg 1024w, https:\/\/mouldking.store\/wp-content\/uploads\/2022\/12\/Saddle-Tank-Engine-Train-MOC-42439-4-300x300.jpg 300w, https:\/\/mouldking.store\/wp-content\/uploads\/2022\/12\/Saddle-Tank-Engine-Train-MOC-42439-4-768x768.jpg 768w, https:\/\/mouldking.store\/wp-content\/uploads\/2022\/12\/Saddle-Tank-Engine-Train-MOC-42439-4-600x600.jpg 600w, https:\/\/mouldking.store\/wp-content\/uploads\/2022\/12\/Saddle-Tank-Engine-Train-MOC-42439-4-150x150.jpg 150w, https:\/\/mouldking.store\/wp-content\/uploads\/2022\/12\/Saddle-Tank-Engine-Train-MOC-42439-4-60x60.jpg 60w, https:\/\/mouldking.store\/wp-content\/uploads\/2022\/12\/Saddle-Tank-Engine-Train-MOC-42439-4-90x90.jpg 90w, https:\/\/mouldking.store\/wp-content\/uploads\/2022\/12\/Saddle-Tank-Engine-Train-MOC-42439-4.jpg 1100w\" sizes=\"(max-width: 1024px) 100vw, 1024px\" \/><figcaption id=\"caption-attachment-39166\" class=\"wp-caption-text\">MOC-42439 Train de moteur de r\u00e9servoir de selle avec 513PCS<\/figcaption><\/figure>\n<figure id=\"attachment_39167\" aria-describedby=\"caption-attachment-39167\" style=\"width: 1024px\" class=\"wp-caption aligncenter\"><img loading=\"lazy\" decoding=\"async\" class=\"wp-image-39167 size-large\" src=\"https:\/\/mouldking.store\/wp-content\/uploads\/2022\/12\/Saddle-Tank-Engine-Train-MOC-42439-5-1024x1024.jpg\" alt=\"MOC-42439 Saddle Tank Engine Train With 513PCS\" width=\"1024\" height=\"1024\" title=\"-\" srcset=\"https:\/\/mouldking.store\/wp-content\/uploads\/2022\/12\/Saddle-Tank-Engine-Train-MOC-42439-5-1024x1024.jpg 1024w, https:\/\/mouldking.store\/wp-content\/uploads\/2022\/12\/Saddle-Tank-Engine-Train-MOC-42439-5-300x300.jpg 300w, https:\/\/mouldking.store\/wp-content\/uploads\/2022\/12\/Saddle-Tank-Engine-Train-MOC-42439-5-768x768.jpg 768w, https:\/\/mouldking.store\/wp-content\/uploads\/2022\/12\/Saddle-Tank-Engine-Train-MOC-42439-5-600x600.jpg 600w, https:\/\/mouldking.store\/wp-content\/uploads\/2022\/12\/Saddle-Tank-Engine-Train-MOC-42439-5-150x150.jpg 150w, https:\/\/mouldking.store\/wp-content\/uploads\/2022\/12\/Saddle-Tank-Engine-Train-MOC-42439-5-60x60.jpg 60w, https:\/\/mouldking.store\/wp-content\/uploads\/2022\/12\/Saddle-Tank-Engine-Train-MOC-42439-5-90x90.jpg 90w, https:\/\/mouldking.store\/wp-content\/uploads\/2022\/12\/Saddle-Tank-Engine-Train-MOC-42439-5.jpg 1100w\" sizes=\"(max-width: 1024px) 100vw, 1024px\" \/><figcaption id=\"caption-attachment-39167\" class=\"wp-caption-text\">MOC-42439 Train de moteur de r\u00e9servoir de selle avec 513PCS<\/figcaption><\/figure>\n<figure id=\"attachment_39168\" aria-describedby=\"caption-attachment-39168\" style=\"width: 1024px\" class=\"wp-caption aligncenter\"><img loading=\"lazy\" decoding=\"async\" class=\"wp-image-39168 size-large\" src=\"https:\/\/mouldking.store\/wp-content\/uploads\/2022\/12\/Saddle-Tank-Engine-Train-MOC-42439-6-1024x1024.jpg\" alt=\"MOC-42439 Saddle Tank Engine Train With 513PCS\" width=\"1024\" height=\"1024\" title=\"-\" srcset=\"https:\/\/mouldking.store\/wp-content\/uploads\/2022\/12\/Saddle-Tank-Engine-Train-MOC-42439-6-1024x1024.jpg 1024w, https:\/\/mouldking.store\/wp-content\/uploads\/2022\/12\/Saddle-Tank-Engine-Train-MOC-42439-6-300x300.jpg 300w, https:\/\/mouldking.store\/wp-content\/uploads\/2022\/12\/Saddle-Tank-Engine-Train-MOC-42439-6-768x768.jpg 768w, https:\/\/mouldking.store\/wp-content\/uploads\/2022\/12\/Saddle-Tank-Engine-Train-MOC-42439-6-600x600.jpg 600w, https:\/\/mouldking.store\/wp-content\/uploads\/2022\/12\/Saddle-Tank-Engine-Train-MOC-42439-6-150x150.jpg 150w, https:\/\/mouldking.store\/wp-content\/uploads\/2022\/12\/Saddle-Tank-Engine-Train-MOC-42439-6-60x60.jpg 60w, https:\/\/mouldking.store\/wp-content\/uploads\/2022\/12\/Saddle-Tank-Engine-Train-MOC-42439-6-90x90.jpg 90w, https:\/\/mouldking.store\/wp-content\/uploads\/2022\/12\/Saddle-Tank-Engine-Train-MOC-42439-6.jpg 1100w\" sizes=\"(max-width: 1024px) 100vw, 1024px\" \/><figcaption id=\"caption-attachment-39168\" class=\"wp-caption-text\">MOC-42439 Train de moteur de r\u00e9servoir de selle avec 513PCS<\/figcaption><\/figure>","protected":false},"excerpt":{"rendered":"<p>Instructions de construction PDF<\/p>\n<p>Sans bo\u00eete d&#039;origine<\/p>\n<p>Temps d&#039;arrangement\u00a0: 4 \u00e0 8\u00a0semaines<\/p>","protected":false},"featured_media":39163,"comment_status":"closed","ping_status":"closed","template":"","meta":{"_acf_changed":false},"product_cat":[1357,1406,364],"product_tag":[10493,10494,430,10491,10497,10490,10492,10495,10496,485,300],"class_list":["product","first","instock","shipping-taxable","purchasable","product-type-simple"],"acf":[],"_links":{"self":[{"href":"https:\/\/mouldking.store\/fr\/wp-json\/wp\/v2\/product\/39162","targetHints":{"allow":["GET"]}}],"collection":[{"href":"https:\/\/mouldking.store\/fr\/wp-json\/wp\/v2\/product"}],"about":[{"href":"https:\/\/mouldking.store\/fr\/wp-json\/wp\/v2\/types\/product"}],"replies":[{"embeddable":true,"href":"https:\/\/mouldking.store\/fr\/wp-json\/wp\/v2\/comments?post=39162"}],"wp:featuredmedia":[{"embeddable":true,"href":"https:\/\/mouldking.store\/fr\/wp-json\/wp\/v2\/media\/39163"}],"wp:attachment":[{"href":"https:\/\/mouldking.store\/fr\/wp-json\/wp\/v2\/media?parent=39162"}],"wp:term":[{"taxonomy":"product_cat","embeddable":true,"href":"https:\/\/mouldking.store\/fr\/wp-json\/wp\/v2\/product_cat?post=39162"},{"taxonomy":"product_tag","embeddable":true,"href":"https:\/\/mouldking.store\/fr\/wp-json\/wp\/v2\/product_tag?post=39162"}],"curies":[{"name":"wp","href":"https:\/\/api.w.org\/{rel}","templated":true}]}}