{"id":39259,"date":"2023-01-03T12:15:13","date_gmt":"2023-01-03T05:15:13","guid":{"rendered":"https:\/\/mouldking.store\/?post_type=product&#038;p=39259"},"modified":"2025-12-25T09:11:54","modified_gmt":"2025-12-25T02:11:54","slug":"moc-122847-1-4-potion-classroom-with-1084-pieces","status":"publish","type":"product","link":"https:\/\/mouldking.store\/fr\/shop\/moc-122847-1-4-potion-classroom-with-1084-pieces\/","title":{"rendered":"MOC-122847 Salle de classe de potion 1\/4 avec 1084 pi\u00e8ces"},"content":{"rendered":"<ol>\n<li>Marque : MOC<\/li>\n<li>Genre: Unisexe<\/li>\n<li>Name: 1\/4 Potion Classroom<\/li>\n<li>Tranche d&#039;\u00e2ge : &gt; 6 ans<\/li>\n<li>Model Number: 122847<\/li>\n<li>Classement : Assemblage<\/li>\n<li>Forme de bloc en plastique\u00a0: briques autobloquantes<\/li>\n<li>Mat\u00e9riel: Plastique<\/li>\n<li>Type de plastique : ABS<\/li>\n<li>Bricks Blocks:1084 PCS<\/li>\n<li>Contient des instructions de montage d\u00e9taill\u00e9es.<\/li>\n<\/ol>\n<p>Avis:<br \/>\n1. Sans bo\u00eete d&#039;origine, mais nous garantissons que nos produits ont une assurance qualit\u00e9 et un bel emballage.<br \/>\n2. Comme toutes les pi\u00e8ces que nous avons v\u00e9rifi\u00e9es avant l&#039;exp\u00e9dition, donc si vous trouvez des pi\u00e8ces manquantes ou endommag\u00e9es, ne vous inqui\u00e9tez pas et veuillez nous contacter et nous pouvons vous les renvoyer imm\u00e9diatement gratuitement.<\/p>\n<figure id=\"attachment_39260\" aria-describedby=\"caption-attachment-39260\" style=\"width: 1004px\" class=\"wp-caption aligncenter\"><img fetchpriority=\"high\" decoding=\"async\" class=\"wp-image-39260 size-full\" src=\"https:\/\/mouldking.store\/wp-content\/uploads\/2023\/01\/MOC-122847-Movie-14-Potion-Classroom-MOC-FACTORY.png\" alt=\"MOC-122847 1\/4 Potion Classroom With 1084 Pieces\" width=\"1004\" height=\"1004\" title=\"-\"><figcaption id=\"caption-attachment-39260\" class=\"wp-caption-text\">MOC-122847 Salle de classe de potion 1\/4 avec 1084 pi\u00e8ces<\/figcaption><\/figure>\n<figure id=\"attachment_39261\" aria-describedby=\"caption-attachment-39261\" style=\"width: 683px\" class=\"wp-caption aligncenter\"><img decoding=\"async\" class=\"wp-image-39261 size-full\" src=\"https:\/\/mouldking.store\/wp-content\/uploads\/2023\/01\/14-Potion-Classroom-MOC-122847-2.png\" alt=\"MOC-122847 1\/4 Potion Classroom With 1084 Pieces\" width=\"683\" height=\"501\" title=\"-\"><figcaption id=\"caption-attachment-39261\" class=\"wp-caption-text\">MOC-122847 Salle de classe de potion 1\/4 avec 1084 pi\u00e8ces<\/figcaption><\/figure>\n<figure id=\"attachment_39262\" aria-describedby=\"caption-attachment-39262\" style=\"width: 683px\" class=\"wp-caption aligncenter\"><img decoding=\"async\" class=\"wp-image-39262 size-full\" src=\"https:\/\/mouldking.store\/wp-content\/uploads\/2023\/01\/14-Potion-Classroom-MOC-122847-3.png\" alt=\"MOC-122847 1\/4 Potion Classroom With 1084 Pieces\" width=\"683\" height=\"501\" title=\"-\"><figcaption id=\"caption-attachment-39262\" class=\"wp-caption-text\">MOC-122847 Salle de classe de potion 1\/4 avec 1084 pi\u00e8ces<\/figcaption><\/figure>\n<figure id=\"attachment_39263\" aria-describedby=\"caption-attachment-39263\" style=\"width: 683px\" class=\"wp-caption aligncenter\"><img loading=\"lazy\" decoding=\"async\" class=\"wp-image-39263 size-full\" src=\"https:\/\/mouldking.store\/wp-content\/uploads\/2023\/01\/14-Potion-Classroom-MOC-122847-4.png\" alt=\"MOC-122847 1\/4 Potion Classroom With 1084 Pieces\" width=\"683\" height=\"501\" title=\"-\"><figcaption id=\"caption-attachment-39263\" class=\"wp-caption-text\">MOC-122847 Salle de classe de potion 1\/4 avec 1084 pi\u00e8ces<\/figcaption><\/figure>","protected":false},"excerpt":{"rendered":"<p>Instructions de construction PDF<\/p>\n<p>Sans bo\u00eete d&#039;origine<\/p>\n<p>Temps d&#039;arrangement\u00a0: 4 \u00e0 8\u00a0semaines<\/p>","protected":false},"featured_media":39260,"comment_status":"closed","ping_status":"closed","template":"","meta":{"_acf_changed":false},"product_cat":[1406,581],"product_tag":[10583,10587,10585,430,10582,10588,10581,10584,10586],"class_list":["product","first","instock","shipping-taxable","purchasable","product-type-simple"],"acf":[],"_links":{"self":[{"href":"https:\/\/mouldking.store\/fr\/wp-json\/wp\/v2\/product\/39259","targetHints":{"allow":["GET"]}}],"collection":[{"href":"https:\/\/mouldking.store\/fr\/wp-json\/wp\/v2\/product"}],"about":[{"href":"https:\/\/mouldking.store\/fr\/wp-json\/wp\/v2\/types\/product"}],"replies":[{"embeddable":true,"href":"https:\/\/mouldking.store\/fr\/wp-json\/wp\/v2\/comments?post=39259"}],"wp:featuredmedia":[{"embeddable":true,"href":"https:\/\/mouldking.store\/fr\/wp-json\/wp\/v2\/media\/39260"}],"wp:attachment":[{"href":"https:\/\/mouldking.store\/fr\/wp-json\/wp\/v2\/media?parent=39259"}],"wp:term":[{"taxonomy":"product_cat","embeddable":true,"href":"https:\/\/mouldking.store\/fr\/wp-json\/wp\/v2\/product_cat?post=39259"},{"taxonomy":"product_tag","embeddable":true,"href":"https:\/\/mouldking.store\/fr\/wp-json\/wp\/v2\/product_tag?post=39259"}],"curies":[{"name":"wp","href":"https:\/\/api.w.org\/{rel}","templated":true}]}}