{"id":39275,"date":"2023-01-03T14:15:45","date_gmt":"2023-01-03T07:15:45","guid":{"rendered":"https:\/\/mouldking.store\/?post_type=product&#038;p=39275"},"modified":"2025-12-25T09:11:53","modified_gmt":"2025-12-25T02:11:53","slug":"moc-124887-4-4-divination-classroom-with-672-pieces","status":"publish","type":"product","link":"https:\/\/mouldking.store\/fr\/shop\/moc-124887-4-4-divination-classroom-with-672-pieces\/","title":{"rendered":"MOC-124887 Salle de divination 4\/4 avec 672 pi\u00e8ces"},"content":{"rendered":"<ol>\n<li>Marque : MOC<\/li>\n<li>Genre: Unisexe<\/li>\n<li>Nom\u00a0: 4\/4 Divination Classroom<\/li>\n<li>Tranche d&#039;\u00e2ge : &gt; 6 ans<\/li>\n<li>Num\u00e9ro de mod\u00e8le: 124887<\/li>\n<li>Classement : Assemblage<\/li>\n<li>Forme de bloc en plastique\u00a0: briques autobloquantes<\/li>\n<li>Mat\u00e9riel: Plastique<\/li>\n<li>Type de plastique : ABS<\/li>\n<li>Blocs de briques : 672 pi\u00e8ces<\/li>\n<li>Contient des instructions de montage d\u00e9taill\u00e9es.<\/li>\n<\/ol>\n<p>Avis:<br \/>\n1. Sans bo\u00eete d&#039;origine, mais nous garantissons que nos produits ont une assurance qualit\u00e9 et un bel emballage.<br \/>\n2. Comme toutes les pi\u00e8ces que nous avons v\u00e9rifi\u00e9es avant l&#039;exp\u00e9dition, donc si vous trouvez des pi\u00e8ces manquantes ou endommag\u00e9es, ne vous inqui\u00e9tez pas et veuillez nous contacter et nous pouvons vous les renvoyer imm\u00e9diatement gratuitement.<\/p>\n<figure id=\"attachment_39276\" aria-describedby=\"caption-attachment-39276\" style=\"width: 1004px\" class=\"wp-caption aligncenter\"><img fetchpriority=\"high\" decoding=\"async\" class=\"wp-image-39276 size-full\" src=\"https:\/\/mouldking.store\/wp-content\/uploads\/2023\/01\/MOC-124887-Movie-44-Divination-Classroom-MOC-FACTORY.png\" alt=\"MOC-124887 4\/4 Divination Classroom With 672 Pieces\" width=\"1004\" height=\"1004\" title=\"-\"><figcaption id=\"caption-attachment-39276\" class=\"wp-caption-text\">MOC-124887 Salle de divination 4\/4 avec 672 pi\u00e8ces<\/figcaption><\/figure>\n<figure id=\"attachment_39277\" aria-describedby=\"caption-attachment-39277\" style=\"width: 1000px\" class=\"wp-caption aligncenter\"><img decoding=\"async\" class=\"wp-image-39277 size-full\" src=\"https:\/\/mouldking.store\/wp-content\/uploads\/2023\/01\/44-Divination-Classroom-MOC-124887-2.png\" alt=\"MOC-124887 4\/4 Divination Classroom With 672 Pieces\" width=\"1000\" height=\"750\" title=\"-\"><figcaption id=\"caption-attachment-39277\" class=\"wp-caption-text\">MOC-124887 Salle de divination 4\/4 avec 672 pi\u00e8ces<\/figcaption><\/figure>\n<figure id=\"attachment_39278\" aria-describedby=\"caption-attachment-39278\" style=\"width: 800px\" class=\"wp-caption aligncenter\"><img decoding=\"async\" class=\"wp-image-39278 size-full\" src=\"https:\/\/mouldking.store\/wp-content\/uploads\/2023\/01\/44-Divination-Classroom-MOC-124887-3.png\" alt=\"MOC-124887 4\/4 Divination Classroom With 672 Pieces\" width=\"800\" height=\"600\" title=\"-\"><figcaption id=\"caption-attachment-39278\" class=\"wp-caption-text\">MOC-124887 Salle de divination 4\/4 avec 672 pi\u00e8ces<\/figcaption><\/figure>\n<figure id=\"attachment_39279\" aria-describedby=\"caption-attachment-39279\" style=\"width: 800px\" class=\"wp-caption aligncenter\"><img loading=\"lazy\" decoding=\"async\" class=\"wp-image-39279 size-full\" src=\"https:\/\/mouldking.store\/wp-content\/uploads\/2023\/01\/44-Divination-Classroom-MOC-124887-4.png\" alt=\"MOC-124887 4\/4 Divination Classroom With 672 Pieces\" width=\"800\" height=\"600\" title=\"-\"><figcaption id=\"caption-attachment-39279\" class=\"wp-caption-text\">MOC-124887 Salle de divination 4\/4 avec 672 pi\u00e8ces<\/figcaption><\/figure>\n<figure id=\"attachment_39280\" aria-describedby=\"caption-attachment-39280\" style=\"width: 800px\" class=\"wp-caption aligncenter\"><img loading=\"lazy\" decoding=\"async\" class=\"wp-image-39280 size-full\" src=\"https:\/\/mouldking.store\/wp-content\/uploads\/2023\/01\/44-Divination-Classroom-MOC-124887-5.png\" alt=\"MOC-124887 4\/4 Divination Classroom With 672 Pieces\" width=\"800\" height=\"600\" title=\"-\"><figcaption id=\"caption-attachment-39280\" class=\"wp-caption-text\">MOC-124887 Salle de divination 4\/4 avec 672 pi\u00e8ces<\/figcaption><\/figure>","protected":false},"excerpt":{"rendered":"<p>Instructions de construction PDF<\/p>\n<p>Sans bo\u00eete d&#039;origine<\/p>\n<p>Temps d&#039;arrangement\u00a0: 4 \u00e0 8\u00a0semaines<\/p>","protected":false},"featured_media":39276,"comment_status":"closed","ping_status":"closed","template":"","meta":{"_acf_changed":false},"product_cat":[581,1408],"product_tag":[10608,10611,10585,10609,10610,430,10607,10612,10606],"class_list":["product","first","instock","shipping-taxable","purchasable","product-type-simple"],"acf":[],"_links":{"self":[{"href":"https:\/\/mouldking.store\/fr\/wp-json\/wp\/v2\/product\/39275","targetHints":{"allow":["GET"]}}],"collection":[{"href":"https:\/\/mouldking.store\/fr\/wp-json\/wp\/v2\/product"}],"about":[{"href":"https:\/\/mouldking.store\/fr\/wp-json\/wp\/v2\/types\/product"}],"replies":[{"embeddable":true,"href":"https:\/\/mouldking.store\/fr\/wp-json\/wp\/v2\/comments?post=39275"}],"wp:featuredmedia":[{"embeddable":true,"href":"https:\/\/mouldking.store\/fr\/wp-json\/wp\/v2\/media\/39276"}],"wp:attachment":[{"href":"https:\/\/mouldking.store\/fr\/wp-json\/wp\/v2\/media?parent=39275"}],"wp:term":[{"taxonomy":"product_cat","embeddable":true,"href":"https:\/\/mouldking.store\/fr\/wp-json\/wp\/v2\/product_cat?post=39275"},{"taxonomy":"product_tag","embeddable":true,"href":"https:\/\/mouldking.store\/fr\/wp-json\/wp\/v2\/product_tag?post=39275"}],"curies":[{"name":"wp","href":"https:\/\/api.w.org\/{rel}","templated":true}]}}