{"id":39305,"date":"2023-01-03T15:05:08","date_gmt":"2023-01-03T08:05:08","guid":{"rendered":"https:\/\/mouldking.store\/?post_type=product&#038;p=39305"},"modified":"2025-12-25T09:11:53","modified_gmt":"2025-12-25T02:11:53","slug":"moc-122812-lion-knights-castle-bridge-with-2640-pieces","status":"publish","type":"product","link":"https:\/\/mouldking.store\/fr\/shop\/moc-122812-lion-knights-castle-bridge-with-2640-pieces\/","title":{"rendered":"MOC-122812 Pont du ch\u00e2teau des chevaliers du lion avec 2640 pi\u00e8ces"},"content":{"rendered":"<ol>\n<li>Marque : MOC<\/li>\n<li>Genre: Unisexe<\/li>\n<li>Name: Lion Knights\u2019 Castle Bridge<\/li>\n<li>Tranche d&#039;\u00e2ge : &gt; 6 ans<\/li>\n<li>Model Number: 122812<\/li>\n<li>Classement : Assemblage<\/li>\n<li>Forme de bloc en plastique\u00a0: briques autobloquantes<\/li>\n<li>Mat\u00e9riel: Plastique<\/li>\n<li>Type de plastique : ABS<\/li>\n<li>Bricks Blocks:2640 PCS<\/li>\n<li>Contient des instructions de montage d\u00e9taill\u00e9es.<\/li>\n<\/ol>\n<p>Avis:<br \/>\n1. Sans bo\u00eete d&#039;origine, mais nous garantissons que nos produits ont une assurance qualit\u00e9 et un bel emballage.<br \/>\n2. Comme toutes les pi\u00e8ces que nous avons v\u00e9rifi\u00e9es avant l&#039;exp\u00e9dition, donc si vous trouvez des pi\u00e8ces manquantes ou endommag\u00e9es, ne vous inqui\u00e9tez pas et veuillez nous contacter et nous pouvons vous les renvoyer imm\u00e9diatement gratuitement.<\/p>\n<figure id=\"attachment_39306\" aria-describedby=\"caption-attachment-39306\" style=\"width: 1004px\" class=\"wp-caption aligncenter\"><img fetchpriority=\"high\" decoding=\"async\" class=\"wp-image-39306 size-full\" src=\"https:\/\/mouldking.store\/wp-content\/uploads\/2023\/01\/MOC-122812-Creator-Lion-Knights-Castle-Bridge-MOC-FACTORY.png\" alt=\"MOC-122812 Lion Knights\u2019 Castle Bridge With 2640 Pieces\" width=\"1004\" height=\"1004\" title=\"-\"><figcaption id=\"caption-attachment-39306\" class=\"wp-caption-text\">MOC-122812 Pont du ch\u00e2teau des chevaliers du lion avec 2640 pi\u00e8ces<\/figcaption><\/figure>\n<figure id=\"attachment_39307\" aria-describedby=\"caption-attachment-39307\" style=\"width: 1000px\" class=\"wp-caption aligncenter\"><img decoding=\"async\" class=\"wp-image-39307 size-full\" src=\"https:\/\/mouldking.store\/wp-content\/uploads\/2023\/01\/Lion-Knights-Castle-Bridge-MOC-122812-2.jpg\" alt=\"MOC-122812 Lion Knights\u2019 Castle Bridge With 2640 Pieces\" width=\"1000\" height=\"750\" title=\"-\"><figcaption id=\"caption-attachment-39307\" class=\"wp-caption-text\">MOC-122812 Pont du ch\u00e2teau des chevaliers du lion avec 2640 pi\u00e8ces<\/figcaption><\/figure>\n<figure id=\"attachment_39308\" aria-describedby=\"caption-attachment-39308\" style=\"width: 800px\" class=\"wp-caption aligncenter\"><img decoding=\"async\" class=\"wp-image-39308 size-full\" src=\"https:\/\/mouldking.store\/wp-content\/uploads\/2023\/01\/Lion-Knights-Castle-Bridge-MOC-122812-3.jpg\" alt=\"MOC-122812 Lion Knights\u2019 Castle Bridge With 2640 Pieces\" width=\"800\" height=\"600\" title=\"-\"><figcaption id=\"caption-attachment-39308\" class=\"wp-caption-text\">MOC-122812 Pont du ch\u00e2teau des chevaliers du lion avec 2640 pi\u00e8ces<\/figcaption><\/figure>\n<figure id=\"attachment_39309\" aria-describedby=\"caption-attachment-39309\" style=\"width: 800px\" class=\"wp-caption aligncenter\"><img loading=\"lazy\" decoding=\"async\" class=\"wp-image-39309 size-full\" src=\"https:\/\/mouldking.store\/wp-content\/uploads\/2023\/01\/Lion-Knights-Castle-Bridge-MOC-122812-4.jpg\" alt=\"MOC-122812 Lion Knights\u2019 Castle Bridge With 2640 Pieces\" width=\"800\" height=\"600\" title=\"-\"><figcaption id=\"caption-attachment-39309\" class=\"wp-caption-text\">MOC-122812 Pont du ch\u00e2teau des chevaliers du lion avec 2640 pi\u00e8ces<\/figcaption><\/figure>\n<figure id=\"attachment_39310\" aria-describedby=\"caption-attachment-39310\" style=\"width: 800px\" class=\"wp-caption aligncenter\"><img loading=\"lazy\" decoding=\"async\" class=\"wp-image-39310 size-full\" src=\"https:\/\/mouldking.store\/wp-content\/uploads\/2023\/01\/Lion-Knights-Castle-Bridge-MOC-122812-5.jpg\" alt=\"MOC-122812 Lion Knights\u2019 Castle Bridge With 2640 Pieces\" width=\"800\" height=\"600\" title=\"-\"><figcaption id=\"caption-attachment-39310\" class=\"wp-caption-text\">MOC-122812 Pont du ch\u00e2teau des chevaliers du lion avec 2640 pi\u00e8ces<\/figcaption><\/figure>\n<figure id=\"attachment_39311\" aria-describedby=\"caption-attachment-39311\" style=\"width: 800px\" class=\"wp-caption aligncenter\"><img loading=\"lazy\" decoding=\"async\" class=\"wp-image-39311 size-full\" src=\"https:\/\/mouldking.store\/wp-content\/uploads\/2023\/01\/Lion-Knights-Castle-Bridge-MOC-122812-6.jpg\" alt=\"MOC-122812 Lion Knights\u2019 Castle Bridge With 2640 Pieces\" width=\"800\" height=\"600\" title=\"-\"><figcaption id=\"caption-attachment-39311\" class=\"wp-caption-text\">MOC-122812 Pont du ch\u00e2teau des chevaliers du lion avec 2640 pi\u00e8ces<\/figcaption><\/figure>\n<figure id=\"attachment_39312\" aria-describedby=\"caption-attachment-39312\" style=\"width: 1024px\" class=\"wp-caption aligncenter\"><img loading=\"lazy\" decoding=\"async\" class=\"wp-image-39312 size-full\" src=\"https:\/\/mouldking.store\/wp-content\/uploads\/2023\/01\/Lion-Knights-Castle-Bridge-MOC-122812-7.jpg\" alt=\"MOC-122812 Lion Knights\u2019 Castle Bridge With 2640 Pieces\" width=\"1024\" height=\"768\" title=\"-\"><figcaption id=\"caption-attachment-39312\" class=\"wp-caption-text\">MOC-122812 Pont du ch\u00e2teau des chevaliers du lion avec 2640 pi\u00e8ces<\/figcaption><\/figure>","protected":false},"excerpt":{"rendered":"<p>Instructions de construction PDF<\/p>\n<p>Sans bo\u00eete d&#039;origine<\/p>\n<p>Temps d&#039;arrangement\u00a0: 4 \u00e0 8\u00a0semaines<\/p>","protected":false},"featured_media":39306,"comment_status":"closed","ping_status":"closed","template":"","meta":{"_acf_changed":false},"product_cat":[1365,371],"product_tag":[10639,787,10641,6576,10453,10640,10642,430,10638,10643,10637],"class_list":["product","first","instock","shipping-taxable","purchasable","product-type-simple"],"acf":[],"_links":{"self":[{"href":"https:\/\/mouldking.store\/fr\/wp-json\/wp\/v2\/product\/39305","targetHints":{"allow":["GET"]}}],"collection":[{"href":"https:\/\/mouldking.store\/fr\/wp-json\/wp\/v2\/product"}],"about":[{"href":"https:\/\/mouldking.store\/fr\/wp-json\/wp\/v2\/types\/product"}],"replies":[{"embeddable":true,"href":"https:\/\/mouldking.store\/fr\/wp-json\/wp\/v2\/comments?post=39305"}],"wp:featuredmedia":[{"embeddable":true,"href":"https:\/\/mouldking.store\/fr\/wp-json\/wp\/v2\/media\/39306"}],"wp:attachment":[{"href":"https:\/\/mouldking.store\/fr\/wp-json\/wp\/v2\/media?parent=39305"}],"wp:term":[{"taxonomy":"product_cat","embeddable":true,"href":"https:\/\/mouldking.store\/fr\/wp-json\/wp\/v2\/product_cat?post=39305"},{"taxonomy":"product_tag","embeddable":true,"href":"https:\/\/mouldking.store\/fr\/wp-json\/wp\/v2\/product_tag?post=39305"}],"curies":[{"name":"wp","href":"https:\/\/api.w.org\/{rel}","templated":true}]}}