{"id":39313,"date":"2023-01-03T15:12:47","date_gmt":"2023-01-03T08:12:47","guid":{"rendered":"https:\/\/mouldking.store\/?post_type=product&#038;p=39313"},"modified":"2025-12-25T09:11:53","modified_gmt":"2025-12-25T02:11:53","slug":"moc-89513-duel-on-exegol-with-1050-pieces","status":"publish","type":"product","link":"https:\/\/mouldking.store\/fr\/shop\/moc-89513-duel-on-exegol-with-1050-pieces\/","title":{"rendered":"MOC-89513 Duel On Exegol With 1050 Pieces"},"content":{"rendered":"<ol>\n<li>Marque : MOC<\/li>\n<li>Genre: Unisexe<\/li>\n<li>Name: Duel On Exegol<\/li>\n<li>Tranche d&#039;\u00e2ge : &gt; 6 ans<\/li>\n<li>Model Number: 89513<\/li>\n<li>Classement : Assemblage<\/li>\n<li>Forme de bloc en plastique\u00a0: briques autobloquantes<\/li>\n<li>Mat\u00e9riel: Plastique<\/li>\n<li>Type de plastique : ABS<\/li>\n<li>Bricks Blocks:1050 PCS<\/li>\n<li>Contient des instructions de montage d\u00e9taill\u00e9es.<\/li>\n<\/ol>\n<p>Avis:<br \/>\n1. Sans bo\u00eete d&#039;origine, mais nous garantissons que nos produits ont une assurance qualit\u00e9 et un bel emballage.<br \/>\n2. Comme toutes les pi\u00e8ces que nous avons v\u00e9rifi\u00e9es avant l&#039;exp\u00e9dition, donc si vous trouvez des pi\u00e8ces manquantes ou endommag\u00e9es, ne vous inqui\u00e9tez pas et veuillez nous contacter et nous pouvons vous les renvoyer imm\u00e9diatement gratuitement.<\/p>\n<figure id=\"attachment_39314\" aria-describedby=\"caption-attachment-39314\" style=\"width: 1004px\" class=\"wp-caption aligncenter\"><img fetchpriority=\"high\" decoding=\"async\" class=\"wp-image-39314 size-full\" src=\"https:\/\/mouldking.store\/wp-content\/uploads\/2023\/01\/MOC-89513-Star-Wars-Duel-On-Exegol-MOC-FACTORY.png\" alt=\"MOC-89513 Duel On Exegol With 1050 Pieces\" width=\"1004\" height=\"1004\" title=\"-\"><figcaption id=\"caption-attachment-39314\" class=\"wp-caption-text\">MOC-89513 Duel On Exegol With 1050 Pieces<\/figcaption><\/figure>\n<figure id=\"attachment_39315\" aria-describedby=\"caption-attachment-39315\" style=\"width: 1000px\" class=\"wp-caption aligncenter\"><img decoding=\"async\" class=\"wp-image-39315 size-full\" src=\"https:\/\/mouldking.store\/wp-content\/uploads\/2023\/01\/Duel-On-Exegol-MOC-89513-2.png\" alt=\"MOC-89513 Duel On Exegol With 1050 Pieces\" width=\"1000\" height=\"1000\" title=\"-\"><figcaption id=\"caption-attachment-39315\" class=\"wp-caption-text\">MOC-89513 Duel On Exegol With 1050 Pieces<\/figcaption><\/figure>\n<figure id=\"attachment_39316\" aria-describedby=\"caption-attachment-39316\" style=\"width: 1000px\" class=\"wp-caption aligncenter\"><img decoding=\"async\" class=\"wp-image-39316 size-full\" src=\"https:\/\/mouldking.store\/wp-content\/uploads\/2023\/01\/Duel-On-Exegol-MOC-89513-3.png\" alt=\"MOC-89513 Duel On Exegol With 1050 Pieces\" width=\"1000\" height=\"1000\" title=\"-\"><figcaption id=\"caption-attachment-39316\" class=\"wp-caption-text\">MOC-89513 Duel On Exegol With 1050 Pieces<\/figcaption><\/figure>\n<figure id=\"attachment_39317\" aria-describedby=\"caption-attachment-39317\" style=\"width: 1000px\" class=\"wp-caption aligncenter\"><img loading=\"lazy\" decoding=\"async\" class=\"wp-image-39317 size-full\" src=\"https:\/\/mouldking.store\/wp-content\/uploads\/2023\/01\/Duel-On-Exegol-MOC-89513-4.png\" alt=\"MOC-89513 Duel On Exegol With 1050 Pieces\" width=\"1000\" height=\"1000\" title=\"-\"><figcaption id=\"caption-attachment-39317\" class=\"wp-caption-text\">MOC-89513 Duel On Exegol With 1050 Pieces<\/figcaption><\/figure>\n<figure id=\"attachment_39318\" aria-describedby=\"caption-attachment-39318\" style=\"width: 1000px\" class=\"wp-caption aligncenter\"><img loading=\"lazy\" decoding=\"async\" class=\"wp-image-39318 size-full\" src=\"https:\/\/mouldking.store\/wp-content\/uploads\/2023\/01\/Duel-On-Exegol-MOC-89513-5.png\" alt=\"MOC-89513 Duel On Exegol With 1050 Pieces\" width=\"1000\" height=\"1000\" title=\"-\"><figcaption id=\"caption-attachment-39318\" class=\"wp-caption-text\">MOC-89513 Duel On Exegol With 1050 Pieces<\/figcaption><\/figure>\n<figure id=\"attachment_39319\" aria-describedby=\"caption-attachment-39319\" style=\"width: 1000px\" class=\"wp-caption aligncenter\"><img loading=\"lazy\" decoding=\"async\" class=\"wp-image-39319 size-full\" src=\"https:\/\/mouldking.store\/wp-content\/uploads\/2023\/01\/Duel-On-Exegol-MOC-89513-6.png\" alt=\"MOC-89513 Duel On Exegol With 1050 Pieces\" width=\"1000\" height=\"1000\" title=\"-\"><figcaption id=\"caption-attachment-39319\" class=\"wp-caption-text\">MOC-89513 Duel On Exegol With 1050 Pieces<\/figcaption><\/figure>","protected":false},"excerpt":{"rendered":"<p>Instructions de construction PDF<\/p>\n<p>Sans bo\u00eete d&#039;origine<\/p>\n<p>Temps d&#039;arrangement\u00a0: 4 \u00e0 8\u00a0semaines<\/p>","protected":false},"featured_media":39314,"comment_status":"closed","ping_status":"closed","template":"","meta":{"_acf_changed":false},"product_cat":[415],"product_tag":[10646,10648,10647,430,10645,10649,10644],"class_list":["product","first","instock","shipping-taxable","purchasable","product-type-simple"],"acf":[],"_links":{"self":[{"href":"https:\/\/mouldking.store\/fr\/wp-json\/wp\/v2\/product\/39313","targetHints":{"allow":["GET"]}}],"collection":[{"href":"https:\/\/mouldking.store\/fr\/wp-json\/wp\/v2\/product"}],"about":[{"href":"https:\/\/mouldking.store\/fr\/wp-json\/wp\/v2\/types\/product"}],"replies":[{"embeddable":true,"href":"https:\/\/mouldking.store\/fr\/wp-json\/wp\/v2\/comments?post=39313"}],"wp:featuredmedia":[{"embeddable":true,"href":"https:\/\/mouldking.store\/fr\/wp-json\/wp\/v2\/media\/39314"}],"wp:attachment":[{"href":"https:\/\/mouldking.store\/fr\/wp-json\/wp\/v2\/media?parent=39313"}],"wp:term":[{"taxonomy":"product_cat","embeddable":true,"href":"https:\/\/mouldking.store\/fr\/wp-json\/wp\/v2\/product_cat?post=39313"},{"taxonomy":"product_tag","embeddable":true,"href":"https:\/\/mouldking.store\/fr\/wp-json\/wp\/v2\/product_tag?post=39313"}],"curies":[{"name":"wp","href":"https:\/\/api.w.org\/{rel}","templated":true}]}}