{"id":39377,"date":"2023-01-03T16:45:22","date_gmt":"2023-01-03T09:45:22","guid":{"rendered":"https:\/\/mouldking.store\/?post_type=product&#038;p=39377"},"modified":"2025-12-25T09:11:50","modified_gmt":"2025-12-25T02:11:50","slug":"moc-126262-the-lord-of-the-rings-barad-dur-dark-tower-with-5996-pieces","status":"publish","type":"product","link":"https:\/\/mouldking.store\/fr\/shop\/moc-126262-the-lord-of-the-rings-barad-dur-dark-tower-with-5996-pieces\/","title":{"rendered":"MOC-126262 Le Seigneur des Anneaux Barad-d\u00fbr Tour Sombre Avec 5996 Pi\u00e8ces"},"content":{"rendered":"<ol>\n<li>Marque : MOC<\/li>\n<li>Genre: Unisexe<\/li>\n<li>Name: The Lord of the Rings Barad-d\u00fbr Dark Tower<\/li>\n<li>Tranche d&#039;\u00e2ge : &gt; 6 ans<\/li>\n<li>Model Number: 126262<\/li>\n<li>Classement : Assemblage<\/li>\n<li>Forme de bloc en plastique\u00a0: briques autobloquantes<\/li>\n<li>Mat\u00e9riel: Plastique<\/li>\n<li>Type de plastique : ABS<\/li>\n<li>Bricks Blocks:5996 PCS<\/li>\n<li>Size: 31 x 27 x 62 cm<\/li>\n<li>Contient des instructions de montage d\u00e9taill\u00e9es.<\/li>\n<\/ol>\n<p>Avis:<br \/>\n1. Sans bo\u00eete d&#039;origine, mais nous garantissons que nos produits ont une assurance qualit\u00e9 et un bel emballage.<br \/>\n2. Comme toutes les pi\u00e8ces que nous avons v\u00e9rifi\u00e9es avant l&#039;exp\u00e9dition, donc si vous trouvez des pi\u00e8ces manquantes ou endommag\u00e9es, ne vous inqui\u00e9tez pas et veuillez nous contacter et nous pouvons vous les renvoyer imm\u00e9diatement gratuitement.<\/p>\n<figure id=\"attachment_39378\" aria-describedby=\"caption-attachment-39378\" style=\"width: 1004px\" class=\"wp-caption aligncenter\"><img fetchpriority=\"high\" decoding=\"async\" class=\"wp-image-39378 size-full\" src=\"https:\/\/mouldking.store\/wp-content\/uploads\/2023\/01\/MOC-126262-Movie-The-Lord-of-the-Rings-Barad-dur-Dark-Tower-MOC-FACTORY.png\" alt=\"MOC-126262 The Lord of the Rings Barad-d\u00fbr Dark Tower With 5996 Pieces\" width=\"1004\" height=\"1004\" title=\"-\"><figcaption id=\"caption-attachment-39378\" class=\"wp-caption-text\">MOC-126262 Le Seigneur des Anneaux Barad-d\u00fbr Tour Sombre Avec 5996 Pi\u00e8ces<\/figcaption><\/figure>\n<figure id=\"attachment_39379\" aria-describedby=\"caption-attachment-39379\" style=\"width: 1080px\" class=\"wp-caption aligncenter\"><img decoding=\"async\" class=\"wp-image-39379 size-full\" src=\"https:\/\/mouldking.store\/wp-content\/uploads\/2023\/01\/The-Lord-of-the-Rings-Barad-dur-Dark-Tower-MOC-126262-2.png\" alt=\"MOC-126262 The Lord of the Rings Barad-d\u00fbr Dark Tower With 5996 Pieces\" width=\"1080\" height=\"1920\" title=\"-\"><figcaption id=\"caption-attachment-39379\" class=\"wp-caption-text\">MOC-126262 Le Seigneur des Anneaux Barad-d\u00fbr Tour Sombre Avec 5996 Pi\u00e8ces<\/figcaption><\/figure>\n<figure id=\"attachment_39380\" aria-describedby=\"caption-attachment-39380\" style=\"width: 4032px\" class=\"wp-caption aligncenter\"><img decoding=\"async\" class=\"wp-image-39380 size-full\" src=\"https:\/\/mouldking.store\/wp-content\/uploads\/2023\/01\/The-Lord-of-the-Rings-Barad-dur-Dark-Tower-MOC-126262-3.jpg\" alt=\"MOC-126262 The Lord of the Rings Barad-d\u00fbr Dark Tower With 5996 Pieces\" width=\"4032\" height=\"2268\" title=\"-\"><figcaption id=\"caption-attachment-39380\" class=\"wp-caption-text\">MOC-126262 Le Seigneur des Anneaux Barad-d\u00fbr Tour Sombre Avec 5996 Pi\u00e8ces<\/figcaption><\/figure>","protected":false},"excerpt":{"rendered":"<p>Instructions de construction PDF<\/p>\n<p>Sans bo\u00eete d&#039;origine<\/p>\n<p>Temps d&#039;arrangement\u00a0: 4 \u00e0 8\u00a0semaines<\/p>","protected":false},"featured_media":39378,"comment_status":"closed","ping_status":"closed","template":"","meta":{"_acf_changed":false},"product_cat":[415],"product_tag":[10711,10713,10712,430,10710,10715,10709,6169,10714],"class_list":["product","first","instock","shipping-taxable","purchasable","product-type-simple"],"acf":[],"_links":{"self":[{"href":"https:\/\/mouldking.store\/fr\/wp-json\/wp\/v2\/product\/39377","targetHints":{"allow":["GET"]}}],"collection":[{"href":"https:\/\/mouldking.store\/fr\/wp-json\/wp\/v2\/product"}],"about":[{"href":"https:\/\/mouldking.store\/fr\/wp-json\/wp\/v2\/types\/product"}],"replies":[{"embeddable":true,"href":"https:\/\/mouldking.store\/fr\/wp-json\/wp\/v2\/comments?post=39377"}],"wp:featuredmedia":[{"embeddable":true,"href":"https:\/\/mouldking.store\/fr\/wp-json\/wp\/v2\/media\/39378"}],"wp:attachment":[{"href":"https:\/\/mouldking.store\/fr\/wp-json\/wp\/v2\/media?parent=39377"}],"wp:term":[{"taxonomy":"product_cat","embeddable":true,"href":"https:\/\/mouldking.store\/fr\/wp-json\/wp\/v2\/product_cat?post=39377"},{"taxonomy":"product_tag","embeddable":true,"href":"https:\/\/mouldking.store\/fr\/wp-json\/wp\/v2\/product_tag?post=39377"}],"curies":[{"name":"wp","href":"https:\/\/api.w.org\/{rel}","templated":true}]}}