{"id":39411,"date":"2023-01-03T17:29:05","date_gmt":"2023-01-03T10:29:05","guid":{"rendered":"https:\/\/mouldking.store\/?post_type=product&#038;p=39411"},"modified":"2025-12-25T09:11:49","modified_gmt":"2025-12-25T02:11:49","slug":"moc-89508-horizon-zero-dawn-scrapper-with-219-pieces","status":"publish","type":"product","link":"https:\/\/mouldking.store\/fr\/shop\/moc-89508-horizon-zero-dawn-scrapper-with-219-pieces\/","title":{"rendered":"MOC-89508 Grattoir Horizon Zero Dawn avec 219 pi\u00e8ces"},"content":{"rendered":"<ol>\n<li>Marque : MOC<\/li>\n<li>Genre: Unisexe<\/li>\n<li>Nom : Horizon Zero Dawn Scrapper<\/li>\n<li>Tranche d&#039;\u00e2ge : &gt; 6 ans<\/li>\n<li>Num\u00e9ro de mod\u00e8le: 89508<\/li>\n<li>Classement : Assemblage<\/li>\n<li>Forme de bloc en plastique\u00a0: briques autobloquantes<\/li>\n<li>Mat\u00e9riel: Plastique<\/li>\n<li>Type de plastique : ABS<\/li>\n<li>Blocs de briques : 219 pi\u00e8ces<\/li>\n<li>Taille : 7,7 x 13,2 x 9,8 cm<\/li>\n<li>Contient des instructions de montage d\u00e9taill\u00e9es.<\/li>\n<\/ol>\n<p>Avis:<br \/>\n1. Sans bo\u00eete d&#039;origine, mais nous garantissons que nos produits ont une assurance qualit\u00e9 et un bel emballage.<br \/>\n2. Comme toutes les pi\u00e8ces que nous avons v\u00e9rifi\u00e9es avant l&#039;exp\u00e9dition, donc si vous trouvez des pi\u00e8ces manquantes ou endommag\u00e9es, ne vous inqui\u00e9tez pas et veuillez nous contacter et nous pouvons vous les renvoyer imm\u00e9diatement gratuitement.<\/p>\n<figure id=\"attachment_39412\" aria-describedby=\"caption-attachment-39412\" style=\"width: 1004px\" class=\"wp-caption aligncenter\"><img fetchpriority=\"high\" decoding=\"async\" class=\"wp-image-39412 size-full\" src=\"https:\/\/mouldking.store\/wp-content\/uploads\/2023\/01\/MOC-89508-Creator-Horizon-Zero-Dawn-Scrapper-MOC-FACTORY.png\" alt=\"MOC-89508 Horizon Zero Dawn Scrapper With 219 Pieces\" width=\"1004\" height=\"1004\" title=\"-\"><figcaption id=\"caption-attachment-39412\" class=\"wp-caption-text\">MOC-89508 Grattoir Horizon Zero Dawn avec 219 pi\u00e8ces<\/figcaption><\/figure>\n<figure id=\"attachment_39413\" aria-describedby=\"caption-attachment-39413\" style=\"width: 800px\" class=\"wp-caption aligncenter\"><img decoding=\"async\" class=\"wp-image-39413 size-full\" src=\"https:\/\/mouldking.store\/wp-content\/uploads\/2023\/01\/Horizon-Zero-Dawn-Scrapper-MOC-89508-2.jpg\" alt=\"MOC-89508 Horizon Zero Dawn Scrapper With 219 Pieces\" width=\"800\" height=\"800\" title=\"-\"><figcaption id=\"caption-attachment-39413\" class=\"wp-caption-text\">MOC-89508 Grattoir Horizon Zero Dawn avec 219 pi\u00e8ces<\/figcaption><\/figure>\n<figure id=\"attachment_39414\" aria-describedby=\"caption-attachment-39414\" style=\"width: 800px\" class=\"wp-caption aligncenter\"><img decoding=\"async\" class=\"wp-image-39414 size-full\" src=\"https:\/\/mouldking.store\/wp-content\/uploads\/2023\/01\/Horizon-Zero-Dawn-Scrapper-MOC-89508-3.jpg\" alt=\"MOC-89508 Horizon Zero Dawn Scrapper With 219 Pieces\" width=\"800\" height=\"800\" title=\"-\"><figcaption id=\"caption-attachment-39414\" class=\"wp-caption-text\">MOC-89508 Grattoir Horizon Zero Dawn avec 219 pi\u00e8ces<\/figcaption><\/figure>\n<figure id=\"attachment_39415\" aria-describedby=\"caption-attachment-39415\" style=\"width: 800px\" class=\"wp-caption aligncenter\"><img loading=\"lazy\" decoding=\"async\" class=\"wp-image-39415 size-full\" src=\"https:\/\/mouldking.store\/wp-content\/uploads\/2023\/01\/Horizon-Zero-Dawn-Scrapper-MOC-89508-4.jpg\" alt=\"MOC-89508 Horizon Zero Dawn Scrapper With 219 Pieces\" width=\"800\" height=\"800\" title=\"-\"><figcaption id=\"caption-attachment-39415\" class=\"wp-caption-text\">MOC-89508 Grattoir Horizon Zero Dawn avec 219 pi\u00e8ces<\/figcaption><\/figure>\n<figure id=\"attachment_39416\" aria-describedby=\"caption-attachment-39416\" style=\"width: 800px\" class=\"wp-caption aligncenter\"><img loading=\"lazy\" decoding=\"async\" class=\"wp-image-39416 size-full\" src=\"https:\/\/mouldking.store\/wp-content\/uploads\/2023\/01\/Horizon-Zero-Dawn-Scrapper-MOC-89508-5.jpg\" alt=\"MOC-89508 Horizon Zero Dawn Scrapper With 219 Pieces\" width=\"800\" height=\"800\" title=\"-\"><figcaption id=\"caption-attachment-39416\" class=\"wp-caption-text\">MOC-89508 Grattoir Horizon Zero Dawn avec 219 pi\u00e8ces<\/figcaption><\/figure>\n<figure id=\"attachment_39417\" aria-describedby=\"caption-attachment-39417\" style=\"width: 800px\" class=\"wp-caption aligncenter\"><img loading=\"lazy\" decoding=\"async\" class=\"wp-image-39417 size-full\" src=\"https:\/\/mouldking.store\/wp-content\/uploads\/2023\/01\/Horizon-Zero-Dawn-Scrapper-MOC-89508-6.jpg\" alt=\"MOC-89508 Horizon Zero Dawn Scrapper With 219 Pieces\" width=\"800\" height=\"800\" title=\"-\"><figcaption id=\"caption-attachment-39417\" class=\"wp-caption-text\">MOC-89508 Grattoir Horizon Zero Dawn avec 219 pi\u00e8ces<\/figcaption><\/figure>\n<figure id=\"attachment_39418\" aria-describedby=\"caption-attachment-39418\" style=\"width: 800px\" class=\"wp-caption aligncenter\"><img loading=\"lazy\" decoding=\"async\" class=\"wp-image-39418 size-full\" src=\"https:\/\/mouldking.store\/wp-content\/uploads\/2023\/01\/Horizon-Zero-Dawn-Scrapper-MOC-89508-7.jpg\" alt=\"MOC-89508 Horizon Zero Dawn Scrapper With 219 Pieces\" width=\"800\" height=\"800\" title=\"-\"><figcaption id=\"caption-attachment-39418\" class=\"wp-caption-text\">MOC-89508 Grattoir Horizon Zero Dawn avec 219 pi\u00e8ces<\/figcaption><\/figure>\n<figure id=\"attachment_39419\" aria-describedby=\"caption-attachment-39419\" style=\"width: 800px\" class=\"wp-caption aligncenter\"><img loading=\"lazy\" decoding=\"async\" class=\"wp-image-39419 size-full\" src=\"https:\/\/mouldking.store\/wp-content\/uploads\/2023\/01\/Horizon-Zero-Dawn-Scrapper-MOC-89508-8.jpg\" alt=\"MOC-89508 Horizon Zero Dawn Scrapper With 219 Pieces\" width=\"800\" height=\"800\" title=\"-\"><figcaption id=\"caption-attachment-39419\" class=\"wp-caption-text\">MOC-89508 Grattoir Horizon Zero Dawn avec 219 pi\u00e8ces<\/figcaption><\/figure>\n<figure id=\"attachment_39420\" aria-describedby=\"caption-attachment-39420\" style=\"width: 800px\" class=\"wp-caption aligncenter\"><img loading=\"lazy\" decoding=\"async\" class=\"wp-image-39420 size-full\" src=\"https:\/\/mouldking.store\/wp-content\/uploads\/2023\/01\/Horizon-Zero-Dawn-Scrapper-MOC-89508-9.jpg\" alt=\"MOC-89508 Horizon Zero Dawn Scrapper With 219 Pieces\" width=\"800\" height=\"800\" title=\"-\"><figcaption id=\"caption-attachment-39420\" class=\"wp-caption-text\">MOC-89508 Grattoir Horizon Zero Dawn avec 219 pi\u00e8ces<\/figcaption><\/figure>\n<figure id=\"attachment_39421\" aria-describedby=\"caption-attachment-39421\" style=\"width: 800px\" class=\"wp-caption aligncenter\"><img loading=\"lazy\" decoding=\"async\" class=\"wp-image-39421 size-full\" src=\"https:\/\/mouldking.store\/wp-content\/uploads\/2023\/01\/Horizon-Zero-Dawn-Scrapper-MOC-89508-10.jpg\" alt=\"MOC-89508 Horizon Zero Dawn Scrapper With 219 Pieces\" width=\"800\" height=\"800\" title=\"-\"><figcaption id=\"caption-attachment-39421\" class=\"wp-caption-text\">MOC-89508 Grattoir Horizon Zero Dawn avec 219 pi\u00e8ces<\/figcaption><\/figure>","protected":false},"excerpt":{"rendered":"<p>Brand: MOC Gender: Unisex Name: Horizon Zero Dawn Scrapper Age Range: &gt; 6 years old Model Number: 89508 Classification: Assemblage Plastic Block Shape: Self-Locking Bricks Material: Plastic Plastic Type: ABS Bricks Blocks:219 PCS Size: 7.7 x 13.2 x 9.8 cm Contains detailed assembly instructions. Notice: 1. Without an original box, but we guarantee our products [&hellip;]<\/p>","protected":false},"featured_media":39412,"comment_status":"closed","ping_status":"closed","template":"","meta":{"_acf_changed":false},"product_cat":[1365,1406,371],"product_tag":[8168,5808,10755,430,10753,10756,10752,10754,8169],"class_list":["product","first","instock","shipping-taxable","purchasable","product-type-simple"],"acf":[],"_links":{"self":[{"href":"https:\/\/mouldking.store\/fr\/wp-json\/wp\/v2\/product\/39411","targetHints":{"allow":["GET"]}}],"collection":[{"href":"https:\/\/mouldking.store\/fr\/wp-json\/wp\/v2\/product"}],"about":[{"href":"https:\/\/mouldking.store\/fr\/wp-json\/wp\/v2\/types\/product"}],"replies":[{"embeddable":true,"href":"https:\/\/mouldking.store\/fr\/wp-json\/wp\/v2\/comments?post=39411"}],"wp:featuredmedia":[{"embeddable":true,"href":"https:\/\/mouldking.store\/fr\/wp-json\/wp\/v2\/media\/39412"}],"wp:attachment":[{"href":"https:\/\/mouldking.store\/fr\/wp-json\/wp\/v2\/media?parent=39411"}],"wp:term":[{"taxonomy":"product_cat","embeddable":true,"href":"https:\/\/mouldking.store\/fr\/wp-json\/wp\/v2\/product_cat?post=39411"},{"taxonomy":"product_tag","embeddable":true,"href":"https:\/\/mouldking.store\/fr\/wp-json\/wp\/v2\/product_tag?post=39411"}],"curies":[{"name":"wp","href":"https:\/\/api.w.org\/{rel}","templated":true}]}}