{"id":39437,"date":"2023-01-03T17:47:56","date_gmt":"2023-01-03T10:47:56","guid":{"rendered":"https:\/\/mouldking.store\/?post_type=product&#038;p=39437"},"modified":"2025-12-25T09:11:49","modified_gmt":"2025-12-25T02:11:49","slug":"moc-128416-baba-yaga-hut-with-354-pieces","status":"publish","type":"product","link":"https:\/\/mouldking.store\/fr\/shop\/moc-128416-baba-yaga-hut-with-354-pieces\/","title":{"rendered":"MOC-128416 Cabane Baba Yaga avec 354 pi\u00e8ces"},"content":{"rendered":"<ol>\n<li>Marque : MOC<\/li>\n<li>Genre: Unisexe<\/li>\n<li>Name: Baba Yaga Hut<\/li>\n<li>Tranche d&#039;\u00e2ge : &gt; 6 ans<\/li>\n<li>Model Number: 128416<\/li>\n<li>Classement : Assemblage<\/li>\n<li>Forme de bloc en plastique\u00a0: briques autobloquantes<\/li>\n<li>Mat\u00e9riel: Plastique<\/li>\n<li>Type de plastique : ABS<\/li>\n<li>Bricks Blocks:354 PCS<\/li>\n<li>Size: 10.9 x 9.8 x 21.7 cm<\/li>\n<li>Contient des instructions de montage d\u00e9taill\u00e9es.<\/li>\n<\/ol>\n<p>Avis:<br \/>\n1. Sans bo\u00eete d&#039;origine, mais nous garantissons que nos produits ont une assurance qualit\u00e9 et un bel emballage.<br \/>\n2. Comme toutes les pi\u00e8ces que nous avons v\u00e9rifi\u00e9es avant l&#039;exp\u00e9dition, donc si vous trouvez des pi\u00e8ces manquantes ou endommag\u00e9es, ne vous inqui\u00e9tez pas et veuillez nous contacter et nous pouvons vous les renvoyer imm\u00e9diatement gratuitement.<\/p>\n<figure id=\"attachment_39438\" aria-describedby=\"caption-attachment-39438\" style=\"width: 1004px\" class=\"wp-caption aligncenter\"><img fetchpriority=\"high\" decoding=\"async\" class=\"wp-image-39438 size-full\" src=\"https:\/\/mouldking.store\/wp-content\/uploads\/2023\/01\/MOC-128416-Creator-Baba-Yaga-Hut-MOC-FACTORY.png\" alt=\"MOC-128416 Baba Yaga Hut With 354 Pieces\" width=\"1004\" height=\"1004\" title=\"-\"><figcaption id=\"caption-attachment-39438\" class=\"wp-caption-text\">MOC-128416 Cabane Baba Yaga avec 354 pi\u00e8ces<\/figcaption><\/figure>\n<figure id=\"attachment_39439\" aria-describedby=\"caption-attachment-39439\" style=\"width: 800px\" class=\"wp-caption aligncenter\"><img decoding=\"async\" class=\"wp-image-39439 size-full\" src=\"https:\/\/mouldking.store\/wp-content\/uploads\/2023\/01\/Baba-Yaga-Hut-MOC-128416-2.jpg\" alt=\"MOC-128416 Baba Yaga Hut With 354 Pieces\" width=\"800\" height=\"800\" title=\"-\"><figcaption id=\"caption-attachment-39439\" class=\"wp-caption-text\">MOC-128416 Cabane Baba Yaga avec 354 pi\u00e8ces<\/figcaption><\/figure>\n<figure id=\"attachment_39440\" aria-describedby=\"caption-attachment-39440\" style=\"width: 800px\" class=\"wp-caption aligncenter\"><img decoding=\"async\" class=\"wp-image-39440 size-full\" src=\"https:\/\/mouldking.store\/wp-content\/uploads\/2023\/01\/Baba-Yaga-Hut-MOC-128416-3.jpg\" alt=\"MOC-128416 Baba Yaga Hut With 354 Pieces\" width=\"800\" height=\"800\" title=\"-\"><figcaption id=\"caption-attachment-39440\" class=\"wp-caption-text\">MOC-128416 Cabane Baba Yaga avec 354 pi\u00e8ces<\/figcaption><\/figure>\n<figure id=\"attachment_39441\" aria-describedby=\"caption-attachment-39441\" style=\"width: 800px\" class=\"wp-caption aligncenter\"><img loading=\"lazy\" decoding=\"async\" class=\"wp-image-39441 size-full\" src=\"https:\/\/mouldking.store\/wp-content\/uploads\/2023\/01\/Baba-Yaga-Hut-MOC-128416-4.jpg\" alt=\"MOC-128416 Baba Yaga Hut With 354 Pieces\" width=\"800\" height=\"800\" title=\"-\"><figcaption id=\"caption-attachment-39441\" class=\"wp-caption-text\">MOC-128416 Cabane Baba Yaga avec 354 pi\u00e8ces<\/figcaption><\/figure>\n<figure id=\"attachment_39442\" aria-describedby=\"caption-attachment-39442\" style=\"width: 800px\" class=\"wp-caption aligncenter\"><img loading=\"lazy\" decoding=\"async\" class=\"wp-image-39442 size-full\" src=\"https:\/\/mouldking.store\/wp-content\/uploads\/2023\/01\/Baba-Yaga-Hut-MOC-128416-5.jpg\" alt=\"MOC-128416 Baba Yaga Hut With 354 Pieces\" width=\"800\" height=\"800\" title=\"-\"><figcaption id=\"caption-attachment-39442\" class=\"wp-caption-text\">MOC-128416 Cabane Baba Yaga avec 354 pi\u00e8ces<\/figcaption><\/figure>\n<figure id=\"attachment_39443\" aria-describedby=\"caption-attachment-39443\" style=\"width: 800px\" class=\"wp-caption aligncenter\"><img loading=\"lazy\" decoding=\"async\" class=\"wp-image-39443 size-full\" src=\"https:\/\/mouldking.store\/wp-content\/uploads\/2023\/01\/Baba-Yaga-Hut-MOC-128416-6.jpg\" alt=\"MOC-128416 Baba Yaga Hut With 354 Pieces\" width=\"800\" height=\"800\" title=\"-\"><figcaption id=\"caption-attachment-39443\" class=\"wp-caption-text\">MOC-128416 Cabane Baba Yaga avec 354 pi\u00e8ces<\/figcaption><\/figure>\n<figure id=\"attachment_39444\" aria-describedby=\"caption-attachment-39444\" style=\"width: 800px\" class=\"wp-caption aligncenter\"><img loading=\"lazy\" decoding=\"async\" class=\"wp-image-39444 size-full\" src=\"https:\/\/mouldking.store\/wp-content\/uploads\/2023\/01\/Baba-Yaga-Hut-MOC-128416-7.jpg\" alt=\"MOC-128416 Baba Yaga Hut With 354 Pieces\" width=\"800\" height=\"800\" title=\"-\"><figcaption id=\"caption-attachment-39444\" class=\"wp-caption-text\">MOC-128416 Cabane Baba Yaga avec 354 pi\u00e8ces<\/figcaption><\/figure>\n<figure id=\"attachment_39445\" aria-describedby=\"caption-attachment-39445\" style=\"width: 800px\" class=\"wp-caption aligncenter\"><img loading=\"lazy\" decoding=\"async\" class=\"wp-image-39445 size-full\" src=\"https:\/\/mouldking.store\/wp-content\/uploads\/2023\/01\/Baba-Yaga-Hut-MOC-128416-8.jpg\" alt=\"MOC-128416 Baba Yaga Hut With 354 Pieces\" width=\"800\" height=\"800\" title=\"-\"><figcaption id=\"caption-attachment-39445\" class=\"wp-caption-text\">MOC-128416 Cabane Baba Yaga avec 354 pi\u00e8ces<\/figcaption><\/figure>\n<figure id=\"attachment_39446\" aria-describedby=\"caption-attachment-39446\" style=\"width: 800px\" class=\"wp-caption aligncenter\"><img loading=\"lazy\" decoding=\"async\" class=\"wp-image-39446 size-full\" src=\"https:\/\/mouldking.store\/wp-content\/uploads\/2023\/01\/Baba-Yaga-Hut-MOC-128416-9.jpg\" alt=\"MOC-128416 Baba Yaga Hut With 354 Pieces\" width=\"800\" height=\"800\" title=\"-\"><figcaption id=\"caption-attachment-39446\" class=\"wp-caption-text\">MOC-128416 Cabane Baba Yaga avec 354 pi\u00e8ces<\/figcaption><\/figure>\n<figure id=\"attachment_39447\" aria-describedby=\"caption-attachment-39447\" style=\"width: 800px\" class=\"wp-caption aligncenter\"><img loading=\"lazy\" decoding=\"async\" class=\"wp-image-39447 size-full\" src=\"https:\/\/mouldking.store\/wp-content\/uploads\/2023\/01\/Baba-Yaga-Hut-MOC-128416-10.jpg\" alt=\"MOC-128416 Baba Yaga Hut With 354 Pieces\" width=\"800\" height=\"800\" title=\"-\"><figcaption id=\"caption-attachment-39447\" class=\"wp-caption-text\">MOC-128416 Cabane Baba Yaga avec 354 pi\u00e8ces<\/figcaption><\/figure>\n<figure id=\"attachment_39448\" aria-describedby=\"caption-attachment-39448\" style=\"width: 800px\" class=\"wp-caption aligncenter\"><img loading=\"lazy\" decoding=\"async\" class=\"wp-image-39448 size-full\" src=\"https:\/\/mouldking.store\/wp-content\/uploads\/2023\/01\/Baba-Yaga-Hut-MOC-128416-11.jpg\" alt=\"MOC-128416 Baba Yaga Hut With 354 Pieces\" width=\"800\" height=\"800\" title=\"-\"><figcaption id=\"caption-attachment-39448\" class=\"wp-caption-text\">MOC-128416 Cabane Baba Yaga avec 354 pi\u00e8ces<\/figcaption><\/figure>","protected":false},"excerpt":{"rendered":"<p>Brand: MOC Gender: Unisex Name: Baba Yaga Hut Age Range: &gt; 6 years old Model Number: 128416 Classification: Assemblage Plastic Block Shape: Self-Locking Bricks Material: Plastic Plastic Type: ABS Bricks Blocks:354 PCS Size: 10.9 x 9.8 x 21.7 cm Contains detailed assembly instructions. Notice: 1. Without an original box, but we guarantee our products have [&hellip;]<\/p>","protected":false},"featured_media":39438,"comment_status":"closed","ping_status":"closed","template":"","meta":{"_acf_changed":false},"product_cat":[1365,1406,371],"product_tag":[10764,10766,10767,2860,430,10763,10768,10762,10765],"class_list":["product","first","instock","shipping-taxable","purchasable","product-type-simple"],"acf":[],"_links":{"self":[{"href":"https:\/\/mouldking.store\/fr\/wp-json\/wp\/v2\/product\/39437","targetHints":{"allow":["GET"]}}],"collection":[{"href":"https:\/\/mouldking.store\/fr\/wp-json\/wp\/v2\/product"}],"about":[{"href":"https:\/\/mouldking.store\/fr\/wp-json\/wp\/v2\/types\/product"}],"replies":[{"embeddable":true,"href":"https:\/\/mouldking.store\/fr\/wp-json\/wp\/v2\/comments?post=39437"}],"wp:featuredmedia":[{"embeddable":true,"href":"https:\/\/mouldking.store\/fr\/wp-json\/wp\/v2\/media\/39438"}],"wp:attachment":[{"href":"https:\/\/mouldking.store\/fr\/wp-json\/wp\/v2\/media?parent=39437"}],"wp:term":[{"taxonomy":"product_cat","embeddable":true,"href":"https:\/\/mouldking.store\/fr\/wp-json\/wp\/v2\/product_cat?post=39437"},{"taxonomy":"product_tag","embeddable":true,"href":"https:\/\/mouldking.store\/fr\/wp-json\/wp\/v2\/product_tag?post=39437"}],"curies":[{"name":"wp","href":"https:\/\/api.w.org\/{rel}","templated":true}]}}