{"id":39449,"date":"2023-01-03T17:57:20","date_gmt":"2023-01-03T10:57:20","guid":{"rendered":"https:\/\/mouldking.store\/?post_type=product&#038;p=39449"},"modified":"2025-12-25T09:11:49","modified_gmt":"2025-12-25T02:11:49","slug":"moc-119970-b-29-superfortress-135-scale-wwii-long-range-bomber-with-3096-pieces","status":"publish","type":"product","link":"https:\/\/mouldking.store\/fr\/shop\/moc-119970-b-29-superfortress-135-scale-wwii-long-range-bomber-with-3096-pieces\/","title":{"rendered":"MOC-119970 B-29 Superfortress \u00c9chelle 1:35 Bombardier \u00e0 longue port\u00e9e de la Seconde Guerre mondiale avec 3096 pi\u00e8ces"},"content":{"rendered":"<ol>\n<li>Marque : MOC<\/li>\n<li>Genre: Unisexe<\/li>\n<li>Name: B-29 Superfortress 1:35 Scale WWII Long-Range Bomber<\/li>\n<li>Tranche d&#039;\u00e2ge : &gt; 6 ans<\/li>\n<li>Model Number: 119970<\/li>\n<li>Classement : Assemblage<\/li>\n<li>Forme de bloc en plastique\u00a0: briques autobloquantes<\/li>\n<li>Mat\u00e9riel: Plastique<\/li>\n<li>Type de plastique : ABS<\/li>\n<li>Bricks Blocks:3096 PCS<\/li>\n<li>Size: 112 x 80 x 25 cm<\/li>\n<li>Contient des instructions de montage d\u00e9taill\u00e9es.<\/li>\n<\/ol>\n<p>Avis:<br \/>\n1. Sans bo\u00eete d&#039;origine, mais nous garantissons que nos produits ont une assurance qualit\u00e9 et un bel emballage.<br \/>\n2. Comme toutes les pi\u00e8ces que nous avons v\u00e9rifi\u00e9es avant l&#039;exp\u00e9dition, donc si vous trouvez des pi\u00e8ces manquantes ou endommag\u00e9es, ne vous inqui\u00e9tez pas et veuillez nous contacter et nous pouvons vous les renvoyer imm\u00e9diatement gratuitement.<\/p>\n<figure id=\"attachment_39450\" aria-describedby=\"caption-attachment-39450\" style=\"width: 1004px\" class=\"wp-caption aligncenter\"><img fetchpriority=\"high\" decoding=\"async\" class=\"wp-image-39450 size-full\" src=\"https:\/\/mouldking.store\/wp-content\/uploads\/2023\/01\/MOC-119970-Military-B-29-Superfortress.png\" alt=\"MOC-119970 B-29 Superfortress 1:35 Scale WWII Long-Range Bomber With 3096 Pieces\" width=\"1004\" height=\"1004\" title=\"-\"><figcaption id=\"caption-attachment-39450\" class=\"wp-caption-text\">MOC-119970 B-29 Superfortress \u00c9chelle 1:35 Bombardier \u00e0 longue port\u00e9e de la Seconde Guerre mondiale avec 3096 pi\u00e8ces<\/figcaption><\/figure>\n<figure id=\"attachment_39451\" aria-describedby=\"caption-attachment-39451\" style=\"width: 800px\" class=\"wp-caption aligncenter\"><img decoding=\"async\" class=\"wp-image-39451 size-full\" src=\"https:\/\/mouldking.store\/wp-content\/uploads\/2023\/01\/B-29-Superfortress-1.jpg\" alt=\"MOC-119970 B-29 Superfortress 1:35 Scale WWII Long-Range Bomber With 3096 Pieces\" width=\"800\" height=\"800\" title=\"-\"><figcaption id=\"caption-attachment-39451\" class=\"wp-caption-text\">MOC-119970 B-29 Superfortress \u00c9chelle 1:35 Bombardier \u00e0 longue port\u00e9e de la Seconde Guerre mondiale avec 3096 pi\u00e8ces<\/figcaption><\/figure>\n<figure id=\"attachment_39452\" aria-describedby=\"caption-attachment-39452\" style=\"width: 800px\" class=\"wp-caption aligncenter\"><img decoding=\"async\" class=\"wp-image-39452 size-full\" src=\"https:\/\/mouldking.store\/wp-content\/uploads\/2023\/01\/B-29-Superfortress-2.jpg\" alt=\"MOC-119970 B-29 Superfortress 1:35 Scale WWII Long-Range Bomber With 3096 Pieces\" width=\"800\" height=\"800\" title=\"-\"><figcaption id=\"caption-attachment-39452\" class=\"wp-caption-text\">MOC-119970 B-29 Superfortress \u00c9chelle 1:35 Bombardier \u00e0 longue port\u00e9e de la Seconde Guerre mondiale avec 3096 pi\u00e8ces<\/figcaption><\/figure>\n<figure id=\"attachment_39453\" aria-describedby=\"caption-attachment-39453\" style=\"width: 800px\" class=\"wp-caption aligncenter\"><img loading=\"lazy\" decoding=\"async\" class=\"wp-image-39453 size-full\" src=\"https:\/\/mouldking.store\/wp-content\/uploads\/2023\/01\/B-29-Superfortress-3.jpg\" alt=\"MOC-119970 B-29 Superfortress 1:35 Scale WWII Long-Range Bomber With 3096 Pieces\" width=\"800\" height=\"800\" title=\"-\"><figcaption id=\"caption-attachment-39453\" class=\"wp-caption-text\">MOC-119970 B-29 Superfortress \u00c9chelle 1:35 Bombardier \u00e0 longue port\u00e9e de la Seconde Guerre mondiale avec 3096 pi\u00e8ces<\/figcaption><\/figure>\n<figure id=\"attachment_39454\" aria-describedby=\"caption-attachment-39454\" style=\"width: 800px\" class=\"wp-caption aligncenter\"><img loading=\"lazy\" decoding=\"async\" class=\"wp-image-39454 size-full\" src=\"https:\/\/mouldking.store\/wp-content\/uploads\/2023\/01\/B-29-Superfortress-4.jpg\" alt=\"MOC-119970 B-29 Superfortress 1:35 Scale WWII Long-Range Bomber With 3096 Pieces\" width=\"800\" height=\"800\" title=\"-\"><figcaption id=\"caption-attachment-39454\" class=\"wp-caption-text\">MOC-119970 B-29 Superfortress \u00c9chelle 1:35 Bombardier \u00e0 longue port\u00e9e de la Seconde Guerre mondiale avec 3096 pi\u00e8ces<\/figcaption><\/figure>\n<figure id=\"attachment_39455\" aria-describedby=\"caption-attachment-39455\" style=\"width: 800px\" class=\"wp-caption aligncenter\"><img loading=\"lazy\" decoding=\"async\" class=\"wp-image-39455 size-full\" src=\"https:\/\/mouldking.store\/wp-content\/uploads\/2023\/01\/B-29-Superfortress-5.jpg\" alt=\"MOC-119970 B-29 Superfortress 1:35 Scale WWII Long-Range Bomber With 3096 Pieces\" width=\"800\" height=\"800\" title=\"-\"><figcaption id=\"caption-attachment-39455\" class=\"wp-caption-text\">MOC-119970 B-29 Superfortress \u00c9chelle 1:35 Bombardier \u00e0 longue port\u00e9e de la Seconde Guerre mondiale avec 3096 pi\u00e8ces<\/figcaption><\/figure>\n<figure id=\"attachment_39456\" aria-describedby=\"caption-attachment-39456\" style=\"width: 800px\" class=\"wp-caption aligncenter\"><img loading=\"lazy\" decoding=\"async\" class=\"wp-image-39456 size-full\" src=\"https:\/\/mouldking.store\/wp-content\/uploads\/2023\/01\/B-29-Superfortress-6.jpg\" alt=\"MOC-119970 B-29 Superfortress 1:35 Scale WWII Long-Range Bomber With 3096 Pieces\" width=\"800\" height=\"800\" title=\"-\"><figcaption id=\"caption-attachment-39456\" class=\"wp-caption-text\">MOC-119970 B-29 Superfortress \u00c9chelle 1:35 Bombardier \u00e0 longue port\u00e9e de la Seconde Guerre mondiale avec 3096 pi\u00e8ces<\/figcaption><\/figure>\n<figure id=\"attachment_39457\" aria-describedby=\"caption-attachment-39457\" style=\"width: 800px\" class=\"wp-caption aligncenter\"><img loading=\"lazy\" decoding=\"async\" class=\"wp-image-39457 size-full\" src=\"https:\/\/mouldking.store\/wp-content\/uploads\/2023\/01\/B-29-Superfortress-7.jpg\" alt=\"MOC-119970 B-29 Superfortress 1:35 Scale WWII Long-Range Bomber With 3096 Pieces\" width=\"800\" height=\"800\" title=\"-\"><figcaption id=\"caption-attachment-39457\" class=\"wp-caption-text\">MOC-119970 B-29 Superfortress \u00c9chelle 1:35 Bombardier \u00e0 longue port\u00e9e de la Seconde Guerre mondiale avec 3096 pi\u00e8ces<\/figcaption><\/figure>\n<figure id=\"attachment_39458\" aria-describedby=\"caption-attachment-39458\" style=\"width: 800px\" class=\"wp-caption aligncenter\"><img loading=\"lazy\" decoding=\"async\" class=\"wp-image-39458 size-full\" src=\"https:\/\/mouldking.store\/wp-content\/uploads\/2023\/01\/B-29-Superfortress-8.jpg\" alt=\"MOC-119970 B-29 Superfortress 1:35 Scale WWII Long-Range Bomber With 3096 Pieces\" width=\"800\" height=\"1523\" title=\"-\"><figcaption id=\"caption-attachment-39458\" class=\"wp-caption-text\">MOC-119970 B-29 Superfortress \u00c9chelle 1:35 Bombardier \u00e0 longue port\u00e9e de la Seconde Guerre mondiale avec 3096 pi\u00e8ces<\/figcaption><\/figure>","protected":false},"excerpt":{"rendered":"<p>Brand: MOC Gender: Unisex Name: B-29 Superfortress 1:35 Scale WWII Long-Range Bomber Age Range: &gt; 6 years old Model Number: 119970 Classification: Assemblage Plastic Block Shape: Self-Locking Bricks Material: Plastic Plastic Type: ABS Bricks Blocks:3096 PCS Size: 112 x 80 x 25 cm Contains detailed assembly instructions. Notice: 1. Without an original box, but we [&hellip;]<\/p>","protected":false},"featured_media":39450,"comment_status":"closed","ping_status":"closed","template":"","meta":{"_acf_changed":false},"product_cat":[15],"product_tag":[10773,10777,10771,10778,10779,5533,10774,10775,430,10770,10780,10769,10772,3818,10776],"class_list":["product","first","instock","shipping-taxable","purchasable","product-type-simple"],"acf":[],"_links":{"self":[{"href":"https:\/\/mouldking.store\/fr\/wp-json\/wp\/v2\/product\/39449","targetHints":{"allow":["GET"]}}],"collection":[{"href":"https:\/\/mouldking.store\/fr\/wp-json\/wp\/v2\/product"}],"about":[{"href":"https:\/\/mouldking.store\/fr\/wp-json\/wp\/v2\/types\/product"}],"replies":[{"embeddable":true,"href":"https:\/\/mouldking.store\/fr\/wp-json\/wp\/v2\/comments?post=39449"}],"wp:featuredmedia":[{"embeddable":true,"href":"https:\/\/mouldking.store\/fr\/wp-json\/wp\/v2\/media\/39450"}],"wp:attachment":[{"href":"https:\/\/mouldking.store\/fr\/wp-json\/wp\/v2\/media?parent=39449"}],"wp:term":[{"taxonomy":"product_cat","embeddable":true,"href":"https:\/\/mouldking.store\/fr\/wp-json\/wp\/v2\/product_cat?post=39449"},{"taxonomy":"product_tag","embeddable":true,"href":"https:\/\/mouldking.store\/fr\/wp-json\/wp\/v2\/product_tag?post=39449"}],"curies":[{"name":"wp","href":"https:\/\/api.w.org\/{rel}","templated":true}]}}