{"id":39600,"date":"2023-01-06T15:21:25","date_gmt":"2023-01-06T08:21:25","guid":{"rendered":"https:\/\/mouldking.store\/?post_type=product&#038;p=39600"},"modified":"2025-12-25T09:11:48","modified_gmt":"2025-12-25T02:11:48","slug":"moc-89499-team-fortress-black-rose-with-92-pieces","status":"publish","type":"product","link":"https:\/\/mouldking.store\/fr\/shop\/moc-89499-team-fortress-black-rose-with-92-pieces\/","title":{"rendered":"MOC-89499 Team Fortress Black Rose avec 92 pi\u00e8ces"},"content":{"rendered":"<ol>\n<li>Marque : MOC<\/li>\n<li>Genre: Unisexe<\/li>\n<li>Name: Team Fortress Black Rose<\/li>\n<li>Tranche d&#039;\u00e2ge : &gt; 6 ans<\/li>\n<li>Model Number: 89499<\/li>\n<li>Classement : Assemblage<\/li>\n<li>Forme de bloc en plastique\u00a0: briques autobloquantes<\/li>\n<li>Mat\u00e9riel: Plastique<\/li>\n<li>Type de plastique : ABS<\/li>\n<li>Bricks Blocks:92 PCS<\/li>\n<li>Size: 26.3 x 3.8 x 3.5 cm<\/li>\n<li>Weight: 0.08 kg<\/li>\n<li>Contient des instructions de montage d\u00e9taill\u00e9es.<\/li>\n<\/ol>\n<p>Avis:<br \/>\n1. Sans bo\u00eete d&#039;origine, mais nous garantissons que nos produits ont une assurance qualit\u00e9 et un bel emballage.<br \/>\n2. Comme toutes les pi\u00e8ces que nous avons v\u00e9rifi\u00e9es avant l&#039;exp\u00e9dition, donc si vous trouvez des pi\u00e8ces manquantes ou endommag\u00e9es, ne vous inqui\u00e9tez pas et veuillez nous contacter et nous pouvons vous les renvoyer imm\u00e9diatement gratuitement.<\/p>\n<figure id=\"attachment_39601\" aria-describedby=\"caption-attachment-39601\" style=\"width: 1004px\" class=\"wp-caption aligncenter\"><img fetchpriority=\"high\" decoding=\"async\" class=\"wp-image-39601 size-full\" src=\"https:\/\/mouldking.store\/wp-content\/uploads\/2023\/01\/MOC-89499-Creator-Team-Fortress-Black-Rose-MOC-FACTORY.png\" alt=\"MOC-89499 Team Fortress Black Rose With 92 Pieces\" width=\"1004\" height=\"1004\" title=\"-\"><figcaption id=\"caption-attachment-39601\" class=\"wp-caption-text\">MOC-89499 Team Fortress Black Rose avec 92 pi\u00e8ces<\/figcaption><\/figure>\n<figure id=\"attachment_39602\" aria-describedby=\"caption-attachment-39602\" style=\"width: 800px\" class=\"wp-caption aligncenter\"><img decoding=\"async\" class=\"wp-image-39602 size-full\" src=\"https:\/\/mouldking.store\/wp-content\/uploads\/2023\/01\/Team-Fortress-Black-Rose-MOC-89499-1.jpg\" alt=\"MOC-89499 Team Fortress Black Rose With 92 Pieces\" width=\"800\" height=\"800\" title=\"-\"><figcaption id=\"caption-attachment-39602\" class=\"wp-caption-text\">MOC-89499 Team Fortress Black Rose avec 92 pi\u00e8ces<\/figcaption><\/figure>\n<figure id=\"attachment_39603\" aria-describedby=\"caption-attachment-39603\" style=\"width: 800px\" class=\"wp-caption aligncenter\"><img decoding=\"async\" class=\"wp-image-39603 size-full\" src=\"https:\/\/mouldking.store\/wp-content\/uploads\/2023\/01\/Team-Fortress-Black-Rose-MOC-89499-2.jpg\" alt=\"MOC-89499 Team Fortress Black Rose With 92 Pieces\" width=\"800\" height=\"800\" title=\"-\"><figcaption id=\"caption-attachment-39603\" class=\"wp-caption-text\">MOC-89499 Team Fortress Black Rose avec 92 pi\u00e8ces<\/figcaption><\/figure>\n<figure id=\"attachment_39604\" aria-describedby=\"caption-attachment-39604\" style=\"width: 800px\" class=\"wp-caption aligncenter\"><img loading=\"lazy\" decoding=\"async\" class=\"wp-image-39604 size-full\" src=\"https:\/\/mouldking.store\/wp-content\/uploads\/2023\/01\/Team-Fortress-Black-Rose-MOC-89499-3.jpg\" alt=\"MOC-89499 Team Fortress Black Rose With 92 Pieces\" width=\"800\" height=\"800\" title=\"-\"><figcaption id=\"caption-attachment-39604\" class=\"wp-caption-text\">MOC-89499 Team Fortress Black Rose avec 92 pi\u00e8ces<\/figcaption><\/figure>\n<figure id=\"attachment_39605\" aria-describedby=\"caption-attachment-39605\" style=\"width: 800px\" class=\"wp-caption aligncenter\"><img loading=\"lazy\" decoding=\"async\" class=\"wp-image-39605 size-full\" src=\"https:\/\/mouldking.store\/wp-content\/uploads\/2023\/01\/Team-Fortress-Black-Rose-MOC-89499-4.jpg\" alt=\"MOC-89499 Team Fortress Black Rose With 92 Pieces\" width=\"800\" height=\"800\" title=\"-\"><figcaption id=\"caption-attachment-39605\" class=\"wp-caption-text\">MOC-89499 Team Fortress Black Rose avec 92 pi\u00e8ces<\/figcaption><\/figure>\n<figure id=\"attachment_39606\" aria-describedby=\"caption-attachment-39606\" style=\"width: 1000px\" class=\"wp-caption aligncenter\"><img loading=\"lazy\" decoding=\"async\" class=\"wp-image-39606 size-full\" src=\"https:\/\/mouldking.store\/wp-content\/uploads\/2023\/01\/Team-Fortress-Black-Rose-MOC-89499-5.jpg\" alt=\"MOC-89499 Team Fortress Black Rose With 92 Pieces\" width=\"1000\" height=\"1000\" title=\"-\"><figcaption id=\"caption-attachment-39606\" class=\"wp-caption-text\">MOC-89499 Team Fortress Black Rose avec 92 pi\u00e8ces<\/figcaption><\/figure>\n<figure id=\"attachment_39607\" aria-describedby=\"caption-attachment-39607\" style=\"width: 1000px\" class=\"wp-caption aligncenter\"><img loading=\"lazy\" decoding=\"async\" class=\"wp-image-39607 size-full\" src=\"https:\/\/mouldking.store\/wp-content\/uploads\/2023\/01\/Team-Fortress-Black-Rose-MOC-89499-6.jpg\" alt=\"MOC-89499 Team Fortress Black Rose With 92 Pieces\" width=\"1000\" height=\"1000\" title=\"-\"><figcaption id=\"caption-attachment-39607\" class=\"wp-caption-text\">MOC-89499 Team Fortress Black Rose avec 92 pi\u00e8ces<\/figcaption><\/figure>\n<figure id=\"attachment_39608\" aria-describedby=\"caption-attachment-39608\" style=\"width: 1000px\" class=\"wp-caption aligncenter\"><img loading=\"lazy\" decoding=\"async\" class=\"wp-image-39608 size-full\" src=\"https:\/\/mouldking.store\/wp-content\/uploads\/2023\/01\/Team-Fortress-Black-Rose-MOC-89499-7.jpg\" alt=\"MOC-89499 Team Fortress Black Rose With 92 Pieces\" width=\"1000\" height=\"1000\" title=\"-\"><figcaption id=\"caption-attachment-39608\" class=\"wp-caption-text\">MOC-89499 Team Fortress Black Rose avec 92 pi\u00e8ces<\/figcaption><\/figure>\n<figure id=\"attachment_39609\" aria-describedby=\"caption-attachment-39609\" style=\"width: 1000px\" class=\"wp-caption aligncenter\"><img loading=\"lazy\" decoding=\"async\" class=\"wp-image-39609 size-full\" src=\"https:\/\/mouldking.store\/wp-content\/uploads\/2023\/01\/Team-Fortress-Black-Rose-MOC-89499-8.jpg\" alt=\"MOC-89499 Team Fortress Black Rose With 92 Pieces\" width=\"1000\" height=\"1000\" title=\"-\"><figcaption id=\"caption-attachment-39609\" class=\"wp-caption-text\">MOC-89499 Team Fortress Black Rose avec 92 pi\u00e8ces<\/figcaption><\/figure>","protected":false},"excerpt":{"rendered":"<p>Brand: MOC Gender: Unisex Name: Team Fortress Black Rose Age Range: &gt; 6 years old Model Number: 89499 Classification: Assemblage Plastic Block Shape: Self-Locking Bricks Material: Plastic Plastic Type: ABS Bricks Blocks:92 PCS Size: 26.3 x 3.8 x 3.5 cm Weight: 0.08 kg Contains detailed assembly instructions. Notice: 1. Without an original box, but we [&hellip;]<\/p>","protected":false},"featured_media":39601,"comment_status":"closed","ping_status":"closed","template":"","meta":{"_acf_changed":false},"product_cat":[1365,371],"product_tag":[8711,10869,8659,430,10865,10871,10864,10868,10866,10867,10870],"class_list":["product","first","instock","shipping-taxable","purchasable","product-type-simple"],"acf":[],"_links":{"self":[{"href":"https:\/\/mouldking.store\/fr\/wp-json\/wp\/v2\/product\/39600","targetHints":{"allow":["GET"]}}],"collection":[{"href":"https:\/\/mouldking.store\/fr\/wp-json\/wp\/v2\/product"}],"about":[{"href":"https:\/\/mouldking.store\/fr\/wp-json\/wp\/v2\/types\/product"}],"replies":[{"embeddable":true,"href":"https:\/\/mouldking.store\/fr\/wp-json\/wp\/v2\/comments?post=39600"}],"wp:featuredmedia":[{"embeddable":true,"href":"https:\/\/mouldking.store\/fr\/wp-json\/wp\/v2\/media\/39601"}],"wp:attachment":[{"href":"https:\/\/mouldking.store\/fr\/wp-json\/wp\/v2\/media?parent=39600"}],"wp:term":[{"taxonomy":"product_cat","embeddable":true,"href":"https:\/\/mouldking.store\/fr\/wp-json\/wp\/v2\/product_cat?post=39600"},{"taxonomy":"product_tag","embeddable":true,"href":"https:\/\/mouldking.store\/fr\/wp-json\/wp\/v2\/product_tag?post=39600"}],"curies":[{"name":"wp","href":"https:\/\/api.w.org\/{rel}","templated":true}]}}