{"id":39611,"date":"2023-01-06T15:28:38","date_gmt":"2023-01-06T08:28:38","guid":{"rendered":"https:\/\/mouldking.store\/?post_type=product&#038;p=39611"},"modified":"2025-12-25T09:11:48","modified_gmt":"2025-12-25T02:11:48","slug":"moc-89498-choo-choo-charles-with-262-pieces","status":"publish","type":"product","link":"https:\/\/mouldking.store\/fr\/shop\/moc-89498-choo-choo-charles-with-262-pieces\/","title":{"rendered":"MOC-89498 Choo Choo Charles avec 262 pi\u00e8ces"},"content":{"rendered":"<ol>\n<li>Marque : MOC<\/li>\n<li>Genre: Unisexe<\/li>\n<li>Name: Choo Choo Charles<\/li>\n<li>Tranche d&#039;\u00e2ge : &gt; 6 ans<\/li>\n<li>Model Number: 89498<\/li>\n<li>Classement : Assemblage<\/li>\n<li>Forme de bloc en plastique\u00a0: briques autobloquantes<\/li>\n<li>Mat\u00e9riel: Plastique<\/li>\n<li>Type de plastique : ABS<\/li>\n<li>Bricks Blocks:262 PCS<\/li>\n<li>Size: 15.9x 12.3 x 8.2 cm<\/li>\n<li>Weight: 0.12 kg<\/li>\n<li>Contient des instructions de montage d\u00e9taill\u00e9es.<\/li>\n<\/ol>\n<p>Avis:<br \/>\n1. Sans bo\u00eete d&#039;origine, mais nous garantissons que nos produits ont une assurance qualit\u00e9 et un bel emballage.<br \/>\n2. Comme toutes les pi\u00e8ces que nous avons v\u00e9rifi\u00e9es avant l&#039;exp\u00e9dition, donc si vous trouvez des pi\u00e8ces manquantes ou endommag\u00e9es, ne vous inqui\u00e9tez pas et veuillez nous contacter et nous pouvons vous les renvoyer imm\u00e9diatement gratuitement.<\/p>\n<figure id=\"attachment_39612\" aria-describedby=\"caption-attachment-39612\" style=\"width: 1004px\" class=\"wp-caption aligncenter\"><img fetchpriority=\"high\" decoding=\"async\" class=\"wp-image-39612 size-full\" src=\"https:\/\/mouldking.store\/wp-content\/uploads\/2023\/01\/MOC-89498-Creator-Choo-Choo-Charles-MOC-FACTORY.png\" alt=\"MOC-89498 Choo Choo Charles With 262 Pieces\" width=\"1004\" height=\"1004\" title=\"-\"><figcaption id=\"caption-attachment-39612\" class=\"wp-caption-text\">MOC-89498 Choo Choo Charles avec 262 pi\u00e8ces<\/figcaption><\/figure>\n<figure id=\"attachment_39613\" aria-describedby=\"caption-attachment-39613\" style=\"width: 800px\" class=\"wp-caption aligncenter\"><img decoding=\"async\" class=\"wp-image-39613 size-full\" src=\"https:\/\/mouldking.store\/wp-content\/uploads\/2023\/01\/Choo-Choo-Charles-MOC-89498-1.jpg\" alt=\"MOC-89498 Choo Choo Charles With 262 Pieces\" width=\"800\" height=\"800\" title=\"-\"><figcaption id=\"caption-attachment-39613\" class=\"wp-caption-text\">MOC-89498 Choo Choo Charles avec 262 pi\u00e8ces<\/figcaption><\/figure>\n<figure id=\"attachment_39614\" aria-describedby=\"caption-attachment-39614\" style=\"width: 800px\" class=\"wp-caption aligncenter\"><img decoding=\"async\" class=\"wp-image-39614 size-full\" src=\"https:\/\/mouldking.store\/wp-content\/uploads\/2023\/01\/Choo-Choo-Charles-MOC-89498-2.jpg\" alt=\"MOC-89498 Choo Choo Charles With 262 Pieces\" width=\"800\" height=\"800\" title=\"-\"><figcaption id=\"caption-attachment-39614\" class=\"wp-caption-text\">MOC-89498 Choo Choo Charles avec 262 pi\u00e8ces<\/figcaption><\/figure>\n<figure id=\"attachment_39615\" aria-describedby=\"caption-attachment-39615\" style=\"width: 800px\" class=\"wp-caption aligncenter\"><img loading=\"lazy\" decoding=\"async\" class=\"wp-image-39615 size-full\" src=\"https:\/\/mouldking.store\/wp-content\/uploads\/2023\/01\/Choo-Choo-Charles-MOC-89498-3.jpg\" alt=\"MOC-89498 Choo Choo Charles With 262 Pieces\" width=\"800\" height=\"800\" title=\"-\"><figcaption id=\"caption-attachment-39615\" class=\"wp-caption-text\">MOC-89498 Choo Choo Charles avec 262 pi\u00e8ces<\/figcaption><\/figure>\n<figure id=\"attachment_39616\" aria-describedby=\"caption-attachment-39616\" style=\"width: 800px\" class=\"wp-caption aligncenter\"><img loading=\"lazy\" decoding=\"async\" class=\"wp-image-39616 size-full\" src=\"https:\/\/mouldking.store\/wp-content\/uploads\/2023\/01\/Choo-Choo-Charles-MOC-89498-4.jpg\" alt=\"MOC-89498 Choo Choo Charles With 262 Pieces\" width=\"800\" height=\"800\" title=\"-\"><figcaption id=\"caption-attachment-39616\" class=\"wp-caption-text\">MOC-89498 Choo Choo Charles avec 262 pi\u00e8ces<\/figcaption><\/figure>\n<figure id=\"attachment_39617\" aria-describedby=\"caption-attachment-39617\" style=\"width: 800px\" class=\"wp-caption aligncenter\"><img loading=\"lazy\" decoding=\"async\" class=\"wp-image-39617 size-full\" src=\"https:\/\/mouldking.store\/wp-content\/uploads\/2023\/01\/Choo-Choo-Charles-MOC-89498-5.jpg\" alt=\"MOC-89498 Choo Choo Charles With 262 Pieces\" width=\"800\" height=\"800\" title=\"-\"><figcaption id=\"caption-attachment-39617\" class=\"wp-caption-text\">MOC-89498 Choo Choo Charles avec 262 pi\u00e8ces<\/figcaption><\/figure>\n<figure id=\"attachment_39618\" aria-describedby=\"caption-attachment-39618\" style=\"width: 800px\" class=\"wp-caption aligncenter\"><img loading=\"lazy\" decoding=\"async\" class=\"wp-image-39618 size-full\" src=\"https:\/\/mouldking.store\/wp-content\/uploads\/2023\/01\/Choo-Choo-Charles-MOC-89498-6.jpg\" alt=\"MOC-89498 Choo Choo Charles With 262 Pieces\" width=\"800\" height=\"800\" title=\"-\"><figcaption id=\"caption-attachment-39618\" class=\"wp-caption-text\">MOC-89498 Choo Choo Charles avec 262 pi\u00e8ces<\/figcaption><\/figure>\n<figure id=\"attachment_39619\" aria-describedby=\"caption-attachment-39619\" style=\"width: 800px\" class=\"wp-caption aligncenter\"><img loading=\"lazy\" decoding=\"async\" class=\"wp-image-39619 size-full\" src=\"https:\/\/mouldking.store\/wp-content\/uploads\/2023\/01\/Choo-Choo-Charles-MOC-89498-7.jpg\" alt=\"MOC-89498 Choo Choo Charles With 262 Pieces\" width=\"800\" height=\"800\" title=\"-\"><figcaption id=\"caption-attachment-39619\" class=\"wp-caption-text\">MOC-89498 Choo Choo Charles avec 262 pi\u00e8ces<\/figcaption><\/figure>\n<figure id=\"attachment_39620\" aria-describedby=\"caption-attachment-39620\" style=\"width: 800px\" class=\"wp-caption aligncenter\"><img loading=\"lazy\" decoding=\"async\" class=\"wp-image-39620 size-full\" src=\"https:\/\/mouldking.store\/wp-content\/uploads\/2023\/01\/Choo-Choo-Charles-MOC-89498-8.jpg\" alt=\"MOC-89498 Choo Choo Charles With 262 Pieces\" width=\"800\" height=\"800\" title=\"-\"><figcaption id=\"caption-attachment-39620\" class=\"wp-caption-text\">MOC-89498 Choo Choo Charles avec 262 pi\u00e8ces<\/figcaption><\/figure>\n<figure id=\"attachment_39621\" aria-describedby=\"caption-attachment-39621\" style=\"width: 800px\" class=\"wp-caption aligncenter\"><img loading=\"lazy\" decoding=\"async\" class=\"wp-image-39621 size-full\" src=\"https:\/\/mouldking.store\/wp-content\/uploads\/2023\/01\/Choo-Choo-Charles-MOC-89498-9.jpg\" alt=\"MOC-89498 Choo Choo Charles With 262 Pieces\" width=\"800\" height=\"800\" title=\"-\"><figcaption id=\"caption-attachment-39621\" class=\"wp-caption-text\">MOC-89498 Choo Choo Charles avec 262 pi\u00e8ces<\/figcaption><\/figure>\n<figure id=\"attachment_39622\" aria-describedby=\"caption-attachment-39622\" style=\"width: 800px\" class=\"wp-caption aligncenter\"><img loading=\"lazy\" decoding=\"async\" class=\"wp-image-39622 size-full\" src=\"https:\/\/mouldking.store\/wp-content\/uploads\/2023\/01\/Choo-Choo-Charles-MOC-89498-10.jpg\" alt=\"MOC-89498 Choo Choo Charles With 262 Pieces\" width=\"800\" height=\"800\" title=\"-\"><figcaption id=\"caption-attachment-39622\" class=\"wp-caption-text\">MOC-89498 Choo Choo Charles avec 262 pi\u00e8ces<\/figcaption><\/figure>","protected":false},"excerpt":{"rendered":"<p>Brand: MOC Gender: Unisex Name: Choo Choo Charles Age Range: &gt; 6 years old Model Number: 89498 Classification: Assemblage Plastic Block Shape: Self-Locking Bricks Material: Plastic Plastic Type: ABS Bricks Blocks:262 PCS Size: 15.9x 12.3 x 8.2 cm Weight: 0.12 kg Contains detailed assembly instructions. Notice: 1. Without an original box, but we guarantee our [&hellip;]<\/p>","protected":false},"featured_media":39612,"comment_status":"closed","ping_status":"closed","template":"","meta":{"_acf_changed":false},"product_cat":[1365,371],"product_tag":[10875,10874,10876,430,10873,10877,10872],"class_list":["product","first","instock","shipping-taxable","purchasable","product-type-simple"],"acf":[],"_links":{"self":[{"href":"https:\/\/mouldking.store\/fr\/wp-json\/wp\/v2\/product\/39611","targetHints":{"allow":["GET"]}}],"collection":[{"href":"https:\/\/mouldking.store\/fr\/wp-json\/wp\/v2\/product"}],"about":[{"href":"https:\/\/mouldking.store\/fr\/wp-json\/wp\/v2\/types\/product"}],"replies":[{"embeddable":true,"href":"https:\/\/mouldking.store\/fr\/wp-json\/wp\/v2\/comments?post=39611"}],"wp:featuredmedia":[{"embeddable":true,"href":"https:\/\/mouldking.store\/fr\/wp-json\/wp\/v2\/media\/39612"}],"wp:attachment":[{"href":"https:\/\/mouldking.store\/fr\/wp-json\/wp\/v2\/media?parent=39611"}],"wp:term":[{"taxonomy":"product_cat","embeddable":true,"href":"https:\/\/mouldking.store\/fr\/wp-json\/wp\/v2\/product_cat?post=39611"},{"taxonomy":"product_tag","embeddable":true,"href":"https:\/\/mouldking.store\/fr\/wp-json\/wp\/v2\/product_tag?post=39611"}],"curies":[{"name":"wp","href":"https:\/\/api.w.org\/{rel}","templated":true}]}}