{"id":39625,"date":"2022-10-06T15:40:25","date_gmt":"2022-10-06T08:40:25","guid":{"rendered":"https:\/\/mouldking.store\/?post_type=product&#038;p=39625"},"modified":"2023-01-06T15:44:41","modified_gmt":"2023-01-06T08:44:41","slug":"mouldking-13174-mclaren-p1-with-936pcs","status":"publish","type":"product","link":"https:\/\/mouldking.store\/fr\/shop\/mouldking-13174-mclaren-p1-with-936pcs\/","title":{"rendered":"MOULDKING 13174 McLaren P1 avec 936 pi\u00e8ces"},"content":{"rendered":"<p>Information produit:<\/p>\n<ol>\n<li>Marque : MOULDKING<\/li>\n<li>Genre: Unisexe<\/li>\n<li>Nom : McLaren P1<\/li>\n<li>Tranche d&#039;\u00e2ge : &gt; 6 ans<\/li>\n<li>Num\u00e9ro de mod\u00e8le: 13174<\/li>\n<li>Classement : Assemblage<\/li>\n<li>Forme de bloc en plastique\u00a0: briques autobloquantes<\/li>\n<li>Mat\u00e9riel: Plastique<\/li>\n<li>Type de plastique : ABS<\/li>\n<li>Blocs de briques : 936 pi\u00e8ces.<\/li>\n<li>Taille : 37,7 \u00d7 17,5 \u00d7 10,9 cm<\/li>\n<li>Contient des instructions de montage d\u00e9taill\u00e9es.<\/li>\n<\/ol>\n<p>Avis:<br \/>\n1. Sans bo\u00eete d&#039;origine, mais nous garantissons que nos produits ont une assurance qualit\u00e9 et un bel emballage.<br \/>\n2. Comme toutes les pi\u00e8ces que nous avons v\u00e9rifi\u00e9es avant l&#039;exp\u00e9dition, donc si vous trouvez des pi\u00e8ces manquantes ou endommag\u00e9es, ne vous inqui\u00e9tez pas et veuillez nous contacter et nous pouvons vous les renvoyer imm\u00e9diatement gratuitement.<\/p>\n<figure id=\"attachment_39626\" aria-describedby=\"caption-attachment-39626\" style=\"width: 800px\" class=\"wp-caption aligncenter\"><img fetchpriority=\"high\" decoding=\"async\" class=\"wp-image-39626 size-full\" src=\"https:\/\/mouldking.store\/wp-content\/uploads\/2023\/01\/McLaren-P1-MOULDKING-13174.jpg\" alt=\"MOULDKING 13174 McLaren P1 With 936pcs\" width=\"800\" height=\"800\" title=\"-\"><figcaption id=\"caption-attachment-39626\" class=\"wp-caption-text\">MOULDKING 13174 McLaren P1 avec 936 pi\u00e8ces<\/figcaption><\/figure>","protected":false},"excerpt":{"rendered":"<ul>\n<li>Guide de construction manuelle<\/li>\n<li data-wpmeteor-click=\"true\">Le produit n&#039;inclut pas l&#039;autocollant et les pi\u00e8ces imprim\u00e9es. Toutes les pi\u00e8ces imprim\u00e9es seront remplac\u00e9es par des pi\u00e8ces standard et ne seront pas livr\u00e9es avec des accessoires tiers.<\/li>\n<li data-wpmeteor-click=\"true\">Pr\u00e9vente<\/li>\n<\/ul>","protected":false},"featured_media":39626,"comment_status":"closed","ping_status":"closed","template":"","meta":{"_acf_changed":false},"product_cat":[1360,1357,364],"product_tag":[10886,1744,4958,366,10887,10888,10885],"class_list":["product","first","outofstock","shipping-taxable","purchasable","product-type-simple"],"acf":[],"_links":{"self":[{"href":"https:\/\/mouldking.store\/fr\/wp-json\/wp\/v2\/product\/39625","targetHints":{"allow":["GET"]}}],"collection":[{"href":"https:\/\/mouldking.store\/fr\/wp-json\/wp\/v2\/product"}],"about":[{"href":"https:\/\/mouldking.store\/fr\/wp-json\/wp\/v2\/types\/product"}],"replies":[{"embeddable":true,"href":"https:\/\/mouldking.store\/fr\/wp-json\/wp\/v2\/comments?post=39625"}],"wp:featuredmedia":[{"embeddable":true,"href":"https:\/\/mouldking.store\/fr\/wp-json\/wp\/v2\/media\/39626"}],"wp:attachment":[{"href":"https:\/\/mouldking.store\/fr\/wp-json\/wp\/v2\/media?parent=39625"}],"wp:term":[{"taxonomy":"product_cat","embeddable":true,"href":"https:\/\/mouldking.store\/fr\/wp-json\/wp\/v2\/product_cat?post=39625"},{"taxonomy":"product_tag","embeddable":true,"href":"https:\/\/mouldking.store\/fr\/wp-json\/wp\/v2\/product_tag?post=39625"}],"curies":[{"name":"wp","href":"https:\/\/api.w.org\/{rel}","templated":true}]}}