{"id":39661,"date":"2022-10-06T16:44:31","date_gmt":"2022-10-06T09:44:31","guid":{"rendered":"https:\/\/mouldking.store\/?post_type=product&#038;p=39661"},"modified":"2023-01-06T16:50:00","modified_gmt":"2023-01-06T09:50:00","slug":"reobrix-568-niannianyouyu-koi-with-486pcs","status":"publish","type":"product","link":"https:\/\/mouldking.store\/fr\/shop\/reobrix-568-niannianyouyu-koi-with-486pcs\/","title":{"rendered":"Reobrix 568 Niannianyouyu Koi Avec 486pcs"},"content":{"rendered":"<p>Information produit:<\/p>\n<ol>\n<li>Marque : Reobrix<\/li>\n<li>Genre: Unisexe<\/li>\n<li>Name: Niannianyouyu Koi<\/li>\n<li>Tranche d&#039;\u00e2ge : &gt; 6 ans<\/li>\n<li>Model Number: 568<\/li>\n<li>Classement : Assemblage<\/li>\n<li>Forme de bloc en plastique\u00a0: briques autobloquantes<\/li>\n<li>Mat\u00e9riel: Plastique<\/li>\n<li>Type de plastique : ABS<\/li>\n<li>Bricks Blocks:486PCS<\/li>\n<li>Taille : 20 \u00d7 8,5 \u00d7 21,5 cm<\/li>\n<li>Contient des instructions de montage d\u00e9taill\u00e9es.<\/li>\n<\/ol>\n<p>Avis:<br \/>\n1. Sans bo\u00eete d&#039;origine, mais nous garantissons que nos produits ont une assurance qualit\u00e9 et un bel emballage.<br \/>\n2. Comme toutes les pi\u00e8ces que nous avons v\u00e9rifi\u00e9es avant l&#039;exp\u00e9dition, donc si vous trouvez des pi\u00e8ces manquantes ou endommag\u00e9es, ne vous inqui\u00e9tez pas et veuillez nous contacter et nous pouvons vous les renvoyer imm\u00e9diatement gratuitement.<\/p>\n<figure id=\"attachment_39662\" aria-describedby=\"caption-attachment-39662\" style=\"width: 1197px\" class=\"wp-caption aligncenter\"><img fetchpriority=\"high\" decoding=\"async\" class=\"wp-image-39662 size-full\" src=\"https:\/\/mouldking.store\/wp-content\/uploads\/2023\/01\/Niannianyouyu-Koi-Reobrix-568-4.jpg\" alt=\"Reobrix 568 Niannianyouyu Koi With 486pcs\" width=\"1197\" height=\"1173\" title=\"-\"><figcaption id=\"caption-attachment-39662\" class=\"wp-caption-text\">Reobrix 568 Niannianyouyu Koi Avec 486pcs<\/figcaption><\/figure>\n<figure id=\"attachment_39663\" aria-describedby=\"caption-attachment-39663\" style=\"width: 1920px\" class=\"wp-caption aligncenter\"><img decoding=\"async\" class=\"wp-image-39663 size-full\" src=\"https:\/\/mouldking.store\/wp-content\/uploads\/2023\/01\/Niannianyouyu-Koi-Reobrix-568-3.jpg\" alt=\"Reobrix 568 Niannianyouyu Koi With 486pcs\" width=\"1920\" height=\"1920\" title=\"-\"><figcaption id=\"caption-attachment-39663\" class=\"wp-caption-text\">Reobrix 568 Niannianyouyu Koi Avec 486pcs<\/figcaption><\/figure>\n<figure id=\"attachment_39664\" aria-describedby=\"caption-attachment-39664\" style=\"width: 1920px\" class=\"wp-caption aligncenter\"><img decoding=\"async\" class=\"wp-image-39664 size-full\" src=\"https:\/\/mouldking.store\/wp-content\/uploads\/2023\/01\/Niannianyouyu-Koi-Reobrix-568-2.jpg\" alt=\"Reobrix 568 Niannianyouyu Koi With 486pcs\" width=\"1920\" height=\"1920\" title=\"-\"><figcaption id=\"caption-attachment-39664\" class=\"wp-caption-text\">Reobrix 568 Niannianyouyu Koi Avec 486pcs<\/figcaption><\/figure>\n<figure id=\"attachment_39665\" aria-describedby=\"caption-attachment-39665\" style=\"width: 1920px\" class=\"wp-caption aligncenter\"><img loading=\"lazy\" decoding=\"async\" class=\"wp-image-39665 size-full\" src=\"https:\/\/mouldking.store\/wp-content\/uploads\/2023\/01\/Niannianyouyu-Koi-Reobrix-568-1.jpg\" alt=\"Reobrix 568 Niannianyouyu Koi With 486pcs\" width=\"1920\" height=\"1693\" title=\"-\"><figcaption id=\"caption-attachment-39665\" class=\"wp-caption-text\">Reobrix 568 Niannianyouyu Koi Avec 486pcs<\/figcaption><\/figure>","protected":false},"excerpt":{"rendered":"<ul>\n<li>Guide de construction manuelle<\/li>\n<li data-wpmeteor-click=\"true\">Le produit n&#039;inclut pas l&#039;autocollant et les pi\u00e8ces imprim\u00e9es. Toutes les pi\u00e8ces imprim\u00e9es seront remplac\u00e9es par des pi\u00e8ces standard et ne seront pas livr\u00e9es avec des accessoires tiers.<\/li>\n<li data-wpmeteor-click=\"true\">Pr\u00e9vente<\/li>\n<\/ul>","protected":false},"featured_media":39663,"comment_status":"closed","ping_status":"closed","template":"","meta":{"_acf_changed":false},"product_cat":[1365],"product_tag":[10960,10963,10962,10964,2669,10961,10965,10959],"class_list":["product","first","outofstock","shipping-taxable","purchasable","product-type-simple"],"acf":[],"_links":{"self":[{"href":"https:\/\/mouldking.store\/fr\/wp-json\/wp\/v2\/product\/39661","targetHints":{"allow":["GET"]}}],"collection":[{"href":"https:\/\/mouldking.store\/fr\/wp-json\/wp\/v2\/product"}],"about":[{"href":"https:\/\/mouldking.store\/fr\/wp-json\/wp\/v2\/types\/product"}],"replies":[{"embeddable":true,"href":"https:\/\/mouldking.store\/fr\/wp-json\/wp\/v2\/comments?post=39661"}],"wp:featuredmedia":[{"embeddable":true,"href":"https:\/\/mouldking.store\/fr\/wp-json\/wp\/v2\/media\/39663"}],"wp:attachment":[{"href":"https:\/\/mouldking.store\/fr\/wp-json\/wp\/v2\/media?parent=39661"}],"wp:term":[{"taxonomy":"product_cat","embeddable":true,"href":"https:\/\/mouldking.store\/fr\/wp-json\/wp\/v2\/product_cat?post=39661"},{"taxonomy":"product_tag","embeddable":true,"href":"https:\/\/mouldking.store\/fr\/wp-json\/wp\/v2\/product_tag?post=39661"}],"curies":[{"name":"wp","href":"https:\/\/api.w.org\/{rel}","templated":true}]}}