{"id":39666,"date":"2022-10-06T16:50:25","date_gmt":"2022-10-06T09:50:25","guid":{"rendered":"https:\/\/mouldking.store\/?post_type=product&#038;p=39666"},"modified":"2023-01-06T16:54:48","modified_gmt":"2023-01-06T09:54:48","slug":"reobrix-22017-bucket-wheel-excavator-with-3188pcs","status":"publish","type":"product","link":"https:\/\/mouldking.store\/fr\/shop\/reobrix-22017-bucket-wheel-excavator-with-3188pcs\/","title":{"rendered":"Excavatrice \u00e0 roues \u00e0 godets Reobrix 22017 avec 3188 pi\u00e8ces"},"content":{"rendered":"<p>Information produit:<\/p>\n<ol>\n<li>Marque : Reobrix<\/li>\n<li>Genre: Unisexe<\/li>\n<li>Name: Bucket Wheel Excavator<\/li>\n<li>Tranche d&#039;\u00e2ge : &gt; 6 ans<\/li>\n<li>Model Number: 22017<\/li>\n<li>Classement : Assemblage<\/li>\n<li>Forme de bloc en plastique\u00a0: briques autobloquantes<\/li>\n<li>Mat\u00e9riel: Plastique<\/li>\n<li>Type de plastique : ABS<\/li>\n<li>Bricks Blocks:3188PCS<\/li>\n<li>Size: 98 \u00d7 33.5 \u00d7 36.5 cm<\/li>\n<li>Contient des instructions de montage d\u00e9taill\u00e9es.<\/li>\n<\/ol>\n<p>Avis:<br \/>\n1. Sans bo\u00eete d&#039;origine, mais nous garantissons que nos produits ont une assurance qualit\u00e9 et un bel emballage.<br \/>\n2. Comme toutes les pi\u00e8ces que nous avons v\u00e9rifi\u00e9es avant l&#039;exp\u00e9dition, donc si vous trouvez des pi\u00e8ces manquantes ou endommag\u00e9es, ne vous inqui\u00e9tez pas et veuillez nous contacter et nous pouvons vous les renvoyer imm\u00e9diatement gratuitement.<\/p>\n<figure id=\"attachment_39667\" aria-describedby=\"caption-attachment-39667\" style=\"width: 1920px\" class=\"wp-caption aligncenter\"><img fetchpriority=\"high\" decoding=\"async\" class=\"wp-image-39667 size-full\" src=\"https:\/\/mouldking.store\/wp-content\/uploads\/2023\/01\/Bucket-Wheel-Excavator-Reobrix-22017-2.jpg\" alt=\"Reobrix 22017 Bucket Wheel Excavator With 3188pcs\" width=\"1920\" height=\"1407\" title=\"-\"><figcaption id=\"caption-attachment-39667\" class=\"wp-caption-text\">Excavatrice \u00e0 roues \u00e0 godets Reobrix 22017 avec 3188 pi\u00e8ces<\/figcaption><\/figure>\n<figure id=\"attachment_39668\" aria-describedby=\"caption-attachment-39668\" style=\"width: 754px\" class=\"wp-caption aligncenter\"><img decoding=\"async\" class=\"wp-image-39668 size-full\" src=\"https:\/\/mouldking.store\/wp-content\/uploads\/2023\/01\/Bucket-Wheel-Excavator-Reobrix-22017-1.jpg\" alt=\"Reobrix 22017 Bucket Wheel Excavator With 3188pcs\" width=\"754\" height=\"451\" title=\"-\"><figcaption id=\"caption-attachment-39668\" class=\"wp-caption-text\">Excavatrice \u00e0 roues \u00e0 godets Reobrix 22017 avec 3188 pi\u00e8ces<\/figcaption><\/figure>","protected":false},"excerpt":{"rendered":"<ul>\n<li>Guide de construction manuelle<\/li>\n<li data-wpmeteor-click=\"true\">Le produit n&#039;inclut pas l&#039;autocollant et les pi\u00e8ces imprim\u00e9es. Toutes les pi\u00e8ces imprim\u00e9es seront remplac\u00e9es par des pi\u00e8ces standard et ne seront pas livr\u00e9es avec des accessoires tiers.<\/li>\n<li data-wpmeteor-click=\"true\">Pr\u00e9vente<\/li>\n<\/ul>","protected":false},"featured_media":39667,"comment_status":"closed","ping_status":"closed","template":"","meta":{"_acf_changed":false},"product_cat":[1357],"product_tag":[10967,10969,3186,755,2669,10968,10966,7652,10970],"class_list":["product","first","outofstock","shipping-taxable","purchasable","product-type-simple"],"acf":[],"_links":{"self":[{"href":"https:\/\/mouldking.store\/fr\/wp-json\/wp\/v2\/product\/39666","targetHints":{"allow":["GET"]}}],"collection":[{"href":"https:\/\/mouldking.store\/fr\/wp-json\/wp\/v2\/product"}],"about":[{"href":"https:\/\/mouldking.store\/fr\/wp-json\/wp\/v2\/types\/product"}],"replies":[{"embeddable":true,"href":"https:\/\/mouldking.store\/fr\/wp-json\/wp\/v2\/comments?post=39666"}],"wp:featuredmedia":[{"embeddable":true,"href":"https:\/\/mouldking.store\/fr\/wp-json\/wp\/v2\/media\/39667"}],"wp:attachment":[{"href":"https:\/\/mouldking.store\/fr\/wp-json\/wp\/v2\/media?parent=39666"}],"wp:term":[{"taxonomy":"product_cat","embeddable":true,"href":"https:\/\/mouldking.store\/fr\/wp-json\/wp\/v2\/product_cat?post=39666"},{"taxonomy":"product_tag","embeddable":true,"href":"https:\/\/mouldking.store\/fr\/wp-json\/wp\/v2\/product_tag?post=39666"}],"curies":[{"name":"wp","href":"https:\/\/api.w.org\/{rel}","templated":true}]}}