{"id":39669,"date":"2022-10-06T16:55:55","date_gmt":"2022-10-06T09:55:55","guid":{"rendered":"https:\/\/mouldking.store\/?post_type=product&#038;p=39669"},"modified":"2023-01-06T17:01:26","modified_gmt":"2023-01-06T10:01:26","slug":"loz-1754-im-not-a-square-head-tutu-astronaut-with-710pcs","status":"publish","type":"product","link":"https:\/\/mouldking.store\/fr\/shop\/loz-1754-im-not-a-square-head-tutu-astronaut-with-710pcs\/","title":{"rendered":"LOZ 1754 I&#039;m Not a Square Head: Tutu Astronaut With 710pcs"},"content":{"rendered":"<p>Information produit:<\/p>\n<ol>\n<li>Marque : LOZ<\/li>\n<li>Genre: Unisexe<\/li>\n<li>Name: I\u2019m Not a Square Head: Tutu Astronaut<\/li>\n<li>Tranche d&#039;\u00e2ge : &gt; 6 ans<\/li>\n<li>Model Number: 1754<\/li>\n<li>Classement : Assemblage<\/li>\n<li>Forme de bloc en plastique\u00a0: briques autobloquantes<\/li>\n<li>Mat\u00e9riel: Plastique<\/li>\n<li>Type de plastique : ABS<\/li>\n<li>Bricks Blocks:710PCS<\/li>\n<li>Size: 9 \u00d7 9 \u00d7 13.5 cm<\/li>\n<li>Contient des instructions de montage d\u00e9taill\u00e9es.<\/li>\n<\/ol>\n<p>Avis:<br \/>\n1. Sans bo\u00eete d&#039;origine, mais nous garantissons que nos produits ont une assurance qualit\u00e9 et un bel emballage.<br \/>\n2. Comme toutes les pi\u00e8ces que nous avons v\u00e9rifi\u00e9es avant l&#039;exp\u00e9dition, donc si vous trouvez des pi\u00e8ces manquantes ou endommag\u00e9es, ne vous inqui\u00e9tez pas et veuillez nous contacter et nous pouvons vous les renvoyer imm\u00e9diatement gratuitement.<\/p>\n<figure id=\"attachment_39670\" aria-describedby=\"caption-attachment-39670\" style=\"width: 800px\" class=\"wp-caption aligncenter\"><img fetchpriority=\"high\" decoding=\"async\" class=\"wp-image-39670 size-full\" src=\"https:\/\/mouldking.store\/wp-content\/uploads\/2023\/01\/Tutu-Astronaut-LOZ-1754-5.jpg\" alt=\"LOZ 1754 I\u2019m Not a Square Head: Tutu Astronaut With 710pcs\" width=\"800\" height=\"800\" title=\"-\"><figcaption id=\"caption-attachment-39670\" class=\"wp-caption-text\">LOZ 1754 I&#039;m Not a Square Head: Tutu Astronaut With 710pcs<\/figcaption><\/figure>\n<figure id=\"attachment_39671\" aria-describedby=\"caption-attachment-39671\" style=\"width: 800px\" class=\"wp-caption aligncenter\"><img decoding=\"async\" class=\"wp-image-39671 size-full\" src=\"https:\/\/mouldking.store\/wp-content\/uploads\/2023\/01\/Tutu-Astronaut-LOZ-1754-4.jpg\" alt=\"LOZ 1754 I\u2019m Not a Square Head: Tutu Astronaut With 710pcs\" width=\"800\" height=\"800\" title=\"-\"><figcaption id=\"caption-attachment-39671\" class=\"wp-caption-text\">LOZ 1754 I&#039;m Not a Square Head: Tutu Astronaut With 710pcs<\/figcaption><\/figure>\n<figure id=\"attachment_39672\" aria-describedby=\"caption-attachment-39672\" style=\"width: 1200px\" class=\"wp-caption aligncenter\"><img decoding=\"async\" class=\"wp-image-39672 size-full\" src=\"https:\/\/mouldking.store\/wp-content\/uploads\/2023\/01\/Tutu-Astronaut-LOZ-1754-3.jpg\" alt=\"LOZ 1754 I\u2019m Not a Square Head: Tutu Astronaut With 710pcs\" width=\"1200\" height=\"1579\" title=\"-\"><figcaption id=\"caption-attachment-39672\" class=\"wp-caption-text\">LOZ 1754 I&#039;m Not a Square Head: Tutu Astronaut With 710pcs<\/figcaption><\/figure>\n<figure id=\"attachment_39673\" aria-describedby=\"caption-attachment-39673\" style=\"width: 1200px\" class=\"wp-caption aligncenter\"><img loading=\"lazy\" decoding=\"async\" class=\"wp-image-39673 size-full\" src=\"https:\/\/mouldking.store\/wp-content\/uploads\/2023\/01\/Tutu-Astronaut-LOZ-1754-2.jpg\" alt=\"LOZ 1754 I\u2019m Not a Square Head: Tutu Astronaut With 710pcs\" width=\"1200\" height=\"1579\" title=\"-\"><figcaption id=\"caption-attachment-39673\" class=\"wp-caption-text\">LOZ 1754 I&#039;m Not a Square Head: Tutu Astronaut With 710pcs<\/figcaption><\/figure>\n<figure id=\"attachment_39674\" aria-describedby=\"caption-attachment-39674\" style=\"width: 1200px\" class=\"wp-caption aligncenter\"><img loading=\"lazy\" decoding=\"async\" class=\"wp-image-39674 size-full\" src=\"https:\/\/mouldking.store\/wp-content\/uploads\/2023\/01\/Tutu-Astronaut-LOZ-1754-1.jpg\" alt=\"LOZ 1754 I\u2019m Not a Square Head: Tutu Astronaut With 710pcs\" width=\"1200\" height=\"1579\" title=\"-\"><figcaption id=\"caption-attachment-39674\" class=\"wp-caption-text\">LOZ 1754 I&#039;m Not a Square Head: Tutu Astronaut With 710pcs<\/figcaption><\/figure>","protected":false},"excerpt":{"rendered":"<ul>\n<li>Guide de construction manuelle<\/li>\n<li data-wpmeteor-click=\"true\">Le produit n&#039;inclut pas l&#039;autocollant et les pi\u00e8ces imprim\u00e9es. Toutes les pi\u00e8ces imprim\u00e9es seront remplac\u00e9es par des pi\u00e8ces standard et ne seront pas livr\u00e9es avec des accessoires tiers.<\/li>\n<li data-wpmeteor-click=\"true\">Pr\u00e9vente<\/li>\n<\/ul>","protected":false},"featured_media":39671,"comment_status":"closed","ping_status":"closed","template":"","meta":{"_acf_changed":false},"product_cat":[1365],"product_tag":[10972,6341,10974,10977,2202,10973,10978,10971,10975,10976],"class_list":["product","first","outofstock","shipping-taxable","purchasable","product-type-simple"],"acf":[],"_links":{"self":[{"href":"https:\/\/mouldking.store\/fr\/wp-json\/wp\/v2\/product\/39669","targetHints":{"allow":["GET"]}}],"collection":[{"href":"https:\/\/mouldking.store\/fr\/wp-json\/wp\/v2\/product"}],"about":[{"href":"https:\/\/mouldking.store\/fr\/wp-json\/wp\/v2\/types\/product"}],"replies":[{"embeddable":true,"href":"https:\/\/mouldking.store\/fr\/wp-json\/wp\/v2\/comments?post=39669"}],"wp:featuredmedia":[{"embeddable":true,"href":"https:\/\/mouldking.store\/fr\/wp-json\/wp\/v2\/media\/39671"}],"wp:attachment":[{"href":"https:\/\/mouldking.store\/fr\/wp-json\/wp\/v2\/media?parent=39669"}],"wp:term":[{"taxonomy":"product_cat","embeddable":true,"href":"https:\/\/mouldking.store\/fr\/wp-json\/wp\/v2\/product_cat?post=39669"},{"taxonomy":"product_tag","embeddable":true,"href":"https:\/\/mouldking.store\/fr\/wp-json\/wp\/v2\/product_tag?post=39669"}],"curies":[{"name":"wp","href":"https:\/\/api.w.org\/{rel}","templated":true}]}}