{"id":39676,"date":"2022-10-06T17:01:49","date_gmt":"2022-10-06T10:01:49","guid":{"rendered":"https:\/\/mouldking.store\/?post_type=product&#038;p=39676"},"modified":"2023-01-06T17:08:01","modified_gmt":"2023-01-06T10:08:01","slug":"loz-1753-im-not-a-square-head-blue-and-white-porcelain-astronaut-with-597pcs","status":"publish","type":"product","link":"https:\/\/mouldking.store\/fr\/shop\/loz-1753-im-not-a-square-head-blue-and-white-porcelain-astronaut-with-597pcs\/","title":{"rendered":"LOZ 1753 Je ne suis pas une t\u00eate carr\u00e9e\u00a0: astronaute en porcelaine bleue et blanche avec 597\u00a0pi\u00e8ces"},"content":{"rendered":"<p>Information produit:<\/p>\n<ol>\n<li>Marque : LOZ<\/li>\n<li>Genre: Unisexe<\/li>\n<li>Name: I\u2019m Not a Square Head: Blue and White Porcelain Astronaut<\/li>\n<li>Tranche d&#039;\u00e2ge : &gt; 6 ans<\/li>\n<li>Model Number: 1753<\/li>\n<li>Classement : Assemblage<\/li>\n<li>Forme de bloc en plastique\u00a0: briques autobloquantes<\/li>\n<li>Mat\u00e9riel: Plastique<\/li>\n<li>Type de plastique : ABS<\/li>\n<li>Bricks Blocks:597PCS<\/li>\n<li>Size: 11 \u00d7 9.5 \u00d7 11 cm<\/li>\n<li>Contient des instructions de montage d\u00e9taill\u00e9es.<\/li>\n<\/ol>\n<p>Avis:<br \/>\n1. Sans bo\u00eete d&#039;origine, mais nous garantissons que nos produits ont une assurance qualit\u00e9 et un bel emballage.<br \/>\n2. Comme toutes les pi\u00e8ces que nous avons v\u00e9rifi\u00e9es avant l&#039;exp\u00e9dition, donc si vous trouvez des pi\u00e8ces manquantes ou endommag\u00e9es, ne vous inqui\u00e9tez pas et veuillez nous contacter et nous pouvons vous les renvoyer imm\u00e9diatement gratuitement.<\/p>\n<figure id=\"attachment_39677\" aria-describedby=\"caption-attachment-39677\" style=\"width: 800px\" class=\"wp-caption aligncenter\"><img fetchpriority=\"high\" decoding=\"async\" class=\"wp-image-39677 size-full\" src=\"https:\/\/mouldking.store\/wp-content\/uploads\/2023\/01\/Blue-and-White-Porcelain-Astronaut-LOZ-1753-4.jpg\" alt=\"LOZ 1753 I\u2019m Not a Square Head: Blue and White Porcelain Astronaut With 597pcs\" width=\"800\" height=\"800\" title=\"-\"><figcaption id=\"caption-attachment-39677\" class=\"wp-caption-text\">LOZ 1753 Je ne suis pas une t\u00eate carr\u00e9e\u00a0: astronaute en porcelaine bleue et blanche avec 597\u00a0pi\u00e8ces<\/figcaption><\/figure>\n<figure id=\"attachment_39678\" aria-describedby=\"caption-attachment-39678\" style=\"width: 800px\" class=\"wp-caption aligncenter\"><img decoding=\"async\" class=\"wp-image-39678 size-full\" src=\"https:\/\/mouldking.store\/wp-content\/uploads\/2023\/01\/Blue-and-White-Porcelain-Astronaut-LOZ-1753-3.jpg\" alt=\"LOZ 1753 I\u2019m Not a Square Head: Blue and White Porcelain Astronaut With 597pcs\" width=\"800\" height=\"800\" title=\"-\"><figcaption id=\"caption-attachment-39678\" class=\"wp-caption-text\">LOZ 1753 Je ne suis pas une t\u00eate carr\u00e9e\u00a0: astronaute en porcelaine bleue et blanche avec 597\u00a0pi\u00e8ces<\/figcaption><\/figure>\n<figure id=\"attachment_39679\" aria-describedby=\"caption-attachment-39679\" style=\"width: 1200px\" class=\"wp-caption aligncenter\"><img decoding=\"async\" class=\"wp-image-39679 size-full\" src=\"https:\/\/mouldking.store\/wp-content\/uploads\/2023\/01\/Blue-and-White-Porcelain-Astronaut-LOZ-1753-2.jpg\" alt=\"LOZ 1753 I\u2019m Not a Square Head: Blue and White Porcelain Astronaut With 597pcs\" width=\"1200\" height=\"1579\" title=\"-\"><figcaption id=\"caption-attachment-39679\" class=\"wp-caption-text\">LOZ 1753 Je ne suis pas une t\u00eate carr\u00e9e\u00a0: astronaute en porcelaine bleue et blanche avec 597\u00a0pi\u00e8ces<\/figcaption><\/figure>\n<figure id=\"attachment_39680\" aria-describedby=\"caption-attachment-39680\" style=\"width: 1200px\" class=\"wp-caption aligncenter\"><img loading=\"lazy\" decoding=\"async\" class=\"wp-image-39680 size-full\" src=\"https:\/\/mouldking.store\/wp-content\/uploads\/2023\/01\/Blue-and-White-Porcelain-Astronaut-LOZ-1753-1.jpg\" alt=\"LOZ 1753 I\u2019m Not a Square Head: Blue and White Porcelain Astronaut With 597pcs\" width=\"1200\" height=\"1579\" title=\"-\"><figcaption id=\"caption-attachment-39680\" class=\"wp-caption-text\">LOZ 1753 Je ne suis pas une t\u00eate carr\u00e9e\u00a0: astronaute en porcelaine bleue et blanche avec 597\u00a0pi\u00e8ces<\/figcaption><\/figure>","protected":false},"excerpt":{"rendered":"<ul>\n<li>Guide de construction manuelle<\/li>\n<li data-wpmeteor-click=\"true\">Le produit n&#039;inclut pas l&#039;autocollant et les pi\u00e8ces imprim\u00e9es. Toutes les pi\u00e8ces imprim\u00e9es seront remplac\u00e9es par des pi\u00e8ces standard et ne seront pas livr\u00e9es avec des accessoires tiers.<\/li>\n<li data-wpmeteor-click=\"true\">Pr\u00e9vente<\/li>\n<\/ul>","protected":false},"featured_media":39678,"comment_status":"closed","ping_status":"closed","template":"","meta":{"_acf_changed":false},"product_cat":[1365],"product_tag":[10980,6341,10982,10985,10974,10986,2202,10981,10987,10979,10983,10984,1461],"class_list":["product","first","outofstock","shipping-taxable","purchasable","product-type-simple"],"acf":[],"_links":{"self":[{"href":"https:\/\/mouldking.store\/fr\/wp-json\/wp\/v2\/product\/39676","targetHints":{"allow":["GET"]}}],"collection":[{"href":"https:\/\/mouldking.store\/fr\/wp-json\/wp\/v2\/product"}],"about":[{"href":"https:\/\/mouldking.store\/fr\/wp-json\/wp\/v2\/types\/product"}],"replies":[{"embeddable":true,"href":"https:\/\/mouldking.store\/fr\/wp-json\/wp\/v2\/comments?post=39676"}],"wp:featuredmedia":[{"embeddable":true,"href":"https:\/\/mouldking.store\/fr\/wp-json\/wp\/v2\/media\/39678"}],"wp:attachment":[{"href":"https:\/\/mouldking.store\/fr\/wp-json\/wp\/v2\/media?parent=39676"}],"wp:term":[{"taxonomy":"product_cat","embeddable":true,"href":"https:\/\/mouldking.store\/fr\/wp-json\/wp\/v2\/product_cat?post=39676"},{"taxonomy":"product_tag","embeddable":true,"href":"https:\/\/mouldking.store\/fr\/wp-json\/wp\/v2\/product_tag?post=39676"}],"curies":[{"name":"wp","href":"https:\/\/api.w.org\/{rel}","templated":true}]}}