{"id":39682,"date":"2022-10-06T17:08:24","date_gmt":"2022-10-06T10:08:24","guid":{"rendered":"https:\/\/mouldking.store\/?post_type=product&#038;p=39682"},"modified":"2023-01-06T17:13:39","modified_gmt":"2023-01-06T10:13:39","slug":"inbrixx-880017-kumamon-doll-piggy-bank-with-841pcs","status":"publish","type":"product","link":"https:\/\/mouldking.store\/fr\/shop\/inbrixx-880017-kumamon-doll-piggy-bank-with-841pcs\/","title":{"rendered":"Inbrixx 880017 Tirelire poup\u00e9e Kumamon avec 841 pi\u00e8ces"},"content":{"rendered":"<p>Information produit:<\/p>\n<ol>\n<li>Brand: Inbrixx<\/li>\n<li>Genre: Unisexe<\/li>\n<li>Name: Kumamon Doll Piggy Bank<\/li>\n<li>Tranche d&#039;\u00e2ge : &gt; 6 ans<\/li>\n<li>Model Number: 880017<\/li>\n<li>Classement : Assemblage<\/li>\n<li>Forme de bloc en plastique\u00a0: briques autobloquantes<\/li>\n<li>Mat\u00e9riel: Plastique<\/li>\n<li>Type de plastique : ABS<\/li>\n<li>Bricks Blocks:841PCS<\/li>\n<li>Size: \u00a022.5 \u00d7 14 \u00d7 16 cm<\/li>\n<li>Contient des instructions de montage d\u00e9taill\u00e9es.<\/li>\n<\/ol>\n<p>Avis:<br \/>\n1. Sans bo\u00eete d&#039;origine, mais nous garantissons que nos produits ont une assurance qualit\u00e9 et un bel emballage.<br \/>\n2. Comme toutes les pi\u00e8ces que nous avons v\u00e9rifi\u00e9es avant l&#039;exp\u00e9dition, donc si vous trouvez des pi\u00e8ces manquantes ou endommag\u00e9es, ne vous inqui\u00e9tez pas et veuillez nous contacter et nous pouvons vous les renvoyer imm\u00e9diatement gratuitement.<\/p>\n<figure id=\"attachment_39683\" aria-describedby=\"caption-attachment-39683\" style=\"width: 616px\" class=\"wp-caption aligncenter\"><img fetchpriority=\"high\" decoding=\"async\" class=\"wp-image-39683 size-full\" src=\"https:\/\/mouldking.store\/wp-content\/uploads\/2023\/01\/Kumamon-Doll-Piggy-Bank-Inbrixx-880017-5.jpg\" alt=\"Inbrixx 880017 Kumamon Doll Piggy Bank With 841pcs\" width=\"616\" height=\"606\" title=\"-\"><figcaption id=\"caption-attachment-39683\" class=\"wp-caption-text\">Inbrixx 880017 Tirelire poup\u00e9e Kumamon avec 841 pi\u00e8ces<\/figcaption><\/figure>\n<figure id=\"attachment_39684\" aria-describedby=\"caption-attachment-39684\" style=\"width: 800px\" class=\"wp-caption aligncenter\"><img decoding=\"async\" class=\"wp-image-39684 size-full\" src=\"https:\/\/mouldking.store\/wp-content\/uploads\/2023\/01\/Kumamon-Doll-Piggy-Bank-Inbrixx-880017-4.jpg\" alt=\"Inbrixx 880017 Kumamon Doll Piggy Bank With 841pcs\" width=\"800\" height=\"800\" title=\"-\"><figcaption id=\"caption-attachment-39684\" class=\"wp-caption-text\">Inbrixx 880017 Tirelire poup\u00e9e Kumamon avec 841 pi\u00e8ces<\/figcaption><\/figure>\n<figure id=\"attachment_39685\" aria-describedby=\"caption-attachment-39685\" style=\"width: 800px\" class=\"wp-caption aligncenter\"><img decoding=\"async\" class=\"wp-image-39685 size-full\" src=\"https:\/\/mouldking.store\/wp-content\/uploads\/2023\/01\/Kumamon-Doll-Piggy-Bank-Inbrixx-880017-3.jpg\" alt=\"Inbrixx 880017 Kumamon Doll Piggy Bank With 841pcs\" width=\"800\" height=\"800\" title=\"-\"><figcaption id=\"caption-attachment-39685\" class=\"wp-caption-text\">Inbrixx 880017 Tirelire poup\u00e9e Kumamon avec 841 pi\u00e8ces<\/figcaption><\/figure>\n<figure id=\"attachment_39686\" aria-describedby=\"caption-attachment-39686\" style=\"width: 800px\" class=\"wp-caption aligncenter\"><img loading=\"lazy\" decoding=\"async\" class=\"wp-image-39686 size-full\" src=\"https:\/\/mouldking.store\/wp-content\/uploads\/2023\/01\/Kumamon-Doll-Piggy-Bank-Inbrixx-880017-2.jpg\" alt=\"Inbrixx 880017 Kumamon Doll Piggy Bank With 841pcs\" width=\"800\" height=\"800\" title=\"-\"><figcaption id=\"caption-attachment-39686\" class=\"wp-caption-text\">Inbrixx 880017 Tirelire poup\u00e9e Kumamon avec 841 pi\u00e8ces<\/figcaption><\/figure>\n<figure id=\"attachment_39687\" aria-describedby=\"caption-attachment-39687\" style=\"width: 800px\" class=\"wp-caption aligncenter\"><img loading=\"lazy\" decoding=\"async\" class=\"wp-image-39687 size-full\" src=\"https:\/\/mouldking.store\/wp-content\/uploads\/2023\/01\/Kumamon-Doll-Piggy-Bank-Inbrixx-880017-1.jpg\" alt=\"Inbrixx 880017 Kumamon Doll Piggy Bank With 841pcs\" width=\"800\" height=\"800\" title=\"-\"><figcaption id=\"caption-attachment-39687\" class=\"wp-caption-text\">Inbrixx 880017 Tirelire poup\u00e9e Kumamon avec 841 pi\u00e8ces<\/figcaption><\/figure>","protected":false},"excerpt":{"rendered":"<ul>\n<li>Guide de construction manuelle<\/li>\n<li data-wpmeteor-click=\"true\">Le produit n&#039;inclut pas l&#039;autocollant et les pi\u00e8ces imprim\u00e9es. Toutes les pi\u00e8ces imprim\u00e9es seront remplac\u00e9es par des pi\u00e8ces standard et ne seront pas livr\u00e9es avec des accessoires tiers.<\/li>\n<li data-wpmeteor-click=\"true\">Pr\u00e9vente<\/li>\n<\/ul>","protected":false},"featured_media":39684,"comment_status":"closed","ping_status":"closed","template":"","meta":{"_acf_changed":false},"product_cat":[1365],"product_tag":[10989,10041,7792,7913,10994,10996,10988,10990,10993,10995,10991,10992],"class_list":["product","first","outofstock","shipping-taxable","purchasable","product-type-simple"],"acf":[],"_links":{"self":[{"href":"https:\/\/mouldking.store\/fr\/wp-json\/wp\/v2\/product\/39682","targetHints":{"allow":["GET"]}}],"collection":[{"href":"https:\/\/mouldking.store\/fr\/wp-json\/wp\/v2\/product"}],"about":[{"href":"https:\/\/mouldking.store\/fr\/wp-json\/wp\/v2\/types\/product"}],"replies":[{"embeddable":true,"href":"https:\/\/mouldking.store\/fr\/wp-json\/wp\/v2\/comments?post=39682"}],"wp:featuredmedia":[{"embeddable":true,"href":"https:\/\/mouldking.store\/fr\/wp-json\/wp\/v2\/media\/39684"}],"wp:attachment":[{"href":"https:\/\/mouldking.store\/fr\/wp-json\/wp\/v2\/media?parent=39682"}],"wp:term":[{"taxonomy":"product_cat","embeddable":true,"href":"https:\/\/mouldking.store\/fr\/wp-json\/wp\/v2\/product_cat?post=39682"},{"taxonomy":"product_tag","embeddable":true,"href":"https:\/\/mouldking.store\/fr\/wp-json\/wp\/v2\/product_tag?post=39682"}],"curies":[{"name":"wp","href":"https:\/\/api.w.org\/{rel}","templated":true}]}}