{"id":39688,"date":"2022-10-06T17:14:07","date_gmt":"2022-10-06T10:14:07","guid":{"rendered":"https:\/\/mouldking.store\/?post_type=product&#038;p=39688"},"modified":"2023-01-06T17:21:10","modified_gmt":"2023-01-06T10:21:10","slug":"loz-2180-chinese-new-year-temple-fair-with-3467pcs","status":"publish","type":"product","link":"https:\/\/mouldking.store\/fr\/shop\/loz-2180-chinese-new-year-temple-fair-with-3467pcs\/","title":{"rendered":"LOZ 2180 Foire du Temple du Nouvel An chinois avec 3467 pi\u00e8ces"},"content":{"rendered":"<p>Information produit:<\/p>\n<ol>\n<li>Marque : LOZ<\/li>\n<li>Genre: Unisexe<\/li>\n<li>Name: Chinese New Year Temple Fair<\/li>\n<li>Tranche d&#039;\u00e2ge : &gt; 6 ans<\/li>\n<li>Model Number: 2180<\/li>\n<li>Classement : Assemblage<\/li>\n<li>Forme de bloc en plastique\u00a0: briques autobloquantes<\/li>\n<li>Mat\u00e9riel: Plastique<\/li>\n<li>Type de plastique : ABS<\/li>\n<li>Bricks Blocks:3467PCS<\/li>\n<li>Size: 52.8 \u00d7 18.3 \u00d7 23 cm<\/li>\n<li>Contient des instructions de montage d\u00e9taill\u00e9es.<\/li>\n<\/ol>\n<p>Avis:<br \/>\n1. Sans bo\u00eete d&#039;origine, mais nous garantissons que nos produits ont une assurance qualit\u00e9 et un bel emballage.<br \/>\n2. Comme toutes les pi\u00e8ces que nous avons v\u00e9rifi\u00e9es avant l&#039;exp\u00e9dition, donc si vous trouvez des pi\u00e8ces manquantes ou endommag\u00e9es, ne vous inqui\u00e9tez pas et veuillez nous contacter et nous pouvons vous les renvoyer imm\u00e9diatement gratuitement.<\/p>\n<figure id=\"attachment_39689\" aria-describedby=\"caption-attachment-39689\" style=\"width: 800px\" class=\"wp-caption aligncenter\"><img fetchpriority=\"high\" decoding=\"async\" class=\"wp-image-39689 size-full\" src=\"https:\/\/mouldking.store\/wp-content\/uploads\/2023\/01\/Chinese-New-Year-Temple-Fair-LOZ-2180-8.jpg\" alt=\"LOZ 2180 Chinese New Year Temple Fair With 3467pcs\" width=\"800\" height=\"800\" title=\"-\"><figcaption id=\"caption-attachment-39689\" class=\"wp-caption-text\">LOZ 2180 Foire du Temple du Nouvel An chinois avec 3467 pi\u00e8ces<\/figcaption><\/figure>\n<figure id=\"attachment_39690\" aria-describedby=\"caption-attachment-39690\" style=\"width: 800px\" class=\"wp-caption aligncenter\"><img decoding=\"async\" class=\"wp-image-39690 size-full\" src=\"https:\/\/mouldking.store\/wp-content\/uploads\/2023\/01\/Chinese-New-Year-Temple-Fair-LOZ-2180-7.jpg\" alt=\"LOZ 2180 Chinese New Year Temple Fair With 3467pcs\" width=\"800\" height=\"800\" title=\"-\"><figcaption id=\"caption-attachment-39690\" class=\"wp-caption-text\">LOZ 2180 Foire du Temple du Nouvel An chinois avec 3467 pi\u00e8ces<\/figcaption><\/figure>\n<figure id=\"attachment_39691\" aria-describedby=\"caption-attachment-39691\" style=\"width: 800px\" class=\"wp-caption aligncenter\"><img decoding=\"async\" class=\"wp-image-39691 size-full\" src=\"https:\/\/mouldking.store\/wp-content\/uploads\/2023\/01\/Chinese-New-Year-Temple-Fair-LOZ-2180-6.jpg\" alt=\"LOZ 2180 Chinese New Year Temple Fair With 3467pcs\" width=\"800\" height=\"800\" title=\"-\"><figcaption id=\"caption-attachment-39691\" class=\"wp-caption-text\">LOZ 2180 Foire du Temple du Nouvel An chinois avec 3467 pi\u00e8ces<\/figcaption><\/figure>\n<figure id=\"attachment_39692\" aria-describedby=\"caption-attachment-39692\" style=\"width: 800px\" class=\"wp-caption aligncenter\"><img loading=\"lazy\" decoding=\"async\" class=\"wp-image-39692 size-full\" src=\"https:\/\/mouldking.store\/wp-content\/uploads\/2023\/01\/Chinese-New-Year-Temple-Fair-LOZ-2180-5.jpg\" alt=\"LOZ 2180 Chinese New Year Temple Fair With 3467pcs\" width=\"800\" height=\"800\" title=\"-\"><figcaption id=\"caption-attachment-39692\" class=\"wp-caption-text\">LOZ 2180 Foire du Temple du Nouvel An chinois avec 3467 pi\u00e8ces<\/figcaption><\/figure>\n<figure id=\"attachment_39693\" aria-describedby=\"caption-attachment-39693\" style=\"width: 800px\" class=\"wp-caption aligncenter\"><img loading=\"lazy\" decoding=\"async\" class=\"wp-image-39693 size-full\" src=\"https:\/\/mouldking.store\/wp-content\/uploads\/2023\/01\/Chinese-New-Year-Temple-Fair-LOZ-2180-4.jpg\" alt=\"LOZ 2180 Chinese New Year Temple Fair With 3467pcs\" width=\"800\" height=\"800\" title=\"-\"><figcaption id=\"caption-attachment-39693\" class=\"wp-caption-text\">LOZ 2180 Foire du Temple du Nouvel An chinois avec 3467 pi\u00e8ces<\/figcaption><\/figure>\n<figure id=\"attachment_39694\" aria-describedby=\"caption-attachment-39694\" style=\"width: 800px\" class=\"wp-caption aligncenter\"><img loading=\"lazy\" decoding=\"async\" class=\"wp-image-39694 size-full\" src=\"https:\/\/mouldking.store\/wp-content\/uploads\/2023\/01\/Chinese-New-Year-Temple-Fair-LOZ-2180-3.jpg\" alt=\"LOZ 2180 Chinese New Year Temple Fair With 3467pcs\" width=\"800\" height=\"800\" title=\"-\"><figcaption id=\"caption-attachment-39694\" class=\"wp-caption-text\">LOZ 2180 Foire du Temple du Nouvel An chinois avec 3467 pi\u00e8ces<\/figcaption><\/figure>\n<figure id=\"attachment_39695\" aria-describedby=\"caption-attachment-39695\" style=\"width: 800px\" class=\"wp-caption aligncenter\"><img loading=\"lazy\" decoding=\"async\" class=\"wp-image-39695 size-full\" src=\"https:\/\/mouldking.store\/wp-content\/uploads\/2023\/01\/Chinese-New-Year-Temple-Fair-LOZ-2180-2.jpg\" alt=\"LOZ 2180 Chinese New Year Temple Fair With 3467pcs\" width=\"800\" height=\"800\" title=\"-\"><figcaption id=\"caption-attachment-39695\" class=\"wp-caption-text\">LOZ 2180 Foire du Temple du Nouvel An chinois avec 3467 pi\u00e8ces<\/figcaption><\/figure>\n<figure id=\"attachment_39696\" aria-describedby=\"caption-attachment-39696\" style=\"width: 800px\" class=\"wp-caption aligncenter\"><img loading=\"lazy\" decoding=\"async\" class=\"wp-image-39696 size-full\" src=\"https:\/\/mouldking.store\/wp-content\/uploads\/2023\/01\/Chinese-New-Year-Temple-Fair-LOZ-2180-1.jpg\" alt=\"LOZ 2180 Chinese New Year Temple Fair With 3467pcs\" width=\"800\" height=\"800\" title=\"-\"><figcaption id=\"caption-attachment-39696\" class=\"wp-caption-text\">LOZ 2180 Foire du Temple du Nouvel An chinois avec 3467 pi\u00e8ces<\/figcaption><\/figure>","protected":false},"excerpt":{"rendered":"<ul>\n<li>Guide de construction manuelle<\/li>\n<li data-wpmeteor-click=\"true\">Le produit n&#039;inclut pas l&#039;autocollant et les pi\u00e8ces imprim\u00e9es. Toutes les pi\u00e8ces imprim\u00e9es seront remplac\u00e9es par des pi\u00e8ces standard et ne seront pas livr\u00e9es avec des accessoires tiers.<\/li>\n<li data-wpmeteor-click=\"true\">Pr\u00e9vente<\/li>\n<\/ul>","protected":false},"featured_media":39690,"comment_status":"closed","ping_status":"closed","template":"","meta":{"_acf_changed":false},"product_cat":[1365],"product_tag":[10998,6462,11004,11002,2202,10999,11005,10997,11000,11001,11003],"class_list":["product","first","outofstock","shipping-taxable","purchasable","product-type-simple"],"acf":[],"_links":{"self":[{"href":"https:\/\/mouldking.store\/fr\/wp-json\/wp\/v2\/product\/39688","targetHints":{"allow":["GET"]}}],"collection":[{"href":"https:\/\/mouldking.store\/fr\/wp-json\/wp\/v2\/product"}],"about":[{"href":"https:\/\/mouldking.store\/fr\/wp-json\/wp\/v2\/types\/product"}],"replies":[{"embeddable":true,"href":"https:\/\/mouldking.store\/fr\/wp-json\/wp\/v2\/comments?post=39688"}],"wp:featuredmedia":[{"embeddable":true,"href":"https:\/\/mouldking.store\/fr\/wp-json\/wp\/v2\/media\/39690"}],"wp:attachment":[{"href":"https:\/\/mouldking.store\/fr\/wp-json\/wp\/v2\/media?parent=39688"}],"wp:term":[{"taxonomy":"product_cat","embeddable":true,"href":"https:\/\/mouldking.store\/fr\/wp-json\/wp\/v2\/product_cat?post=39688"},{"taxonomy":"product_tag","embeddable":true,"href":"https:\/\/mouldking.store\/fr\/wp-json\/wp\/v2\/product_tag?post=39688"}],"curies":[{"name":"wp","href":"https:\/\/api.w.org\/{rel}","templated":true}]}}