{"id":39709,"date":"2022-10-06T17:40:55","date_gmt":"2022-10-06T10:40:55","guid":{"rendered":"https:\/\/mouldking.store\/?post_type=product&#038;p=39709"},"modified":"2023-01-06T17:46:23","modified_gmt":"2023-01-06T10:46:23","slug":"loz-1287-world-cute-painting-girl-drinking-pearl-milk-tea-with-676pcs","status":"publish","type":"product","link":"https:\/\/mouldking.store\/fr\/shop\/loz-1287-world-cute-painting-girl-drinking-pearl-milk-tea-with-676pcs\/","title":{"rendered":"LOZ 1287 World Cute Painting: Fille buvant du th\u00e9 au lait perl\u00e9 avec 676 pi\u00e8ces"},"content":{"rendered":"<p>Information produit:<\/p>\n<ol>\n<li>Marque : LOZ<\/li>\n<li>Genre: Unisexe<\/li>\n<li>Name: World Cute Painting: Girl Drinking Pearl Milk Tea<\/li>\n<li>Tranche d&#039;\u00e2ge : &gt; 6 ans<\/li>\n<li>Model Number: 1287<\/li>\n<li>Classement : Assemblage<\/li>\n<li>Forme de bloc en plastique\u00a0: briques autobloquantes<\/li>\n<li>Mat\u00e9riel: Plastique<\/li>\n<li>Type de plastique : ABS<\/li>\n<li>Bricks Blocks:676PCS<\/li>\n<li>Size: 9.5 \u00d7 7 \u00d7 12.5 cm<\/li>\n<li>Contient des instructions de montage d\u00e9taill\u00e9es.<\/li>\n<\/ol>\n<p>Avis:<br \/>\n1. Sans bo\u00eete d&#039;origine, mais nous garantissons que nos produits ont une assurance qualit\u00e9 et un bel emballage.<br \/>\n2. Comme toutes les pi\u00e8ces que nous avons v\u00e9rifi\u00e9es avant l&#039;exp\u00e9dition, donc si vous trouvez des pi\u00e8ces manquantes ou endommag\u00e9es, ne vous inqui\u00e9tez pas et veuillez nous contacter et nous pouvons vous les renvoyer imm\u00e9diatement gratuitement.<\/p>\n<figure id=\"attachment_39710\" aria-describedby=\"caption-attachment-39710\" style=\"width: 597px\" class=\"wp-caption aligncenter\"><img fetchpriority=\"high\" decoding=\"async\" class=\"wp-image-39710 size-full\" src=\"https:\/\/mouldking.store\/wp-content\/uploads\/2023\/01\/Girl-Drinking-Pearl-Milk-Tea-LOZ-1287-2.jpg\" alt=\"LOZ 1287 World Cute Painting: Girl Drinking Pearl Milk Tea With 676pcs\" width=\"597\" height=\"501\" title=\"-\"><figcaption id=\"caption-attachment-39710\" class=\"wp-caption-text\">LOZ 1287 World Cute Painting: Fille buvant du th\u00e9 au lait perl\u00e9 avec 676 pi\u00e8ces<\/figcaption><\/figure>\n<figure id=\"attachment_39711\" aria-describedby=\"caption-attachment-39711\" style=\"width: 800px\" class=\"wp-caption aligncenter\"><img decoding=\"async\" class=\"wp-image-39711 size-full\" src=\"https:\/\/mouldking.store\/wp-content\/uploads\/2023\/01\/Girl-Drinking-Pearl-Milk-Tea-LOZ-1287-1.jpg\" alt=\"LOZ 1287 World Cute Painting: Girl Drinking Pearl Milk Tea With 676pcs\" width=\"800\" height=\"800\" title=\"-\"><figcaption id=\"caption-attachment-39711\" class=\"wp-caption-text\">LOZ 1287 World Cute Painting: Fille buvant du th\u00e9 au lait perl\u00e9 avec 676 pi\u00e8ces<\/figcaption><\/figure>","protected":false},"excerpt":{"rendered":"<ul>\n<li>Guide de construction manuelle<\/li>\n<li data-wpmeteor-click=\"true\">Le produit n&#039;inclut pas l&#039;autocollant et les pi\u00e8ces imprim\u00e9es. Toutes les pi\u00e8ces imprim\u00e9es seront remplac\u00e9es par des pi\u00e8ces standard et ne seront pas livr\u00e9es avec des accessoires tiers.<\/li>\n<li data-wpmeteor-click=\"true\">Pr\u00e9vente<\/li>\n<\/ul>","protected":false},"featured_media":39711,"comment_status":"closed","ping_status":"closed","template":"","meta":{"_acf_changed":false},"product_cat":[1365],"product_tag":[11032,11036,11035,11038,2202,11033,11040,11031,7204,11037,11034,11039],"class_list":["product","first","outofstock","shipping-taxable","purchasable","product-type-simple"],"acf":[],"_links":{"self":[{"href":"https:\/\/mouldking.store\/fr\/wp-json\/wp\/v2\/product\/39709","targetHints":{"allow":["GET"]}}],"collection":[{"href":"https:\/\/mouldking.store\/fr\/wp-json\/wp\/v2\/product"}],"about":[{"href":"https:\/\/mouldking.store\/fr\/wp-json\/wp\/v2\/types\/product"}],"replies":[{"embeddable":true,"href":"https:\/\/mouldking.store\/fr\/wp-json\/wp\/v2\/comments?post=39709"}],"wp:featuredmedia":[{"embeddable":true,"href":"https:\/\/mouldking.store\/fr\/wp-json\/wp\/v2\/media\/39711"}],"wp:attachment":[{"href":"https:\/\/mouldking.store\/fr\/wp-json\/wp\/v2\/media?parent=39709"}],"wp:term":[{"taxonomy":"product_cat","embeddable":true,"href":"https:\/\/mouldking.store\/fr\/wp-json\/wp\/v2\/product_cat?post=39709"},{"taxonomy":"product_tag","embeddable":true,"href":"https:\/\/mouldking.store\/fr\/wp-json\/wp\/v2\/product_tag?post=39709"}],"curies":[{"name":"wp","href":"https:\/\/api.w.org\/{rel}","templated":true}]}}