{"id":39712,"date":"2022-10-06T17:46:48","date_gmt":"2022-10-06T10:46:48","guid":{"rendered":"https:\/\/mouldking.store\/?post_type=product&#038;p=39712"},"modified":"2023-01-06T17:55:42","modified_gmt":"2023-01-06T10:55:42","slug":"loz-1286-the-worlds-cute-painting-lisa-zhai-with-604pcs","status":"publish","type":"product","link":"https:\/\/mouldking.store\/fr\/shop\/loz-1286-the-worlds-cute-painting-lisa-zhai-with-604pcs\/","title":{"rendered":"LOZ 1286 The World\u2019s Cute Painting: Lisa Zhai With 604pcs"},"content":{"rendered":"<p>Information produit:<\/p>\n<ol>\n<li>Marque : LOZ<\/li>\n<li>Genre: Unisexe<\/li>\n<li>Name: The World\u2019s Cute Painting: Lisa Zhai<\/li>\n<li>Tranche d&#039;\u00e2ge : &gt; 6 ans<\/li>\n<li>Model Number: 1286<\/li>\n<li>Classement : Assemblage<\/li>\n<li>Forme de bloc en plastique\u00a0: briques autobloquantes<\/li>\n<li>Mat\u00e9riel: Plastique<\/li>\n<li>Type de plastique : ABS<\/li>\n<li>Bricks Blocks:604PCS<\/li>\n<li>Size: 9.5 \u00d7 7 \u00d7 12.5 cm<\/li>\n<li>Contient des instructions de montage d\u00e9taill\u00e9es.<\/li>\n<\/ol>\n<p>Avis:<br \/>\n1. Sans bo\u00eete d&#039;origine, mais nous garantissons que nos produits ont une assurance qualit\u00e9 et un bel emballage.<br \/>\n2. Comme toutes les pi\u00e8ces que nous avons v\u00e9rifi\u00e9es avant l&#039;exp\u00e9dition, donc si vous trouvez des pi\u00e8ces manquantes ou endommag\u00e9es, ne vous inqui\u00e9tez pas et veuillez nous contacter et nous pouvons vous les renvoyer imm\u00e9diatement gratuitement.<\/p>\n<figure id=\"attachment_39713\" aria-describedby=\"caption-attachment-39713\" style=\"width: 595px\" class=\"wp-caption aligncenter\"><img fetchpriority=\"high\" decoding=\"async\" class=\"wp-image-39713 size-full\" src=\"https:\/\/mouldking.store\/wp-content\/uploads\/2023\/01\/Lisa-Zhai-LOZ-1286-2.jpg\" alt=\"LOZ 1286 The World\u2019s Cute Painting: Lisa Zhai With 604pcs\" width=\"595\" height=\"513\" title=\"-\"><figcaption id=\"caption-attachment-39713\" class=\"wp-caption-text\">LOZ 1286 The World\u2019s Cute Painting: Lisa Zhai With 604pcs<\/figcaption><\/figure>\n<figure id=\"attachment_39714\" aria-describedby=\"caption-attachment-39714\" style=\"width: 800px\" class=\"wp-caption aligncenter\"><img decoding=\"async\" class=\"wp-image-39714 size-full\" src=\"https:\/\/mouldking.store\/wp-content\/uploads\/2023\/01\/Lisa-Zhai-LOZ-1286-1.jpg\" alt=\"LOZ 1286 The World\u2019s Cute Painting: Lisa Zhai With 604pcs\" width=\"800\" height=\"800\" title=\"-\"><figcaption id=\"caption-attachment-39714\" class=\"wp-caption-text\">LOZ 1286 The World\u2019s Cute Painting: Lisa Zhai With 604pcs<\/figcaption><\/figure>","protected":false},"excerpt":{"rendered":"<ul>\n<li>Guide de construction manuelle<\/li>\n<li data-wpmeteor-click=\"true\">Le produit n&#039;inclut pas l&#039;autocollant et les pi\u00e8ces imprim\u00e9es. Toutes les pi\u00e8ces imprim\u00e9es seront remplac\u00e9es par des pi\u00e8ces standard et ne seront pas livr\u00e9es avec des accessoires tiers.<\/li>\n<li data-wpmeteor-click=\"true\">Pr\u00e9vente<\/li>\n<\/ul>","protected":false},"featured_media":39714,"comment_status":"closed","ping_status":"closed","template":"","meta":{"_acf_changed":false},"product_cat":[1365],"product_tag":[11042,11044,2202,11046,11047,11041,7204,11043,11045],"class_list":["product","first","outofstock","shipping-taxable","purchasable","product-type-simple"],"acf":[],"_links":{"self":[{"href":"https:\/\/mouldking.store\/fr\/wp-json\/wp\/v2\/product\/39712","targetHints":{"allow":["GET"]}}],"collection":[{"href":"https:\/\/mouldking.store\/fr\/wp-json\/wp\/v2\/product"}],"about":[{"href":"https:\/\/mouldking.store\/fr\/wp-json\/wp\/v2\/types\/product"}],"replies":[{"embeddable":true,"href":"https:\/\/mouldking.store\/fr\/wp-json\/wp\/v2\/comments?post=39712"}],"wp:featuredmedia":[{"embeddable":true,"href":"https:\/\/mouldking.store\/fr\/wp-json\/wp\/v2\/media\/39714"}],"wp:attachment":[{"href":"https:\/\/mouldking.store\/fr\/wp-json\/wp\/v2\/media?parent=39712"}],"wp:term":[{"taxonomy":"product_cat","embeddable":true,"href":"https:\/\/mouldking.store\/fr\/wp-json\/wp\/v2\/product_cat?post=39712"},{"taxonomy":"product_tag","embeddable":true,"href":"https:\/\/mouldking.store\/fr\/wp-json\/wp\/v2\/product_tag?post=39712"}],"curies":[{"name":"wp","href":"https:\/\/api.w.org\/{rel}","templated":true}]}}