{"id":39715,"date":"2022-10-06T17:56:09","date_gmt":"2022-10-06T10:56:09","guid":{"rendered":"https:\/\/mouldking.store\/?post_type=product&#038;p=39715"},"modified":"2023-01-06T18:03:39","modified_gmt":"2023-01-06T11:03:39","slug":"jiestar-91024-honda-neowing-three-wheeled-motorcycle-with-996pcs","status":"publish","type":"product","link":"https:\/\/mouldking.store\/fr\/shop\/jiestar-91024-honda-neowing-three-wheeled-motorcycle-with-996pcs\/","title":{"rendered":"JIESTAR 91024 Honda NEOWING moto \u00e0 trois roues avec 996 pi\u00e8ces"},"content":{"rendered":"<p>Information produit:<\/p>\n<ol>\n<li>Marque : JIESTAR<\/li>\n<li>Genre: Unisexe<\/li>\n<li>Name: Honda NEOWING Three-wheeled Motorcycle<\/li>\n<li>Tranche d&#039;\u00e2ge : &gt; 6 ans<\/li>\n<li>Model Number: 91024<\/li>\n<li>Classement : Assemblage<\/li>\n<li>Forme de bloc en plastique\u00a0: briques autobloquantes<\/li>\n<li>Mat\u00e9riel: Plastique<\/li>\n<li>Type de plastique : ABS<\/li>\n<li>Bricks Blocks:996PCS<\/li>\n<li>Size: 26.4 \u00d7 17.6 \u00d7 17.6 cm<\/li>\n<li>Contient des instructions de montage d\u00e9taill\u00e9es.<\/li>\n<\/ol>\n<p>Avis:<br \/>\n1. Sans bo\u00eete d&#039;origine, mais nous garantissons que nos produits ont une assurance qualit\u00e9 et un bel emballage.<br \/>\n2. Comme toutes les pi\u00e8ces que nous avons v\u00e9rifi\u00e9es avant l&#039;exp\u00e9dition, donc si vous trouvez des pi\u00e8ces manquantes ou endommag\u00e9es, ne vous inqui\u00e9tez pas et veuillez nous contacter et nous pouvons vous les renvoyer imm\u00e9diatement gratuitement.<\/p>\n<figure id=\"attachment_39716\" aria-describedby=\"caption-attachment-39716\" style=\"width: 800px\" class=\"wp-caption aligncenter\"><img fetchpriority=\"high\" decoding=\"async\" class=\"wp-image-39716 size-full\" src=\"https:\/\/mouldking.store\/wp-content\/uploads\/2023\/01\/Honda-NEOWING-Three-wheeled-Motorcycle-JIESTAR-91024.jpg\" alt=\"JIESTAR 91024 Honda NEOWING Three-wheeled Motorcycle With 996pcs\" width=\"800\" height=\"800\" title=\"-\"><figcaption id=\"caption-attachment-39716\" class=\"wp-caption-text\">JIESTAR 91024 Honda NEOWING moto \u00e0 trois roues avec 996 pi\u00e8ces<\/figcaption><\/figure>","protected":false},"excerpt":{"rendered":"<ul>\n<li>Guide de construction manuelle<\/li>\n<li data-wpmeteor-click=\"true\">Le produit n&#039;inclut pas l&#039;autocollant et les pi\u00e8ces imprim\u00e9es. Toutes les pi\u00e8ces imprim\u00e9es seront remplac\u00e9es par des pi\u00e8ces standard et ne seront pas livr\u00e9es avec des accessoires tiers.<\/li>\n<li data-wpmeteor-click=\"true\">Pr\u00e9vente<\/li>\n<\/ul>","protected":false},"featured_media":39716,"comment_status":"closed","ping_status":"closed","template":"","meta":{"_acf_changed":false},"product_cat":[1365],"product_tag":[11049,9118,11051,11055,3075,11052,11056,11048,2449,11050,11053,11054],"class_list":["product","first","outofstock","shipping-taxable","purchasable","product-type-simple"],"acf":[],"_links":{"self":[{"href":"https:\/\/mouldking.store\/fr\/wp-json\/wp\/v2\/product\/39715","targetHints":{"allow":["GET"]}}],"collection":[{"href":"https:\/\/mouldking.store\/fr\/wp-json\/wp\/v2\/product"}],"about":[{"href":"https:\/\/mouldking.store\/fr\/wp-json\/wp\/v2\/types\/product"}],"replies":[{"embeddable":true,"href":"https:\/\/mouldking.store\/fr\/wp-json\/wp\/v2\/comments?post=39715"}],"wp:featuredmedia":[{"embeddable":true,"href":"https:\/\/mouldking.store\/fr\/wp-json\/wp\/v2\/media\/39716"}],"wp:attachment":[{"href":"https:\/\/mouldking.store\/fr\/wp-json\/wp\/v2\/media?parent=39715"}],"wp:term":[{"taxonomy":"product_cat","embeddable":true,"href":"https:\/\/mouldking.store\/fr\/wp-json\/wp\/v2\/product_cat?post=39715"},{"taxonomy":"product_tag","embeddable":true,"href":"https:\/\/mouldking.store\/fr\/wp-json\/wp\/v2\/product_tag?post=39715"}],"curies":[{"name":"wp","href":"https:\/\/api.w.org\/{rel}","templated":true}]}}