{"id":39722,"date":"2022-10-06T18:09:26","date_gmt":"2022-10-06T11:09:26","guid":{"rendered":"https:\/\/mouldking.store\/?post_type=product&#038;p=39722"},"modified":"2023-01-06T18:15:40","modified_gmt":"2023-01-06T11:15:40","slug":"jiestar-91025-bmw-f-850-gs-adventure-with-781pcs","status":"publish","type":"product","link":"https:\/\/mouldking.store\/fr\/shop\/jiestar-91025-bmw-f-850-gs-adventure-with-781pcs\/","title":{"rendered":"JIESTAR 91025 BMW F 850 \u200b\u200b\u200b\u200bGS Aventure Avec 781pcs"},"content":{"rendered":"<p>Information produit:<\/p>\n<ol>\n<li>Marque : JIESTAR<\/li>\n<li>Genre: Unisexe<\/li>\n<li>Name: BMW F 850 \u200b\u200bGS Adventure<\/li>\n<li>Tranche d&#039;\u00e2ge : &gt; 6 ans<\/li>\n<li>Model Number: 91025<\/li>\n<li>Classement : Assemblage<\/li>\n<li>Forme de bloc en plastique\u00a0: briques autobloquantes<\/li>\n<li>Mat\u00e9riel: Plastique<\/li>\n<li>Type de plastique : ABS<\/li>\n<li>Bricks Blocks:781PCS<\/li>\n<li>Size: 32.8 \u00d7 14.4 \u00d7 17.6 cm<\/li>\n<li>Contient des instructions de montage d\u00e9taill\u00e9es.<\/li>\n<\/ol>\n<p>Avis:<br \/>\n1. Sans bo\u00eete d&#039;origine, mais nous garantissons que nos produits ont une assurance qualit\u00e9 et un bel emballage.<br \/>\n2. Comme toutes les pi\u00e8ces que nous avons v\u00e9rifi\u00e9es avant l&#039;exp\u00e9dition, donc si vous trouvez des pi\u00e8ces manquantes ou endommag\u00e9es, ne vous inqui\u00e9tez pas et veuillez nous contacter et nous pouvons vous les renvoyer imm\u00e9diatement gratuitement.<\/p>\n<figure id=\"attachment_39723\" aria-describedby=\"caption-attachment-39723\" style=\"width: 800px\" class=\"wp-caption aligncenter\"><img fetchpriority=\"high\" decoding=\"async\" class=\"wp-image-39723 size-full\" src=\"https:\/\/mouldking.store\/wp-content\/uploads\/2023\/01\/BMW-F-850-\u200b\u200bGS-Adventure-JIESTAR-91025-3.jpg\" alt=\"JIESTAR 91025 BMW F 850 \u200b\u200bGS Adventure With 781pcs\" width=\"800\" height=\"800\" title=\"-\"><figcaption id=\"caption-attachment-39723\" class=\"wp-caption-text\">JIESTAR 91025 BMW F 850 \u200b\u200b\u200b\u200bGS Aventure Avec 781pcs<\/figcaption><\/figure>\n<figure id=\"attachment_39724\" aria-describedby=\"caption-attachment-39724\" style=\"width: 800px\" class=\"wp-caption aligncenter\"><img decoding=\"async\" class=\"wp-image-39724 size-full\" src=\"https:\/\/mouldking.store\/wp-content\/uploads\/2023\/01\/BMW-F-850-\u200b\u200bGS-Adventure-JIESTAR-91025-2.jpg\" alt=\"JIESTAR 91025 BMW F 850 \u200b\u200bGS Adventure With 781pcs\" width=\"800\" height=\"800\" title=\"-\"><figcaption id=\"caption-attachment-39724\" class=\"wp-caption-text\">JIESTAR 91025 BMW F 850 \u200b\u200b\u200b\u200bGS Aventure Avec 781pcs<\/figcaption><\/figure>\n<figure id=\"attachment_39725\" aria-describedby=\"caption-attachment-39725\" style=\"width: 800px\" class=\"wp-caption aligncenter\"><img decoding=\"async\" class=\"wp-image-39725 size-full\" src=\"https:\/\/mouldking.store\/wp-content\/uploads\/2023\/01\/BMW-F-850-\u200b\u200bGS-Adventure-JIESTAR-91025-1.jpg\" alt=\"JIESTAR 91025 BMW F 850 \u200b\u200bGS Adventure With 781pcs\" width=\"800\" height=\"800\" title=\"-\"><figcaption id=\"caption-attachment-39725\" class=\"wp-caption-text\">JIESTAR 91025 BMW F 850 \u200b\u200b\u200b\u200bGS Aventure Avec 781pcs<\/figcaption><\/figure>","protected":false},"excerpt":{"rendered":"<ul>\n<li>Guide de construction manuelle<\/li>\n<li data-wpmeteor-click=\"true\">Le produit n&#039;inclut pas l&#039;autocollant et les pi\u00e8ces imprim\u00e9es. Toutes les pi\u00e8ces imprim\u00e9es seront remplac\u00e9es par des pi\u00e8ces standard et ne seront pas livr\u00e9es avec des accessoires tiers.<\/li>\n<li data-wpmeteor-click=\"true\">Pr\u00e9vente<\/li>\n<\/ul>","protected":false},"featured_media":39724,"comment_status":"closed","ping_status":"closed","template":"","meta":{"_acf_changed":false},"product_cat":[1357],"product_tag":[11064,6470,5583,11066,11065,3075,11067,11063],"class_list":["product","first","outofstock","shipping-taxable","purchasable","product-type-simple"],"acf":[],"_links":{"self":[{"href":"https:\/\/mouldking.store\/fr\/wp-json\/wp\/v2\/product\/39722","targetHints":{"allow":["GET"]}}],"collection":[{"href":"https:\/\/mouldking.store\/fr\/wp-json\/wp\/v2\/product"}],"about":[{"href":"https:\/\/mouldking.store\/fr\/wp-json\/wp\/v2\/types\/product"}],"replies":[{"embeddable":true,"href":"https:\/\/mouldking.store\/fr\/wp-json\/wp\/v2\/comments?post=39722"}],"wp:featuredmedia":[{"embeddable":true,"href":"https:\/\/mouldking.store\/fr\/wp-json\/wp\/v2\/media\/39724"}],"wp:attachment":[{"href":"https:\/\/mouldking.store\/fr\/wp-json\/wp\/v2\/media?parent=39722"}],"wp:term":[{"taxonomy":"product_cat","embeddable":true,"href":"https:\/\/mouldking.store\/fr\/wp-json\/wp\/v2\/product_cat?post=39722"},{"taxonomy":"product_tag","embeddable":true,"href":"https:\/\/mouldking.store\/fr\/wp-json\/wp\/v2\/product_tag?post=39722"}],"curies":[{"name":"wp","href":"https:\/\/api.w.org\/{rel}","templated":true}]}}