{"id":39805,"date":"2023-01-11T09:51:53","date_gmt":"2023-01-11T02:51:53","guid":{"rendered":"https:\/\/mouldking.store\/shop\/quanguan-757-green-friend-with-376-pieces\/"},"modified":"2023-01-11T09:51:53","modified_gmt":"2023-01-11T02:51:53","slug":"quanguan-757-green-friend-with-376-pieces","status":"publish","type":"product","link":"https:\/\/mouldking.store\/fr\/shop\/quanguan-757-green-friend-with-376-pieces\/","title":{"rendered":"QUANGUAN 757 Ami vert avec 376 pi\u00e8ces"},"content":{"rendered":"<div>1. Num\u00e9ro de mod\u00e8le : 757<br \/>2. Attention : ne peut pas manger<br \/>3. Tranche d&#039;\u00e2ge : &gt; 6 ans<br \/>4. Certificat : 3C<br \/>5. Forme de bloc en plastique\u00a0: briques autobloquantes<br \/>6. Mat\u00e9riel: Plastique<br \/>7. Type de plastique : ABS<br \/>8. Blocs de briques : ~376+PCS<\/div>","protected":false},"excerpt":{"rendered":"<p>Marque : QUANGUAN<br \/>\nGenre: Unisexe<br \/>\nTranche d&#039;\u00e2ge : &gt; 6 ans<br \/>\nNum\u00e9ro de mod\u00e8le: 757<br \/>\nClassement : Assemblage<br \/>\nForme de bloc en plastique\u00a0: briques autobloquantes<br \/>\nMat\u00e9riel: Plastique<br \/>\nType de plastique : ABS<br \/>\nBlocs de briques : 376 +<br \/>\nSans boite d&#039;origine<\/p>","protected":false},"featured_media":39801,"comment_status":"open","ping_status":"closed","template":"","meta":{"_acf_changed":false},"product_cat":[1365,371,581,1408],"product_tag":[11072,8452,6688,9139,434,6687],"class_list":["product","first","instock","shipping-taxable","purchasable","product-type-simple"],"acf":[],"_links":{"self":[{"href":"https:\/\/mouldking.store\/fr\/wp-json\/wp\/v2\/product\/39805","targetHints":{"allow":["GET"]}}],"collection":[{"href":"https:\/\/mouldking.store\/fr\/wp-json\/wp\/v2\/product"}],"about":[{"href":"https:\/\/mouldking.store\/fr\/wp-json\/wp\/v2\/types\/product"}],"replies":[{"embeddable":true,"href":"https:\/\/mouldking.store\/fr\/wp-json\/wp\/v2\/comments?post=39805"}],"wp:featuredmedia":[{"embeddable":true,"href":"https:\/\/mouldking.store\/fr\/wp-json\/wp\/v2\/media\/39801"}],"wp:attachment":[{"href":"https:\/\/mouldking.store\/fr\/wp-json\/wp\/v2\/media?parent=39805"}],"wp:term":[{"taxonomy":"product_cat","embeddable":true,"href":"https:\/\/mouldking.store\/fr\/wp-json\/wp\/v2\/product_cat?post=39805"},{"taxonomy":"product_tag","embeddable":true,"href":"https:\/\/mouldking.store\/fr\/wp-json\/wp\/v2\/product_tag?post=39805"}],"curies":[{"name":"wp","href":"https:\/\/api.w.org\/{rel}","templated":true}]}}