{"id":39884,"date":"2023-01-13T09:43:38","date_gmt":"2023-01-13T02:43:38","guid":{"rendered":"https:\/\/mouldking.store\/shop\/zhegao-ql0987-chinese-new-year-music-box-fortune-tree-with-566-pieces\/"},"modified":"2023-01-13T09:43:38","modified_gmt":"2023-01-13T02:43:38","slug":"zhegao-ql0987-chinese-new-year-music-box-fortune-tree-with-566-pieces","status":"publish","type":"product","link":"https:\/\/mouldking.store\/fr\/shop\/zhegao-ql0987-chinese-new-year-music-box-fortune-tree-with-566-pieces\/","title":{"rendered":"ZHEGAO QL0987 Bo\u00eete \u00e0 musique du Nouvel An chinois : Arbre de fortune avec 566 pi\u00e8ces"},"content":{"rendered":"<div>\u00b7Num\u00e9ro d&#039;article : QL0987<br \/>\u00b7Nom du produit\u00a0: bo\u00eete \u00e0 musique du nouvel an chinois\u00a0: arbre de la fortune<br \/>\u00b7Th\u00e8me : F\u00eate du Printemps<br \/>\u00b7Blocs de briques : 566\u00b1pcs<br \/>\u00b7Mat\u00e9riau : Plastique ABS<br \/>\u00b7\u00a0\u00c2ges\u00a0:\u00a06+<br \/>.Attention : ne peut pas manger<\/div>","protected":false},"excerpt":{"rendered":"<p>Marque : ZHEGAO<br \/>\nGenre: Unisexe<br \/>\nTranche d&#039;\u00e2ge : &gt; 6 ans<br \/>\nNum\u00e9ro de mod\u00e8le: QL0987<br \/>\nClassement : Assemblage<br \/>\nForme de bloc en plastique\u00a0: briques autobloquantes<br \/>\nMat\u00e9riel: Plastique<br \/>\nType de plastique : ABS<br \/>\nBlocs de briques : 566 +<br \/>\nAucune bo\u00eete<\/p>","protected":false},"featured_media":39880,"comment_status":"open","ping_status":"closed","template":"","meta":{"_acf_changed":false},"product_cat":[1365,371],"product_tag":[11072,8452,11076,11077,5983],"class_list":["product","first","instock","shipping-taxable","purchasable","product-type-simple"],"acf":[],"_links":{"self":[{"href":"https:\/\/mouldking.store\/fr\/wp-json\/wp\/v2\/product\/39884","targetHints":{"allow":["GET"]}}],"collection":[{"href":"https:\/\/mouldking.store\/fr\/wp-json\/wp\/v2\/product"}],"about":[{"href":"https:\/\/mouldking.store\/fr\/wp-json\/wp\/v2\/types\/product"}],"replies":[{"embeddable":true,"href":"https:\/\/mouldking.store\/fr\/wp-json\/wp\/v2\/comments?post=39884"}],"wp:featuredmedia":[{"embeddable":true,"href":"https:\/\/mouldking.store\/fr\/wp-json\/wp\/v2\/media\/39880"}],"wp:attachment":[{"href":"https:\/\/mouldking.store\/fr\/wp-json\/wp\/v2\/media?parent=39884"}],"wp:term":[{"taxonomy":"product_cat","embeddable":true,"href":"https:\/\/mouldking.store\/fr\/wp-json\/wp\/v2\/product_cat?post=39884"},{"taxonomy":"product_tag","embeddable":true,"href":"https:\/\/mouldking.store\/fr\/wp-json\/wp\/v2\/product_tag?post=39884"}],"curies":[{"name":"wp","href":"https:\/\/api.w.org\/{rel}","templated":true}]}}