{"id":39920,"date":"2023-01-13T11:48:19","date_gmt":"2023-01-13T04:48:19","guid":{"rendered":"https:\/\/mouldking.store\/shop\/sembo-612201-spongebob-patrick-star-with-404-pieces\/"},"modified":"2023-01-13T11:48:19","modified_gmt":"2023-01-13T04:48:19","slug":"sembo-612201-spongebob-patrick-star-with-404-pieces","status":"publish","type":"product","link":"https:\/\/mouldking.store\/fr\/shop\/sembo-612201-spongebob-patrick-star-with-404-pieces\/","title":{"rendered":"SEMBO 612201 Bob l&#039;\u00e9ponge Patrick Star avec 404 pi\u00e8ces"},"content":{"rendered":"<div>1. Num\u00e9ro de mod\u00e8le : 612201<br \/>2. Attention : ne peut pas manger<br \/>3. Tranche d&#039;\u00e2ge : &gt; 6 ans<br \/>4. Certificat : 3C<br \/>5. Forme de bloc en plastique\u00a0: briques autobloquantes<br \/>6. Mat\u00e9riel: Plastique<br \/>7. Type de plastique : ABS<br \/>8. Blocs de briques : ~404+PCS<\/div>","protected":false},"excerpt":{"rendered":"<p>Marque : SEMBO<br \/>\nGenre: Unisexe<br \/>\nTranche d&#039;\u00e2ge : &gt; 6 ans<br \/>\nNum\u00e9ro de mod\u00e8le: 612201<br \/>\nClassement : Assemblage<br \/>\nForme de bloc en plastique\u00a0: briques autobloquantes<br \/>\nMat\u00e9riel: Plastique<br \/>\nType de plastique : ABS<br \/>\nBlocs de briques : 404 +<br \/>\nSans bo\u00eete<\/p>","protected":false},"featured_media":39916,"comment_status":"open","ping_status":"closed","template":"","meta":{"_acf_changed":false},"product_cat":[1365,371,581,1408],"product_tag":[11085,11072,8452,434,11087,11086],"class_list":["product","first","instock","shipping-taxable","purchasable","product-type-simple"],"acf":[],"_links":{"self":[{"href":"https:\/\/mouldking.store\/fr\/wp-json\/wp\/v2\/product\/39920","targetHints":{"allow":["GET"]}}],"collection":[{"href":"https:\/\/mouldking.store\/fr\/wp-json\/wp\/v2\/product"}],"about":[{"href":"https:\/\/mouldking.store\/fr\/wp-json\/wp\/v2\/types\/product"}],"replies":[{"embeddable":true,"href":"https:\/\/mouldking.store\/fr\/wp-json\/wp\/v2\/comments?post=39920"}],"wp:featuredmedia":[{"embeddable":true,"href":"https:\/\/mouldking.store\/fr\/wp-json\/wp\/v2\/media\/39916"}],"wp:attachment":[{"href":"https:\/\/mouldking.store\/fr\/wp-json\/wp\/v2\/media?parent=39920"}],"wp:term":[{"taxonomy":"product_cat","embeddable":true,"href":"https:\/\/mouldking.store\/fr\/wp-json\/wp\/v2\/product_cat?post=39920"},{"taxonomy":"product_tag","embeddable":true,"href":"https:\/\/mouldking.store\/fr\/wp-json\/wp\/v2\/product_tag?post=39920"}],"curies":[{"name":"wp","href":"https:\/\/api.w.org\/{rel}","templated":true}]}}