{"id":40196,"date":"2023-01-18T21:47:41","date_gmt":"2023-01-18T14:47:41","guid":{"rendered":"https:\/\/mouldking.store\/shop\/moc-factory-89494-rainbow-friends-golden-flower-with-309-pieces\/"},"modified":"2025-12-16T22:25:28","modified_gmt":"2025-12-16T15:25:28","slug":"moc-factory-89494-rainbow-friends-golden-flower-with-309-pieces","status":"publish","type":"product","link":"https:\/\/mouldking.store\/fr\/shop\/moc-factory-89494-rainbow-friends-golden-flower-with-309-pieces\/","title":{"rendered":"MOC Factory 89494 Rainbow Friends Fleur dor\u00e9e avec 309 pi\u00e8ces"},"content":{"rendered":"<div>Nombre de pi\u00e8ces : 309 briques<br \/>Dimensions : 20,7 x 4,8 x 24,6 cm<br \/>Poids\u00a0: 0,24\u00a0kg<\/div>","protected":false},"excerpt":{"rendered":"<p>Marque : MOC Factory<br \/>\nGenre: Unisexe<br \/>\nTranche d&#039;\u00e2ge : &gt; 8 ans<br \/>\nNum\u00e9ro de mod\u00e8le: 89494<br \/>\nClassement : Assemblage<br \/>\nForme de bloc en plastique\u00a0: briques autobloquantes<br \/>\nMat\u00e9riel: Plastique<br \/>\nType de plastique : ABS<br \/>\nBlocs de briques : 309 +<br \/>\nAucune bo\u00eete<\/p>","protected":false},"author":83,"featured_media":40190,"comment_status":"open","ping_status":"closed","template":"","meta":{"_acf_changed":false},"product_cat":[1365,371,581,1408],"product_tag":[11072,8452,11106,6688,9139,11105,434,6687,7070],"class_list":["product","first","instock","shipping-taxable","purchasable","product-type-simple"],"acf":[],"_links":{"self":[{"href":"https:\/\/mouldking.store\/fr\/wp-json\/wp\/v2\/product\/40196","targetHints":{"allow":["GET"]}}],"collection":[{"href":"https:\/\/mouldking.store\/fr\/wp-json\/wp\/v2\/product"}],"about":[{"href":"https:\/\/mouldking.store\/fr\/wp-json\/wp\/v2\/types\/product"}],"author":[{"embeddable":true,"href":"https:\/\/mouldking.store\/fr\/wp-json\/wp\/v2\/users\/83"}],"replies":[{"embeddable":true,"href":"https:\/\/mouldking.store\/fr\/wp-json\/wp\/v2\/comments?post=40196"}],"wp:featuredmedia":[{"embeddable":true,"href":"https:\/\/mouldking.store\/fr\/wp-json\/wp\/v2\/media\/40190"}],"wp:attachment":[{"href":"https:\/\/mouldking.store\/fr\/wp-json\/wp\/v2\/media?parent=40196"}],"wp:term":[{"taxonomy":"product_cat","embeddable":true,"href":"https:\/\/mouldking.store\/fr\/wp-json\/wp\/v2\/product_cat?post=40196"},{"taxonomy":"product_tag","embeddable":true,"href":"https:\/\/mouldking.store\/fr\/wp-json\/wp\/v2\/product_tag?post=40196"}],"curies":[{"name":"wp","href":"https:\/\/api.w.org\/{rel}","templated":true}]}}