{"id":40216,"date":"2023-01-19T09:24:46","date_gmt":"2023-01-19T02:24:46","guid":{"rendered":"https:\/\/mouldking.store\/shop\/taigaole-tgl-t5037a-16-porsche-911-with-5588-pieces\/"},"modified":"2023-01-19T09:24:46","modified_gmt":"2023-01-19T02:24:46","slug":"taigaole-tgl-t5037a-16-porsche-911-with-5588-pieces","status":"publish","type":"product","link":"https:\/\/mouldking.store\/fr\/shop\/taigaole-tgl-t5037a-16-porsche-911-with-5588-pieces\/","title":{"rendered":"TaiGaoLe TGL T5037A 1:6 Porsche 911 avec 5588 pi\u00e8ces"},"content":{"rendered":"<div>1. Num\u00e9ro de mod\u00e8le : T 5037A<br \/>2. Attention : ne peut pas manger<br \/>3. Tranche d&#039;\u00e2ge : &gt; 6 ans<br \/>4. Certificat : 3C<br \/>5. Forme de bloc en plastique\u00a0: briques autobloquantes<br \/>6. Mat\u00e9riel: Plastique<br \/>7. Type de plastique : ABS<br \/>8. Blocs de briques : ~5588+PCS<\/div>","protected":false},"excerpt":{"rendered":"<p>Marque : TaiGaoLe<br \/>\nGenre: Unisexe<br \/>\nTranche d&#039;\u00e2ge : &gt; 6 ans<br \/>\nNum\u00e9ro de mod\u00e8le: TGL T5037A<br \/>\nClassement : Assemblage<br \/>\nForme de bloc en plastique\u00a0: briques autobloquantes<br \/>\nMat\u00e9riel: Plastique<br \/>\nType de plastique : ABS<br \/>\nBlocs de Briques : 5588 +<br \/>\nAucune bo\u00eete<\/p>","protected":false},"featured_media":40213,"comment_status":"open","ping_status":"closed","template":"","meta":{"_acf_changed":false},"product_cat":[1360,1357,364],"product_tag":[457,2754,389,11080],"class_list":["product","first","instock","shipping-taxable","purchasable","product-type-simple"],"acf":[],"_links":{"self":[{"href":"https:\/\/mouldking.store\/fr\/wp-json\/wp\/v2\/product\/40216","targetHints":{"allow":["GET"]}}],"collection":[{"href":"https:\/\/mouldking.store\/fr\/wp-json\/wp\/v2\/product"}],"about":[{"href":"https:\/\/mouldking.store\/fr\/wp-json\/wp\/v2\/types\/product"}],"replies":[{"embeddable":true,"href":"https:\/\/mouldking.store\/fr\/wp-json\/wp\/v2\/comments?post=40216"}],"wp:featuredmedia":[{"embeddable":true,"href":"https:\/\/mouldking.store\/fr\/wp-json\/wp\/v2\/media\/40213"}],"wp:attachment":[{"href":"https:\/\/mouldking.store\/fr\/wp-json\/wp\/v2\/media?parent=40216"}],"wp:term":[{"taxonomy":"product_cat","embeddable":true,"href":"https:\/\/mouldking.store\/fr\/wp-json\/wp\/v2\/product_cat?post=40216"},{"taxonomy":"product_tag","embeddable":true,"href":"https:\/\/mouldking.store\/fr\/wp-json\/wp\/v2\/product_tag?post=40216"}],"curies":[{"name":"wp","href":"https:\/\/api.w.org\/{rel}","templated":true}]}}