{"id":40268,"date":"2023-01-19T10:37:27","date_gmt":"2023-01-19T03:37:27","guid":{"rendered":"https:\/\/mouldking.store\/shop\/qman-enlighten-keeppley-42113-fantastic-ideas-guardians-of-the-deep-with-237-pieces\/"},"modified":"2023-01-19T10:37:27","modified_gmt":"2023-01-19T03:37:27","slug":"qman-enlighten-keeppley-42113-fantastic-ideas-guardians-of-the-deep-with-237-pieces","status":"publish","type":"product","link":"https:\/\/mouldking.store\/fr\/shop\/qman-enlighten-keeppley-42113-fantastic-ideas-guardians-of-the-deep-with-237-pieces\/","title":{"rendered":"QMAN \/ ENLIGHTEN \/ KEEPPLEY 42113 Id\u00e9es fantastiques : Gardiens des profondeurs avec 237 pi\u00e8ces"},"content":{"rendered":"<div>Nombre de pi\u00e8ces 237 pi\u00e8ces<\/div>","protected":false},"excerpt":{"rendered":"<p>Marque: QMAN\/\u00c9CLAIRER\/KEEPPLEY<br \/>\nGenre: Unisexe<br \/>\nTranche d&#039;\u00e2ge : &gt; 6 ans<br \/>\nNum\u00e9ro de mod\u00e8le: 42113<br \/>\nClassement : Assemblage<br \/>\nForme de bloc en plastique\u00a0: briques autobloquantes<br \/>\nMat\u00e9riel: Plastique<br \/>\nType de plastique : ABS<br \/>\nBlocs de briques : 237 +<br \/>\nPr\u00e9vente<br \/>\nRupture de stock<\/p>","protected":false},"featured_media":40267,"comment_status":"open","ping_status":"closed","template":"","meta":{"_acf_changed":false},"product_cat":[1365,371],"product_tag":[11110,11072,8452,9486,11111,5969],"class_list":["product","first","instock","shipping-taxable","purchasable","product-type-simple"],"acf":[],"_links":{"self":[{"href":"https:\/\/mouldking.store\/fr\/wp-json\/wp\/v2\/product\/40268","targetHints":{"allow":["GET"]}}],"collection":[{"href":"https:\/\/mouldking.store\/fr\/wp-json\/wp\/v2\/product"}],"about":[{"href":"https:\/\/mouldking.store\/fr\/wp-json\/wp\/v2\/types\/product"}],"replies":[{"embeddable":true,"href":"https:\/\/mouldking.store\/fr\/wp-json\/wp\/v2\/comments?post=40268"}],"wp:featuredmedia":[{"embeddable":true,"href":"https:\/\/mouldking.store\/fr\/wp-json\/wp\/v2\/media\/40267"}],"wp:attachment":[{"href":"https:\/\/mouldking.store\/fr\/wp-json\/wp\/v2\/media?parent=40268"}],"wp:term":[{"taxonomy":"product_cat","embeddable":true,"href":"https:\/\/mouldking.store\/fr\/wp-json\/wp\/v2\/product_cat?post=40268"},{"taxonomy":"product_tag","embeddable":true,"href":"https:\/\/mouldking.store\/fr\/wp-json\/wp\/v2\/product_tag?post=40268"}],"curies":[{"name":"wp","href":"https:\/\/api.w.org\/{rel}","templated":true}]}}