{"id":40271,"date":"2023-01-19T10:42:23","date_gmt":"2023-01-19T03:42:23","guid":{"rendered":"https:\/\/mouldking.store\/shop\/qman-enlighten-keeppley-42112-unlimited-ideas-armed-vanguard-with-328-pieces\/"},"modified":"2023-01-19T10:42:23","modified_gmt":"2023-01-19T03:42:23","slug":"qman-enlighten-keeppley-42112-unlimited-ideas-armed-vanguard-with-328-pieces","status":"publish","type":"product","link":"https:\/\/mouldking.store\/fr\/shop\/qman-enlighten-keeppley-42112-unlimited-ideas-armed-vanguard-with-328-pieces\/","title":{"rendered":"QMAN \/ ENLIGHTEN \/ KEEPPLEY 42112 Unlimited Ideas : Armed Vanguard avec 328 pi\u00e8ces"},"content":{"rendered":"<div>Nombre de pi\u00e8ces 328 pi\u00e8ces<br \/>Produit fini 8,5 \u00d7 5,5 \u00d7 4 cm<\/div>","protected":false},"excerpt":{"rendered":"<p>Marque: QMAN\/\u00c9CLAIRER\/KEEPPLEY<br \/>\nGenre: Unisexe<br \/>\nTranche d&#039;\u00e2ge : &gt; 6 ans<br \/>\nNum\u00e9ro de mod\u00e8le: 42112<br \/>\nClassement : Assemblage<br \/>\nForme de bloc en plastique\u00a0: briques autobloquantes<br \/>\nMat\u00e9riel: Plastique<br \/>\nType de plastique : ABS<br \/>\nBlocs de briques : 328 +<br \/>\nPr\u00e9vente<br \/>\nRupture de stock<\/p>","protected":false},"featured_media":40269,"comment_status":"open","ping_status":"closed","template":"","meta":{"_acf_changed":false},"product_cat":[1350,372],"product_tag":[11112,374,485],"class_list":["product","first","instock","shipping-taxable","purchasable","product-type-simple"],"acf":[],"_links":{"self":[{"href":"https:\/\/mouldking.store\/fr\/wp-json\/wp\/v2\/product\/40271","targetHints":{"allow":["GET"]}}],"collection":[{"href":"https:\/\/mouldking.store\/fr\/wp-json\/wp\/v2\/product"}],"about":[{"href":"https:\/\/mouldking.store\/fr\/wp-json\/wp\/v2\/types\/product"}],"replies":[{"embeddable":true,"href":"https:\/\/mouldking.store\/fr\/wp-json\/wp\/v2\/comments?post=40271"}],"wp:featuredmedia":[{"embeddable":true,"href":"https:\/\/mouldking.store\/fr\/wp-json\/wp\/v2\/media\/40269"}],"wp:attachment":[{"href":"https:\/\/mouldking.store\/fr\/wp-json\/wp\/v2\/media?parent=40271"}],"wp:term":[{"taxonomy":"product_cat","embeddable":true,"href":"https:\/\/mouldking.store\/fr\/wp-json\/wp\/v2\/product_cat?post=40271"},{"taxonomy":"product_tag","embeddable":true,"href":"https:\/\/mouldking.store\/fr\/wp-json\/wp\/v2\/product_tag?post=40271"}],"curies":[{"name":"wp","href":"https:\/\/api.w.org\/{rel}","templated":true}]}}