{"id":40390,"date":"2023-01-19T16:10:44","date_gmt":"2023-01-19T09:10:44","guid":{"rendered":"https:\/\/mouldking.store\/shop\/moc-factory-20801-laputa-castle-in-the-sky-with-1126-pieces\/"},"modified":"2025-12-16T22:25:28","modified_gmt":"2025-12-16T15:25:28","slug":"moc-factory-20801-laputa-castle-in-the-sky-with-1126-pieces","status":"publish","type":"product","link":"https:\/\/mouldking.store\/fr\/shop\/moc-factory-20801-laputa-castle-in-the-sky-with-1126-pieces\/","title":{"rendered":"MOC Factory 20801 Laputa - Ch\u00e2teau dans le ciel avec 1126 pi\u00e8ces"},"content":{"rendered":"<div>Nombre de pi\u00e8ces : 1126 briques<br \/>Dimensions : 24 x 9,6 x 36,64 cm<br \/>Poids\u00a0: 0,62\u00a0kg<\/div>","protected":false},"excerpt":{"rendered":"<p>Marque : MOC Factory<br \/>\nGenre: Unisexe<br \/>\nTranche d&#039;\u00e2ge : &gt; 8 ans<br \/>\nNum\u00e9ro de mod\u00e8le: 20801<br \/>\nClassement : Assemblage<br \/>\nForme de bloc en plastique\u00a0: briques autobloquantes<br \/>\nMat\u00e9riel: Plastique<br \/>\nType de plastique : ABS<br \/>\nBlocs de Briques : 1126 +<br \/>\nAucune bo\u00eete<\/p>","protected":false},"featured_media":40384,"comment_status":"open","ping_status":"closed","template":"","meta":{"_acf_changed":false},"product_cat":[1365,371],"product_tag":[787,11072,8452,590,790],"class_list":["product","first","instock","shipping-taxable","purchasable","product-type-simple"],"acf":[],"_links":{"self":[{"href":"https:\/\/mouldking.store\/fr\/wp-json\/wp\/v2\/product\/40390","targetHints":{"allow":["GET"]}}],"collection":[{"href":"https:\/\/mouldking.store\/fr\/wp-json\/wp\/v2\/product"}],"about":[{"href":"https:\/\/mouldking.store\/fr\/wp-json\/wp\/v2\/types\/product"}],"replies":[{"embeddable":true,"href":"https:\/\/mouldking.store\/fr\/wp-json\/wp\/v2\/comments?post=40390"}],"wp:featuredmedia":[{"embeddable":true,"href":"https:\/\/mouldking.store\/fr\/wp-json\/wp\/v2\/media\/40384"}],"wp:attachment":[{"href":"https:\/\/mouldking.store\/fr\/wp-json\/wp\/v2\/media?parent=40390"}],"wp:term":[{"taxonomy":"product_cat","embeddable":true,"href":"https:\/\/mouldking.store\/fr\/wp-json\/wp\/v2\/product_cat?post=40390"},{"taxonomy":"product_tag","embeddable":true,"href":"https:\/\/mouldking.store\/fr\/wp-json\/wp\/v2\/product_tag?post=40390"}],"curies":[{"name":"wp","href":"https:\/\/api.w.org\/{rel}","templated":true}]}}