{"id":40460,"date":"2023-01-27T14:31:56","date_gmt":"2023-01-27T07:31:56","guid":{"rendered":"https:\/\/mouldking.store\/shop\/balody-21026-shanghai-bund-tea-house-with-2522-pieces\/"},"modified":"2023-01-27T14:31:56","modified_gmt":"2023-01-27T07:31:56","slug":"balody-21026-shanghai-bund-tea-house-with-2522-pieces","status":"publish","type":"product","link":"https:\/\/mouldking.store\/fr\/shop\/balody-21026-shanghai-bund-tea-house-with-2522-pieces\/","title":{"rendered":"BALODY 21026 Shanghai Bund : Maison de th\u00e9 avec 2522 pi\u00e8ces"},"content":{"rendered":"<div>Nombre de pi\u00e8ces 2522 pi\u00e8ces<br \/>Produit fini 19,2 \u00d7 21,6 \u00d7 22,6 cm<\/div>","protected":false},"excerpt":{"rendered":"<p>Marque : BALODY<br \/>\nGenre: Unisexe<br \/>\nTranche d&#039;\u00e2ge : &gt; 8 ans<br \/>\nNum\u00e9ro de mod\u00e8le: 21026<br \/>\nClassement : Assemblage<br \/>\nForme de bloc en plastique\u00a0: briques autobloquantes<br \/>\nMat\u00e9riel: Plastique<br \/>\nType de plastique : ABS<br \/>\nBlocs de Briques : 2522 +<br \/>\nPr\u00e9vente<br \/>\nRupture de stock<\/p>","protected":false},"featured_media":40457,"comment_status":"open","ping_status":"closed","template":"","meta":{"_acf_changed":false},"product_cat":[1365,1395,390],"product_tag":[4883,8452,2318,11099,392,11132],"class_list":["product","first","instock","shipping-taxable","purchasable","product-type-simple"],"acf":[],"_links":{"self":[{"href":"https:\/\/mouldking.store\/fr\/wp-json\/wp\/v2\/product\/40460","targetHints":{"allow":["GET"]}}],"collection":[{"href":"https:\/\/mouldking.store\/fr\/wp-json\/wp\/v2\/product"}],"about":[{"href":"https:\/\/mouldking.store\/fr\/wp-json\/wp\/v2\/types\/product"}],"replies":[{"embeddable":true,"href":"https:\/\/mouldking.store\/fr\/wp-json\/wp\/v2\/comments?post=40460"}],"wp:featuredmedia":[{"embeddable":true,"href":"https:\/\/mouldking.store\/fr\/wp-json\/wp\/v2\/media\/40457"}],"wp:attachment":[{"href":"https:\/\/mouldking.store\/fr\/wp-json\/wp\/v2\/media?parent=40460"}],"wp:term":[{"taxonomy":"product_cat","embeddable":true,"href":"https:\/\/mouldking.store\/fr\/wp-json\/wp\/v2\/product_cat?post=40460"},{"taxonomy":"product_tag","embeddable":true,"href":"https:\/\/mouldking.store\/fr\/wp-json\/wp\/v2\/product_tag?post=40460"}],"curies":[{"name":"wp","href":"https:\/\/api.w.org\/{rel}","templated":true}]}}