{"id":40464,"date":"2023-01-27T14:37:59","date_gmt":"2023-01-27T07:37:59","guid":{"rendered":"https:\/\/mouldking.store\/shop\/balody-21025-shanghai-beach-grand-hotel-with-3824-pieces\/"},"modified":"2023-01-27T14:37:59","modified_gmt":"2023-01-27T07:37:59","slug":"balody-21025-shanghai-beach-grand-hotel-with-3824-pieces","status":"publish","type":"product","link":"https:\/\/mouldking.store\/fr\/shop\/balody-21025-shanghai-beach-grand-hotel-with-3824-pieces\/","title":{"rendered":"BALODY 21025 Shanghai Beach : Grand H\u00f4tel de 3824 Pi\u00e8ces"},"content":{"rendered":"<div>Nombre de pi\u00e8ces 3824 pi\u00e8ces<\/div>\n<div>Produit fini 20,4 \u00d7 19,2 \u00d7 35 cm<\/div>","protected":false},"excerpt":{"rendered":"<p>Marque : BALODY<br \/>\nGenre: Unisexe<br \/>\nTranche d&#039;\u00e2ge : &gt; 8 ans<br \/>\nNum\u00e9ro de mod\u00e8le: 21025<br \/>\nClassement : Assemblage<br \/>\nForme de bloc en plastique\u00a0: briques autobloquantes<br \/>\nMat\u00e9riel: Plastique<br \/>\nType de plastique : ABS<br \/>\nBlocs de Briques : 3824 +<br \/>\nPr\u00e9vente<br \/>\nRupture de stock<\/p>","protected":false},"featured_media":40461,"comment_status":"open","ping_status":"closed","template":"","meta":{"_acf_changed":false},"product_cat":[1395,390],"product_tag":[9760,4883,10633,11099,392,11126],"class_list":["product","first","instock","shipping-taxable","purchasable","product-type-simple"],"acf":[],"_links":{"self":[{"href":"https:\/\/mouldking.store\/fr\/wp-json\/wp\/v2\/product\/40464","targetHints":{"allow":["GET"]}}],"collection":[{"href":"https:\/\/mouldking.store\/fr\/wp-json\/wp\/v2\/product"}],"about":[{"href":"https:\/\/mouldking.store\/fr\/wp-json\/wp\/v2\/types\/product"}],"replies":[{"embeddable":true,"href":"https:\/\/mouldking.store\/fr\/wp-json\/wp\/v2\/comments?post=40464"}],"wp:featuredmedia":[{"embeddable":true,"href":"https:\/\/mouldking.store\/fr\/wp-json\/wp\/v2\/media\/40461"}],"wp:attachment":[{"href":"https:\/\/mouldking.store\/fr\/wp-json\/wp\/v2\/media?parent=40464"}],"wp:term":[{"taxonomy":"product_cat","embeddable":true,"href":"https:\/\/mouldking.store\/fr\/wp-json\/wp\/v2\/product_cat?post=40464"},{"taxonomy":"product_tag","embeddable":true,"href":"https:\/\/mouldking.store\/fr\/wp-json\/wp\/v2\/product_tag?post=40464"}],"curies":[{"name":"wp","href":"https:\/\/api.w.org\/{rel}","templated":true}]}}