{"id":40472,"date":"2023-01-27T15:16:16","date_gmt":"2023-01-27T08:16:16","guid":{"rendered":"https:\/\/mouldking.store\/shop\/taigaole-t2044-scar-assault-rifle-with-1090-pieces\/"},"modified":"2023-01-27T15:16:16","modified_gmt":"2023-01-27T08:16:16","slug":"taigaole-t2044-scar-assault-rifle-with-1090-pieces","status":"publish","type":"product","link":"https:\/\/mouldking.store\/fr\/shop\/taigaole-t2044-scar-assault-rifle-with-1090-pieces\/","title":{"rendered":"Fusil d&#039;assaut TaiGaoLe T2044 SCAR avec 1090 pi\u00e8ces"},"content":{"rendered":"<div>Nombre de pi\u00e8ces 1090 pi\u00e8ces<br \/>Produit fini 60 \u00d7 6 \u00d7 23 cm<\/div>","protected":false},"excerpt":{"rendered":"<p>Marque : TaiGaoLe<br \/>\nGenre: Unisexe<br \/>\nTranche d&#039;\u00e2ge : &gt; 14 ans<br \/>\nNum\u00e9ro de mod\u00e8le: T2044<br \/>\nClassement : Assemblage<br \/>\nForme de bloc en plastique\u00a0: briques autobloquantes<br \/>\nMat\u00e9riel: Plastique<br \/>\nType de plastique : ABS<br \/>\nBlocs de briques : 1090 +<br \/>\nPr\u00e9vente<br \/>\nRupture de stock<\/p>","protected":false},"featured_media":40471,"comment_status":"open","ping_status":"closed","template":"","meta":{"_acf_changed":false},"product_cat":[1350,371,372],"product_tag":[7147,11072,5154,374,11135],"class_list":["product","first","instock","shipping-taxable","purchasable","product-type-simple"],"acf":[],"_links":{"self":[{"href":"https:\/\/mouldking.store\/fr\/wp-json\/wp\/v2\/product\/40472","targetHints":{"allow":["GET"]}}],"collection":[{"href":"https:\/\/mouldking.store\/fr\/wp-json\/wp\/v2\/product"}],"about":[{"href":"https:\/\/mouldking.store\/fr\/wp-json\/wp\/v2\/types\/product"}],"replies":[{"embeddable":true,"href":"https:\/\/mouldking.store\/fr\/wp-json\/wp\/v2\/comments?post=40472"}],"wp:featuredmedia":[{"embeddable":true,"href":"https:\/\/mouldking.store\/fr\/wp-json\/wp\/v2\/media\/40471"}],"wp:attachment":[{"href":"https:\/\/mouldking.store\/fr\/wp-json\/wp\/v2\/media?parent=40472"}],"wp:term":[{"taxonomy":"product_cat","embeddable":true,"href":"https:\/\/mouldking.store\/fr\/wp-json\/wp\/v2\/product_cat?post=40472"},{"taxonomy":"product_tag","embeddable":true,"href":"https:\/\/mouldking.store\/fr\/wp-json\/wp\/v2\/product_tag?post=40472"}],"curies":[{"name":"wp","href":"https:\/\/api.w.org\/{rel}","templated":true}]}}