{"id":40475,"date":"2023-01-27T15:21:23","date_gmt":"2023-01-27T08:21:23","guid":{"rendered":"https:\/\/mouldking.store\/shop\/kazi-gbl-bozhi-ky1090-mechanical-engineer-bugatti-supercar-flame-mecha-with-1311-pieces\/"},"modified":"2023-01-27T15:21:23","modified_gmt":"2023-01-27T08:21:23","slug":"kazi-gbl-bozhi-ky1090-mechanical-engineer-bugatti-supercar-flame-mecha-with-1311-pieces","status":"publish","type":"product","link":"https:\/\/mouldking.store\/fr\/shop\/kazi-gbl-bozhi-ky1090-mechanical-engineer-bugatti-supercar-flame-mecha-with-1311-pieces\/","title":{"rendered":"KAZI \/ GBL \/ BOZHI KY1090 Ing\u00e9nieur m\u00e9canique : Bugatti Supercar Flame Mecha avec 1311 pi\u00e8ces"},"content":{"rendered":"<div>Number of parts 1311 pcs<br \/>Finished product 33.7 \u00d7 16.6 \u00d7 9 cm<\/div>","protected":false},"excerpt":{"rendered":"<p>Marque : KAZI \/ GBL \/ BOZHI<br \/>\nGenre: Unisexe<br \/>\nTranche d&#039;\u00e2ge : &gt; 6 ans<br \/>\nModel Number: KY1090<br \/>\nClassement : Assemblage<br \/>\nForme de bloc en plastique\u00a0: briques autobloquantes<br \/>\nMat\u00e9riel: Plastique<br \/>\nType de plastique : ABS<br \/>\nBricks Blocks: 1311 +<br \/>\nPr\u00e9vente<br \/>\nRupture de stock<\/p>","protected":false},"featured_media":40473,"comment_status":"open","ping_status":"closed","template":"","meta":{"_acf_changed":false},"product_cat":[1360,1357,364],"product_tag":[1730,457,11137,10826,9302,11136,588,389,11080],"class_list":["product","first","instock","shipping-taxable","purchasable","product-type-simple"],"acf":[],"_links":{"self":[{"href":"https:\/\/mouldking.store\/fr\/wp-json\/wp\/v2\/product\/40475","targetHints":{"allow":["GET"]}}],"collection":[{"href":"https:\/\/mouldking.store\/fr\/wp-json\/wp\/v2\/product"}],"about":[{"href":"https:\/\/mouldking.store\/fr\/wp-json\/wp\/v2\/types\/product"}],"replies":[{"embeddable":true,"href":"https:\/\/mouldking.store\/fr\/wp-json\/wp\/v2\/comments?post=40475"}],"wp:featuredmedia":[{"embeddable":true,"href":"https:\/\/mouldking.store\/fr\/wp-json\/wp\/v2\/media\/40473"}],"wp:attachment":[{"href":"https:\/\/mouldking.store\/fr\/wp-json\/wp\/v2\/media?parent=40475"}],"wp:term":[{"taxonomy":"product_cat","embeddable":true,"href":"https:\/\/mouldking.store\/fr\/wp-json\/wp\/v2\/product_cat?post=40475"},{"taxonomy":"product_tag","embeddable":true,"href":"https:\/\/mouldking.store\/fr\/wp-json\/wp\/v2\/product_tag?post=40475"}],"curies":[{"name":"wp","href":"https:\/\/api.w.org\/{rel}","templated":true}]}}