{"id":40478,"date":"2023-01-27T15:26:03","date_gmt":"2023-01-27T08:26:03","guid":{"rendered":"https:\/\/mouldking.store\/shop\/kazi-gbl-bozhi-ky1083-mechanical-engineer-bugatti-pull-back-supercar-with-385-pieces\/"},"modified":"2023-01-27T15:26:03","modified_gmt":"2023-01-27T08:26:03","slug":"kazi-gbl-bozhi-ky1083-mechanical-engineer-bugatti-pull-back-supercar-with-385-pieces","status":"publish","type":"product","link":"https:\/\/mouldking.store\/fr\/shop\/kazi-gbl-bozhi-ky1083-mechanical-engineer-bugatti-pull-back-supercar-with-385-pieces\/","title":{"rendered":"KAZI \/ GBL \/ BOZHI KY1083 Ing\u00e9nieur m\u00e9canique : Bugatti Pull-back Supercar avec 385 pi\u00e8ces"},"content":{"rendered":"<div>Number of parts 385 pcs<\/div>","protected":false},"excerpt":{"rendered":"<p>Marque : KAZI \/ GBL \/ BOZHI<br \/>\nGenre: Unisexe<br \/>\nTranche d&#039;\u00e2ge : &gt; 6 ans<br \/>\nModel Number: KY1083<br \/>\nClassement : Assemblage<br \/>\nForme de bloc en plastique\u00a0: briques autobloquantes<br \/>\nMat\u00e9riel: Plastique<br \/>\nType de plastique : ABS<br \/>\nBricks Blocks: 385 +<br \/>\nPr\u00e9vente<br \/>\nRupture de stock<\/p>","protected":false},"featured_media":40476,"comment_status":"open","ping_status":"closed","template":"","meta":{"_acf_changed":false},"product_cat":[1360,1357,364],"product_tag":[1730,457,11137,11138,11139,588,389,11080],"class_list":["product","first","instock","shipping-taxable","purchasable","product-type-simple"],"acf":[],"_links":{"self":[{"href":"https:\/\/mouldking.store\/fr\/wp-json\/wp\/v2\/product\/40478","targetHints":{"allow":["GET"]}}],"collection":[{"href":"https:\/\/mouldking.store\/fr\/wp-json\/wp\/v2\/product"}],"about":[{"href":"https:\/\/mouldking.store\/fr\/wp-json\/wp\/v2\/types\/product"}],"replies":[{"embeddable":true,"href":"https:\/\/mouldking.store\/fr\/wp-json\/wp\/v2\/comments?post=40478"}],"wp:featuredmedia":[{"embeddable":true,"href":"https:\/\/mouldking.store\/fr\/wp-json\/wp\/v2\/media\/40476"}],"wp:attachment":[{"href":"https:\/\/mouldking.store\/fr\/wp-json\/wp\/v2\/media?parent=40478"}],"wp:term":[{"taxonomy":"product_cat","embeddable":true,"href":"https:\/\/mouldking.store\/fr\/wp-json\/wp\/v2\/product_cat?post=40478"},{"taxonomy":"product_tag","embeddable":true,"href":"https:\/\/mouldking.store\/fr\/wp-json\/wp\/v2\/product_tag?post=40478"}],"curies":[{"name":"wp","href":"https:\/\/api.w.org\/{rel}","templated":true}]}}