{"id":40525,"date":"2023-01-30T10:01:33","date_gmt":"2023-01-30T03:01:33","guid":{"rendered":"https:\/\/mouldking.store\/shop\/kazi-gbl-bozhi-ky84123-modern-equipment-multifunctional-armored-vehicles-with-418-pieces\/"},"modified":"2023-01-30T10:01:33","modified_gmt":"2023-01-30T03:01:33","slug":"kazi-gbl-bozhi-ky84123-modern-equipment-multifunctional-armored-vehicles-with-418-pieces","status":"publish","type":"product","link":"https:\/\/mouldking.store\/fr\/shop\/kazi-gbl-bozhi-ky84123-modern-equipment-multifunctional-armored-vehicles-with-418-pieces\/","title":{"rendered":"KAZI \/ GBL \/ BOZHI KY84123 \u00c9quipement Moderne : V\u00e9hicules Blind\u00e9s Multifonctionnels avec 418 Pi\u00e8ces"},"content":{"rendered":"<div>\u00c9quipement moderne : le v\u00e9hicule blind\u00e9 de position multifonctionnel appartient \u00e0 la s\u00e9rie militaire d&#039;ensembles de blocs de construction, et l&#039;ensemble complet contient 418 particules de blocs de construction. Premi\u00e8re sortie en 2023.<\/div>","protected":false},"excerpt":{"rendered":"<p>Marque : KAZI \/ GBL \/ BOZHI<br \/>\nGenre: Unisexe<br \/>\nTranche d&#039;\u00e2ge : &gt; 8 ans<br \/>\nNum\u00e9ro de mod\u00e8le: KY84123<br \/>\nClassement : Assemblage<br \/>\nForme de bloc en plastique\u00a0: briques autobloquantes<br \/>\nMat\u00e9riel: Plastique<br \/>\nType de plastique : ABS<br \/>\nBlocs de briques : 418 +<br \/>\nPr\u00e9vente<br \/>\nRupture de stock<\/p>","protected":false},"featured_media":40524,"comment_status":"open","ping_status":"closed","template":"","meta":{"_acf_changed":false},"product_cat":[1365,1350,372],"product_tag":[11148,8452,11146,374,11145,11147,485,2803],"class_list":["product","first","instock","shipping-taxable","purchasable","product-type-simple"],"acf":[],"_links":{"self":[{"href":"https:\/\/mouldking.store\/fr\/wp-json\/wp\/v2\/product\/40525","targetHints":{"allow":["GET"]}}],"collection":[{"href":"https:\/\/mouldking.store\/fr\/wp-json\/wp\/v2\/product"}],"about":[{"href":"https:\/\/mouldking.store\/fr\/wp-json\/wp\/v2\/types\/product"}],"replies":[{"embeddable":true,"href":"https:\/\/mouldking.store\/fr\/wp-json\/wp\/v2\/comments?post=40525"}],"wp:featuredmedia":[{"embeddable":true,"href":"https:\/\/mouldking.store\/fr\/wp-json\/wp\/v2\/media\/40524"}],"wp:attachment":[{"href":"https:\/\/mouldking.store\/fr\/wp-json\/wp\/v2\/media?parent=40525"}],"wp:term":[{"taxonomy":"product_cat","embeddable":true,"href":"https:\/\/mouldking.store\/fr\/wp-json\/wp\/v2\/product_cat?post=40525"},{"taxonomy":"product_tag","embeddable":true,"href":"https:\/\/mouldking.store\/fr\/wp-json\/wp\/v2\/product_tag?post=40525"}],"curies":[{"name":"wp","href":"https:\/\/api.w.org\/{rel}","templated":true}]}}