{"id":40533,"date":"2023-01-30T10:25:42","date_gmt":"2023-01-30T03:25:42","guid":{"rendered":"https:\/\/mouldking.store\/shop\/sluban-m38-b1113-the-jedi-counterattack-of-chinese-table-tennis-with-315-pieces\/"},"modified":"2024-08-28T17:16:52","modified_gmt":"2024-08-28T10:16:52","slug":"sluban-m38-b1113-the-jedi-counterattack-of-chinese-table-tennis-with-315-pieces","status":"publish","type":"product","link":"https:\/\/mouldking.store\/fr\/shop\/sluban-m38-b1113-the-jedi-counterattack-of-chinese-table-tennis-with-315-pieces\/","title":{"rendered":"Sluban M38-B1113 La contre-attaque Jedi du tennis de table chinois avec 315 pi\u00e8ces"},"content":{"rendered":"<div>Nombre de pi\u00e8ces 315 pi\u00e8ces<br \/>Produit fini 22,3 cm<\/div>","protected":false},"excerpt":{"rendered":"<p>Marque : Sluban<br \/>\nGenre: Unisexe<br \/>\nTranche d&#039;\u00e2ge : &gt; 6 ans<br \/>\nNum\u00e9ro de mod\u00e8le : M38-B1113<br \/>\nClassement : Assemblage<br \/>\nForme de bloc en plastique\u00a0: briques autobloquantes<br \/>\nMat\u00e9riel: Plastique<br \/>\nType de plastique : ABS<br \/>\nBlocs de briques : 315 +<br \/>\nPr\u00e9vente<br \/>\nRupture de stock<\/p>","protected":false},"featured_media":40532,"comment_status":"open","ping_status":"closed","template":"","meta":{"_acf_changed":false},"product_cat":[1365,371],"product_tag":[11072,8452,11153,11150,11151,11152],"class_list":["product","first","instock","shipping-taxable","purchasable","product-type-simple"],"acf":[],"_links":{"self":[{"href":"https:\/\/mouldking.store\/fr\/wp-json\/wp\/v2\/product\/40533","targetHints":{"allow":["GET"]}}],"collection":[{"href":"https:\/\/mouldking.store\/fr\/wp-json\/wp\/v2\/product"}],"about":[{"href":"https:\/\/mouldking.store\/fr\/wp-json\/wp\/v2\/types\/product"}],"replies":[{"embeddable":true,"href":"https:\/\/mouldking.store\/fr\/wp-json\/wp\/v2\/comments?post=40533"}],"wp:featuredmedia":[{"embeddable":true,"href":"https:\/\/mouldking.store\/fr\/wp-json\/wp\/v2\/media\/40532"}],"wp:attachment":[{"href":"https:\/\/mouldking.store\/fr\/wp-json\/wp\/v2\/media?parent=40533"}],"wp:term":[{"taxonomy":"product_cat","embeddable":true,"href":"https:\/\/mouldking.store\/fr\/wp-json\/wp\/v2\/product_cat?post=40533"},{"taxonomy":"product_tag","embeddable":true,"href":"https:\/\/mouldking.store\/fr\/wp-json\/wp\/v2\/product_tag?post=40533"}],"curies":[{"name":"wp","href":"https:\/\/api.w.org\/{rel}","templated":true}]}}