{"id":40544,"date":"2023-01-30T10:52:00","date_gmt":"2023-01-30T03:52:00","guid":{"rendered":"https:\/\/mouldking.store\/shop\/zhegao-dz6106-bear-warm-house-loft-duplex-small-apartment-with-1035-pieces\/"},"modified":"2023-01-30T10:52:00","modified_gmt":"2023-01-30T03:52:00","slug":"zhegao-dz6106-bear-warm-house-loft-duplex-small-apartment-with-1035-pieces","status":"publish","type":"product","link":"https:\/\/mouldking.store\/fr\/shop\/zhegao-dz6106-bear-warm-house-loft-duplex-small-apartment-with-1035-pieces\/","title":{"rendered":"ZHEGAO DZ6106 Bear Warm House Loft Duplex Petit Appartement avec 1035 Pi\u00e8ces"},"content":{"rendered":"<div>Nombre de pi\u00e8ces 1035 pi\u00e8ces<br \/>Produit fini 19,2 \u00d7 19,2 \u00d7 14 cm<\/div>","protected":false},"excerpt":{"rendered":"<p>Marque : ZHEGAO<br \/>\nGenre: Unisexe<br \/>\nTranche d&#039;\u00e2ge : &gt; 6 ans<br \/>\nNum\u00e9ro de mod\u00e8le: DZ6106<br \/>\nClassement : Assemblage<br \/>\nForme de bloc en plastique\u00a0: briques autobloquantes<br \/>\nMat\u00e9riel: Plastique<br \/>\nType de plastique : ABS<br \/>\nBlocs de Briques : 1035 +<br \/>\nPr\u00e9vente<br \/>\nRupture de stock<\/p>","protected":false},"featured_media":40542,"comment_status":"open","ping_status":"closed","template":"","meta":{"_acf_changed":false},"product_cat":[1365,371],"product_tag":[11155,2271,11072,8452,2318],"class_list":["product","first","instock","shipping-taxable","purchasable","product-type-simple"],"acf":[],"_links":{"self":[{"href":"https:\/\/mouldking.store\/fr\/wp-json\/wp\/v2\/product\/40544","targetHints":{"allow":["GET"]}}],"collection":[{"href":"https:\/\/mouldking.store\/fr\/wp-json\/wp\/v2\/product"}],"about":[{"href":"https:\/\/mouldking.store\/fr\/wp-json\/wp\/v2\/types\/product"}],"replies":[{"embeddable":true,"href":"https:\/\/mouldking.store\/fr\/wp-json\/wp\/v2\/comments?post=40544"}],"wp:featuredmedia":[{"embeddable":true,"href":"https:\/\/mouldking.store\/fr\/wp-json\/wp\/v2\/media\/40542"}],"wp:attachment":[{"href":"https:\/\/mouldking.store\/fr\/wp-json\/wp\/v2\/media?parent=40544"}],"wp:term":[{"taxonomy":"product_cat","embeddable":true,"href":"https:\/\/mouldking.store\/fr\/wp-json\/wp\/v2\/product_cat?post=40544"},{"taxonomy":"product_tag","embeddable":true,"href":"https:\/\/mouldking.store\/fr\/wp-json\/wp\/v2\/product_tag?post=40544"}],"curies":[{"name":"wp","href":"https:\/\/api.w.org\/{rel}","templated":true}]}}