{"id":40764,"date":"2023-02-01T15:17:13","date_gmt":"2023-02-01T08:17:13","guid":{"rendered":"https:\/\/mouldking.store\/shop\/moc-factory-91655-medieval-square-with-3499-pieces\/"},"modified":"2025-12-16T22:25:26","modified_gmt":"2025-12-16T15:25:26","slug":"moc-factory-91655-medieval-square-with-3499-pieces","status":"publish","type":"product","link":"https:\/\/mouldking.store\/fr\/shop\/moc-factory-91655-medieval-square-with-3499-pieces\/","title":{"rendered":"MOC Factory 91655 Place M\u00e9di\u00e9vale avec 3499 Pi\u00e8ces"},"content":{"rendered":"<ul>\n<li>\u00c2ge recommand\u00e9\u00a0: 12 ans et plus, 18 ans et plus<\/li>\n<li>Taille du bloc\u00a0: petit bloc de construction<\/li>\n<li>Genre: Unisexe<\/li>\n<li>Mat\u00e9riel: Plastique<\/li>\n<li>Forme de bloc en plastique : Balle<\/li>\n<li>Type de plastique : ABS<\/li>\n<\/ul>\n<div><\/div>","protected":false},"excerpt":{"rendered":"<p>Marque : MOC Factory<br \/>\nGenre: Unisexe<br \/>\nTranche d&#039;\u00e2ge : &gt; 12 ans<br \/>\nNum\u00e9ro de mod\u00e8le: 91655<br \/>\nClassement : Assemblage<br \/>\nForme de bloc en plastique\u00a0: briques autobloquantes<br \/>\nMat\u00e9riel: Plastique<br \/>\nType de plastique : ABS<br \/>\nBlocs de briques : 3499 +<br \/>\nTemps d&#039;arrangement\u00a0: 4 \u00e0 8\u00a0semaines<\/p>","protected":false},"featured_media":40757,"comment_status":"open","ping_status":"closed","template":"","meta":{"_acf_changed":false},"product_cat":[1395,1406,390],"product_tag":[4883,11099,430,392,11125],"class_list":["product","first","instock","shipping-taxable","purchasable","product-type-simple"],"acf":[],"_links":{"self":[{"href":"https:\/\/mouldking.store\/fr\/wp-json\/wp\/v2\/product\/40764","targetHints":{"allow":["GET"]}}],"collection":[{"href":"https:\/\/mouldking.store\/fr\/wp-json\/wp\/v2\/product"}],"about":[{"href":"https:\/\/mouldking.store\/fr\/wp-json\/wp\/v2\/types\/product"}],"replies":[{"embeddable":true,"href":"https:\/\/mouldking.store\/fr\/wp-json\/wp\/v2\/comments?post=40764"}],"wp:featuredmedia":[{"embeddable":true,"href":"https:\/\/mouldking.store\/fr\/wp-json\/wp\/v2\/media\/40757"}],"wp:attachment":[{"href":"https:\/\/mouldking.store\/fr\/wp-json\/wp\/v2\/media?parent=40764"}],"wp:term":[{"taxonomy":"product_cat","embeddable":true,"href":"https:\/\/mouldking.store\/fr\/wp-json\/wp\/v2\/product_cat?post=40764"},{"taxonomy":"product_tag","embeddable":true,"href":"https:\/\/mouldking.store\/fr\/wp-json\/wp\/v2\/product_tag?post=40764"}],"curies":[{"name":"wp","href":"https:\/\/api.w.org\/{rel}","templated":true}]}}