{"id":40857,"date":"2023-02-02T09:14:39","date_gmt":"2023-02-02T02:14:39","guid":{"rendered":"https:\/\/mouldking.store\/shop\/robotime-tg604k-rokr-violin-capriccio-model-with-62-pieces\/"},"modified":"2023-02-02T09:14:39","modified_gmt":"2023-02-02T02:14:39","slug":"robotime-tg604k-rokr-violin-capriccio-model-with-62-pieces","status":"publish","type":"product","link":"https:\/\/mouldking.store\/fr\/shop\/robotime-tg604k-rokr-violin-capriccio-model-with-62-pieces\/","title":{"rendered":"Robotime TG604K ROKR Violon Capriccio Mod\u00e8le avec 62 pi\u00e8ces"},"content":{"rendered":"<div>1. Num\u00e9ro de mod\u00e8le : TG604K<br \/>2. Attention : ne peut pas manger<br \/>3. Tranche d&#039;\u00e2ge : &gt; 6 ans<br \/>4. Certificat : 3C<br \/>5. Classement : Assemblage<br \/>6. Forme de bloc\u00a0: blocs de bois<br \/>7. Mat\u00e9riau : bois<br \/>8. Blocs de briques : ~62+PCS<\/div>","protected":false},"excerpt":{"rendered":"<p>Marque : Robotime<br \/>\nGenre: Unisexe<br \/>\nTranche d&#039;\u00e2ge : &gt; 6 ans<br \/>\nNum\u00e9ro de mod\u00e8le: TG604K<br \/>\nClassement : Assemblage<br \/>\nForme de bloc en plastique\u00a0: briques autobloquantes<br \/>\nMat\u00e9riel: Plastique<br \/>\nType de plastique : ABS<br \/>\nBlocs de briques : 62 +<br \/>\nAucune bo\u00eete<\/p>","protected":false},"featured_media":40851,"comment_status":"open","ping_status":"closed","template":"","meta":{"_acf_changed":false},"product_cat":[1365,371],"product_tag":[11072,8452,3364,11178],"class_list":["product","first","instock","shipping-taxable","purchasable","product-type-simple"],"acf":[],"_links":{"self":[{"href":"https:\/\/mouldking.store\/fr\/wp-json\/wp\/v2\/product\/40857","targetHints":{"allow":["GET"]}}],"collection":[{"href":"https:\/\/mouldking.store\/fr\/wp-json\/wp\/v2\/product"}],"about":[{"href":"https:\/\/mouldking.store\/fr\/wp-json\/wp\/v2\/types\/product"}],"replies":[{"embeddable":true,"href":"https:\/\/mouldking.store\/fr\/wp-json\/wp\/v2\/comments?post=40857"}],"wp:featuredmedia":[{"embeddable":true,"href":"https:\/\/mouldking.store\/fr\/wp-json\/wp\/v2\/media\/40851"}],"wp:attachment":[{"href":"https:\/\/mouldking.store\/fr\/wp-json\/wp\/v2\/media?parent=40857"}],"wp:term":[{"taxonomy":"product_cat","embeddable":true,"href":"https:\/\/mouldking.store\/fr\/wp-json\/wp\/v2\/product_cat?post=40857"},{"taxonomy":"product_tag","embeddable":true,"href":"https:\/\/mouldking.store\/fr\/wp-json\/wp\/v2\/product_tag?post=40857"}],"curies":[{"name":"wp","href":"https:\/\/api.w.org\/{rel}","templated":true}]}}