{"id":40873,"date":"2023-02-02T09:25:46","date_gmt":"2023-02-02T02:25:46","guid":{"rendered":"https:\/\/mouldking.store\/shop\/robotime-amk63-rokr-magic-cello-mechanical-music-box-3d-wooden-puzzle-with-199-pieces\/"},"modified":"2023-03-08T10:59:54","modified_gmt":"2023-03-08T03:59:54","slug":"robotime-amk63-rokr-magic-cello-mechanical-music-box-3d-wooden-puzzle-with-199-pieces","status":"publish","type":"product","link":"https:\/\/mouldking.store\/fr\/shop\/robotime-amk63-rokr-magic-cello-mechanical-music-box-3d-wooden-puzzle-with-199-pieces\/","title":{"rendered":"Robotime AMK63 ROKR Magic Cello Bo\u00eete \u00e0 musique m\u00e9canique Puzzle en bois 3D avec 199 pi\u00e8ces"},"content":{"rendered":"<div>1. Model Number: AMK63<br \/>2. Attention : ne peut pas manger<br \/>3. Tranche d&#039;\u00e2ge : &gt; 6 ans<br \/>4. Certificat : 3C<br \/>5. Classement : Assemblage<br \/>6. Forme de bloc\u00a0: blocs de bois<br \/>7. Mat\u00e9riau : bois<br \/>8. Bricks Blocks: ~199+PCS<\/div>","protected":false},"excerpt":{"rendered":"<p>Marque : Robotime<br \/>\nGenre: Unisexe<br \/>\nTranche d&#039;\u00e2ge : &gt; 6 ans<br \/>\nModel Number: AMK63<br \/>\nClassement : Assemblage<br \/>\nForme de bloc en plastique\u00a0: briques autobloquantes<br \/>\nMat\u00e9riel: Plastique<br \/>\nType de plastique : ABS<br \/>\nBricks Blocks: 199 +<br \/>\nAucune bo\u00eete<\/p>","protected":false},"featured_media":40866,"comment_status":"open","ping_status":"closed","template":"","meta":{"_acf_changed":false},"product_cat":[1365,371],"product_tag":[11149,11072,8452,8858,11138,1465],"class_list":["product","first","instock","shipping-taxable","purchasable","product-type-simple"],"acf":[],"_links":{"self":[{"href":"https:\/\/mouldking.store\/fr\/wp-json\/wp\/v2\/product\/40873","targetHints":{"allow":["GET"]}}],"collection":[{"href":"https:\/\/mouldking.store\/fr\/wp-json\/wp\/v2\/product"}],"about":[{"href":"https:\/\/mouldking.store\/fr\/wp-json\/wp\/v2\/types\/product"}],"replies":[{"embeddable":true,"href":"https:\/\/mouldking.store\/fr\/wp-json\/wp\/v2\/comments?post=40873"}],"wp:featuredmedia":[{"embeddable":true,"href":"https:\/\/mouldking.store\/fr\/wp-json\/wp\/v2\/media\/40866"}],"wp:attachment":[{"href":"https:\/\/mouldking.store\/fr\/wp-json\/wp\/v2\/media?parent=40873"}],"wp:term":[{"taxonomy":"product_cat","embeddable":true,"href":"https:\/\/mouldking.store\/fr\/wp-json\/wp\/v2\/product_cat?post=40873"},{"taxonomy":"product_tag","embeddable":true,"href":"https:\/\/mouldking.store\/fr\/wp-json\/wp\/v2\/product_tag?post=40873"}],"curies":[{"name":"wp","href":"https:\/\/api.w.org\/{rel}","templated":true}]}}