{"id":40896,"date":"2023-02-02T09:50:27","date_gmt":"2023-02-02T02:50:27","guid":{"rendered":"https:\/\/mouldking.store\/shop\/moc-factory-96056-truck-ng-1632-hookloader-with-1632-pieces\/"},"modified":"2025-12-16T22:25:24","modified_gmt":"2025-12-16T15:25:24","slug":"moc-factory-96056-truck-ng-1632-hookloader-with-1632-pieces","status":"publish","type":"product","link":"https:\/\/mouldking.store\/fr\/shop\/moc-factory-96056-truck-ng-1632-hookloader-with-1632-pieces\/","title":{"rendered":"MOC Factory 96056 Camion NG-1632 Hookloader avec 1632 pi\u00e8ces"},"content":{"rendered":"<div>\u00c2ge recommand\u00e9 : 7-12 ans, 12 ans et plus, 18 ans et plus&nbsp;<br \/>Taille du bloc\u00a0: petit bloc de construction&nbsp;<br \/>Genre: Unisexe&nbsp;<br \/>Mat\u00e9riel: Plastique&nbsp;<br \/>Forme du bloc en plastique\u00a0: carr\u00e9&nbsp;<br \/>Type de plastique : ABS&nbsp;<\/div>","protected":false},"excerpt":{"rendered":"<p>Marque : MOC Factory<br \/>\nGenre: Unisexe<br \/>\nTranche d&#039;\u00e2ge : &gt; 12 ans<br \/>\nModel Number: 96056<br \/>\nClassement : Assemblage<br \/>\nForme de bloc en plastique\u00a0: briques autobloquantes<br \/>\nMat\u00e9riel: Plastique<br \/>\nType de plastique : ABS<br \/>\nBricks Blocks: 1632 +<br \/>\nTemps d&#039;arrangement\u00a0: 4 \u00e0 8\u00a0semaines<\/p>","protected":false},"featured_media":40890,"comment_status":"open","ping_status":"closed","template":"","meta":{"_acf_changed":false},"product_cat":[1357,364],"product_tag":[11181,389,11080,466],"class_list":["product","first","instock","shipping-taxable","purchasable","product-type-simple"],"acf":[],"_links":{"self":[{"href":"https:\/\/mouldking.store\/fr\/wp-json\/wp\/v2\/product\/40896","targetHints":{"allow":["GET"]}}],"collection":[{"href":"https:\/\/mouldking.store\/fr\/wp-json\/wp\/v2\/product"}],"about":[{"href":"https:\/\/mouldking.store\/fr\/wp-json\/wp\/v2\/types\/product"}],"replies":[{"embeddable":true,"href":"https:\/\/mouldking.store\/fr\/wp-json\/wp\/v2\/comments?post=40896"}],"wp:featuredmedia":[{"embeddable":true,"href":"https:\/\/mouldking.store\/fr\/wp-json\/wp\/v2\/media\/40890"}],"wp:attachment":[{"href":"https:\/\/mouldking.store\/fr\/wp-json\/wp\/v2\/media?parent=40896"}],"wp:term":[{"taxonomy":"product_cat","embeddable":true,"href":"https:\/\/mouldking.store\/fr\/wp-json\/wp\/v2\/product_cat?post=40896"},{"taxonomy":"product_tag","embeddable":true,"href":"https:\/\/mouldking.store\/fr\/wp-json\/wp\/v2\/product_tag?post=40896"}],"curies":[{"name":"wp","href":"https:\/\/api.w.org\/{rel}","templated":true}]}}