{"id":40997,"date":"2023-02-02T12:14:36","date_gmt":"2023-02-02T05:14:36","guid":{"rendered":"https:\/\/mouldking.store\/shop\/moc-factory-4652-large-scale-police-department-with-4922-pieces\/"},"modified":"2025-12-16T22:25:23","modified_gmt":"2025-12-16T15:25:23","slug":"moc-factory-4652-large-scale-police-department-with-4922-pieces","status":"publish","type":"product","link":"https:\/\/mouldking.store\/fr\/shop\/moc-factory-4652-large-scale-police-department-with-4922-pieces\/","title":{"rendered":"MOC Factory 4652 Service de police \u00e0 grande \u00e9chelle avec 4922 pi\u00e8ces"},"content":{"rendered":"<div>\u00c2ge recommand\u00e9 : 7-12 ans, 12 ans et plus, 18 ans et plus&nbsp;<br \/>Taille du bloc\u00a0: petit bloc de construction&nbsp;<br \/>Genre: Unisexe&nbsp;<br \/>Mat\u00e9riel: Plastique&nbsp;<br \/>Forme du bloc en plastique\u00a0: carr\u00e9&nbsp;<br \/>Type de plastique : ABS&nbsp;<\/div>","protected":false},"excerpt":{"rendered":"<p>Marque : MOC Factory<br \/>\nGenre: Unisexe<br \/>\nTranche d&#039;\u00e2ge : &gt; 12 ans<br \/>\nModel Number: 4652<br \/>\nClassement : Assemblage<br \/>\nForme de bloc en plastique\u00a0: briques autobloquantes<br \/>\nMat\u00e9riel: Plastique<br \/>\nType de plastique : ABS<br \/>\nBricks Blocks: 4922 +<br \/>\nTemps d&#039;arrangement\u00a0: 4 \u00e0 8\u00a0semaines<\/p>","protected":false},"featured_media":40991,"comment_status":"open","ping_status":"closed","template":"","meta":{"_acf_changed":false},"product_cat":[1395,390],"product_tag":[4883,8896,11195,392,5660,11196],"class_list":["product","first","instock","shipping-taxable","purchasable","product-type-simple"],"acf":[],"_links":{"self":[{"href":"https:\/\/mouldking.store\/fr\/wp-json\/wp\/v2\/product\/40997","targetHints":{"allow":["GET"]}}],"collection":[{"href":"https:\/\/mouldking.store\/fr\/wp-json\/wp\/v2\/product"}],"about":[{"href":"https:\/\/mouldking.store\/fr\/wp-json\/wp\/v2\/types\/product"}],"replies":[{"embeddable":true,"href":"https:\/\/mouldking.store\/fr\/wp-json\/wp\/v2\/comments?post=40997"}],"wp:featuredmedia":[{"embeddable":true,"href":"https:\/\/mouldking.store\/fr\/wp-json\/wp\/v2\/media\/40991"}],"wp:attachment":[{"href":"https:\/\/mouldking.store\/fr\/wp-json\/wp\/v2\/media?parent=40997"}],"wp:term":[{"taxonomy":"product_cat","embeddable":true,"href":"https:\/\/mouldking.store\/fr\/wp-json\/wp\/v2\/product_cat?post=40997"},{"taxonomy":"product_tag","embeddable":true,"href":"https:\/\/mouldking.store\/fr\/wp-json\/wp\/v2\/product_tag?post=40997"}],"curies":[{"name":"wp","href":"https:\/\/api.w.org\/{rel}","templated":true}]}}