{"id":41087,"date":"2023-02-03T10:56:09","date_gmt":"2023-02-03T03:56:09","guid":{"rendered":"https:\/\/mouldking.store\/shop\/brickcool-12016-qinsmoon-shenlou-ship-with-3460-pieces\/"},"modified":"2023-02-05T08:07:32","modified_gmt":"2023-02-05T01:07:32","slug":"brickcool-12016-qinsmoon-shenlou-ship-with-3460-pieces","status":"publish","type":"product","link":"https:\/\/mouldking.store\/fr\/shop\/brickcool-12016-qinsmoon-shenlou-ship-with-3460-pieces\/","title":{"rendered":"BrickCool 12016 Qinsmoon Shenlou Navire avec 3460 Pi\u00e8ces"},"content":{"rendered":"<div>\u2705 Vaisseau BrickCool 12016 Qinsmoon Shenlou&nbsp;<br \/>&nbsp;<br \/>\u2705Qin Shi Mingyue Mirage appartient \u00e0 l&#039;ensemble de blocs de construction de la s\u00e9rie de jeux de films et de t\u00e9l\u00e9vision, et l&#039;ensemble contient 3760 particules de blocs de construction. Premi\u00e8re sortie en 2021.<br \/>&nbsp;<br \/>\ud83d\udeabIMPORTANT !&nbsp;<br \/>&nbsp;<br \/>Nom du produit: navire Qinsmoon Shenlou&nbsp;<br \/>&nbsp;<br \/>Cat\u00e9gorie : Film&nbsp;<br \/>&nbsp;<br \/>Ce kit contient : BrickCool 12016<br \/>&nbsp;<br \/>3460 briques de bonne qualit\u00e9.&nbsp;<br \/>&nbsp;<br \/>Taille : 59,6 \u00d7 48 \u00d7 26,3 cm<br \/>&nbsp;<br \/>Instructions manuelles&nbsp;<br \/>&nbsp;<br \/>\ud83d\udcccNature du protagoniste&nbsp;<br \/>&nbsp;<br \/>Vous ne devriez pas manquer la pr\u00e9sentation de notre fi\u00e8re collection nomm\u00e9e &quot;Qinsmoon Shenlou Ship&quot;.&nbsp;<br \/>&nbsp;<br \/>La l\u00e9gende de Qin suit la dynastie Qin depuis le moment o\u00f9 l&#039;empereur des Qin, le roi Zheng a conquis les 6 autres nations et unifi\u00e9 la Chine, jusqu&#039;\u00e0 la mont\u00e9e du roi de l&#039;ouest de Chu, Xiang Yu, qui a captur\u00e9 la capitale, Xianyang.<\/div>","protected":false},"excerpt":{"rendered":"<p>Marque : Brick Cool<br \/>\nGenre: Unisexe<br \/>\nTranche d&#039;\u00e2ge : &gt; 16 ans<br \/>\nNum\u00e9ro de mod\u00e8le: 12016<br \/>\nClassement : Assemblage<br \/>\nForme de bloc en plastique\u00a0: briques autobloquantes<br \/>\nMat\u00e9riel: Plastique<br \/>\nType de plastique : ABS<br \/>\nBlocs de Briques : 3460 +<br \/>\nAucune bo\u00eete<\/p>","protected":false},"featured_media":41083,"comment_status":"open","ping_status":"closed","template":"","meta":{"_acf_changed":false},"product_cat":[1365,581,1408],"product_tag":[8452,9139,434,304],"class_list":["product","first","instock","shipping-taxable","purchasable","product-type-simple"],"acf":[],"_links":{"self":[{"href":"https:\/\/mouldking.store\/fr\/wp-json\/wp\/v2\/product\/41087","targetHints":{"allow":["GET"]}}],"collection":[{"href":"https:\/\/mouldking.store\/fr\/wp-json\/wp\/v2\/product"}],"about":[{"href":"https:\/\/mouldking.store\/fr\/wp-json\/wp\/v2\/types\/product"}],"replies":[{"embeddable":true,"href":"https:\/\/mouldking.store\/fr\/wp-json\/wp\/v2\/comments?post=41087"}],"wp:featuredmedia":[{"embeddable":true,"href":"https:\/\/mouldking.store\/fr\/wp-json\/wp\/v2\/media\/41083"}],"wp:attachment":[{"href":"https:\/\/mouldking.store\/fr\/wp-json\/wp\/v2\/media?parent=41087"}],"wp:term":[{"taxonomy":"product_cat","embeddable":true,"href":"https:\/\/mouldking.store\/fr\/wp-json\/wp\/v2\/product_cat?post=41087"},{"taxonomy":"product_tag","embeddable":true,"href":"https:\/\/mouldking.store\/fr\/wp-json\/wp\/v2\/product_tag?post=41087"}],"curies":[{"name":"wp","href":"https:\/\/api.w.org\/{rel}","templated":true}]}}