{"id":41112,"date":"2023-02-03T12:44:12","date_gmt":"2023-02-03T05:44:12","guid":{"rendered":"https:\/\/mouldking.store\/shop\/kazi-gbl-bozhi-ky87022-the-chronicles-of-narnia-the-bright-eyes-with-444-pieces\/"},"modified":"2023-02-03T12:44:12","modified_gmt":"2023-02-03T05:44:12","slug":"kazi-gbl-bozhi-ky87022-the-chronicles-of-narnia-the-bright-eyes-with-444-pieces","status":"publish","type":"product","link":"https:\/\/mouldking.store\/fr\/shop\/kazi-gbl-bozhi-ky87022-the-chronicles-of-narnia-the-bright-eyes-with-444-pieces\/","title":{"rendered":"KAZI \/ GBL \/ BOZHI KY87022 Les Chroniques de Narnia : Les Yeux Brillants avec 444 Pi\u00e8ces"},"content":{"rendered":"<div>\u2705 KAZI KY87022 Les Chroniques de Narnia : Les Yeux Brillants<br \/>&nbsp;<br \/>\u2705 &quot;Les Chroniques de Narnia&quot; est une s\u00e9rie de sept romans fantastiques \u00e9crits par CS Lewis. Les livres se d\u00e9roulent dans le monde fictif de Narnia et suivent les aventures d&#039;enfants qui jouent un r\u00f4le central dans l&#039;histoire de Narnia. La s\u00e9rie est connue pour sa narration imaginative, ses personnages m\u00e9morables et ses th\u00e8mes du christianisme.<br \/>&nbsp;<br \/>\ud83d\udeabIMPORTANT !&nbsp;<br \/>&nbsp;<br \/>Nom du produit : Les Chroniques de Narnia : Les Yeux Brillants<br \/>&nbsp;<br \/>Cat\u00e9gorie\u00a0: Cr\u00e9ateur<br \/>&nbsp;<br \/>Ce kit contient : KAZI KY87022<br \/>&nbsp;<br \/>444 briques de bonne qualit\u00e9&nbsp;<\/p>\n<p>Instructions manuelles&nbsp;<br \/>&nbsp;<br \/>\ud83d\udcccNature du protagoniste&nbsp;<br \/>&nbsp;<br \/>Nous vous pr\u00e9sentons notre fi\u00e8re collection intitul\u00e9e \u00ab Les Chroniques de Narnia : Les Yeux Brillants \u00bb \u00e0 ne pas manquer.&nbsp;<br \/>&nbsp;<br \/>Le Monde de Narnia : Les Yeux de Lumi\u00e8re fait partie de la s\u00e9rie de jeux vid\u00e9o de blocs de construction, et l&#039;ensemble contient 444 particules de blocs de construction. Sortie en 2018.<\/div>","protected":false},"excerpt":{"rendered":"<p>Marque : KAZI \/ GBL \/ BOZHI<br \/>\nGenre: Unisexe<br \/>\nTranche d&#039;\u00e2ge : &gt; 6 ans<br \/>\nNum\u00e9ro de mod\u00e8le : KY87022<br \/>\nClassement : Assemblage<br \/>\nForme de bloc en plastique\u00a0: briques autobloquantes<br \/>\nMat\u00e9riel: Plastique<br \/>\nType de plastique : ABS<br \/>\nBlocs de briques : 444 +<br \/>\nPr\u00e9vente<\/p>","protected":false},"featured_media":41110,"comment_status":"open","ping_status":"closed","template":"","meta":{"_acf_changed":false},"product_cat":[1365,371],"product_tag":[11213,11072,8452,11214],"class_list":["product","first","instock","shipping-taxable","purchasable","product-type-simple"],"acf":[],"_links":{"self":[{"href":"https:\/\/mouldking.store\/fr\/wp-json\/wp\/v2\/product\/41112","targetHints":{"allow":["GET"]}}],"collection":[{"href":"https:\/\/mouldking.store\/fr\/wp-json\/wp\/v2\/product"}],"about":[{"href":"https:\/\/mouldking.store\/fr\/wp-json\/wp\/v2\/types\/product"}],"replies":[{"embeddable":true,"href":"https:\/\/mouldking.store\/fr\/wp-json\/wp\/v2\/comments?post=41112"}],"wp:featuredmedia":[{"embeddable":true,"href":"https:\/\/mouldking.store\/fr\/wp-json\/wp\/v2\/media\/41110"}],"wp:attachment":[{"href":"https:\/\/mouldking.store\/fr\/wp-json\/wp\/v2\/media?parent=41112"}],"wp:term":[{"taxonomy":"product_cat","embeddable":true,"href":"https:\/\/mouldking.store\/fr\/wp-json\/wp\/v2\/product_cat?post=41112"},{"taxonomy":"product_tag","embeddable":true,"href":"https:\/\/mouldking.store\/fr\/wp-json\/wp\/v2\/product_tag?post=41112"}],"curies":[{"name":"wp","href":"https:\/\/api.w.org\/{rel}","templated":true}]}}