{"id":41114,"date":"2023-02-03T12:55:58","date_gmt":"2023-02-03T05:55:58","guid":{"rendered":"https:\/\/mouldking.store\/shop\/kazi-gbl-bozhi-ky87021-the-chronicles-of-narnia-the-battle-of-niutau-village-with-927-pieces\/"},"modified":"2023-02-03T12:55:58","modified_gmt":"2023-02-03T05:55:58","slug":"kazi-gbl-bozhi-ky87021-the-chronicles-of-narnia-the-battle-of-niutau-village-with-927-pieces","status":"publish","type":"product","link":"https:\/\/mouldking.store\/fr\/shop\/kazi-gbl-bozhi-ky87021-the-chronicles-of-narnia-the-battle-of-niutau-village-with-927-pieces\/","title":{"rendered":"KAZI \/ GBL \/ BOZHI KY87021 Les Chroniques de Narnia\u00a0: La Bataille du village de Niutau avec 927 pi\u00e8ces"},"content":{"rendered":"<div>\u2705 KAZI KY87021 The Chronicles of Narnia: The Battle of Niutau Village<br \/>&nbsp;<br \/>\u2705 &quot;Les Chroniques de Narnia&quot; est une s\u00e9rie de sept romans fantastiques \u00e9crits par CS Lewis. Les livres se d\u00e9roulent dans le monde fictif de Narnia et suivent les aventures d&#039;enfants qui jouent un r\u00f4le central dans l&#039;histoire de Narnia. La s\u00e9rie est connue pour sa narration imaginative, ses personnages m\u00e9morables et ses th\u00e8mes du christianisme.<br \/>&nbsp;<br \/>\ud83d\udeabIMPORTANT !&nbsp;<br \/>&nbsp;<br \/>Product Name: The Chronicles of Narnia: The Battle of Niutau Village<br \/>&nbsp;<br \/>Cat\u00e9gorie\u00a0: Cr\u00e9ateur<br \/>&nbsp;<br \/>This Kit Contains: KAZI KY87021<br \/>&nbsp;<br \/>927 pcs Good Quality Bricks&nbsp;<br \/>&nbsp;<br \/>&nbsp;<br \/>Instructions manuelles&nbsp;<br \/>&nbsp;<br \/>\ud83d\udcccNature du protagoniste&nbsp;<br \/>&nbsp;<br \/>Introducing our proud collection named \u201cThe Chronicles of Narnia: The Battle of Niutau Village\u201d you should not miss.&nbsp;<br \/>&nbsp;<br \/>The Chronicles of Narnia: The Battle of Niutou Village belongs to the building block set of the film and television game series, and the entire set contains 927 building block particles. First released in 2018.<\/div>","protected":false},"excerpt":{"rendered":"<p>Marque : KAZI \/ GBL \/ BOZHI<br \/>\nGenre: Unisexe<br \/>\nTranche d&#039;\u00e2ge : &gt; 6 ans<br \/>\nModel Number: KY87021<br \/>\nClassement : Assemblage<br \/>\nForme de bloc en plastique\u00a0: briques autobloquantes<br \/>\nMat\u00e9riel: Plastique<br \/>\nType de plastique : ABS<br \/>\nBricks Blocks: 927 +<br \/>\nPr\u00e9vente<\/p>","protected":false},"featured_media":41113,"comment_status":"open","ping_status":"closed","template":"","meta":{"_acf_changed":false},"product_cat":[1365,371],"product_tag":[9077,11213,11072,8452,11214,6373],"class_list":["product","first","instock","shipping-taxable","purchasable","product-type-simple"],"acf":[],"_links":{"self":[{"href":"https:\/\/mouldking.store\/fr\/wp-json\/wp\/v2\/product\/41114","targetHints":{"allow":["GET"]}}],"collection":[{"href":"https:\/\/mouldking.store\/fr\/wp-json\/wp\/v2\/product"}],"about":[{"href":"https:\/\/mouldking.store\/fr\/wp-json\/wp\/v2\/types\/product"}],"replies":[{"embeddable":true,"href":"https:\/\/mouldking.store\/fr\/wp-json\/wp\/v2\/comments?post=41114"}],"wp:featuredmedia":[{"embeddable":true,"href":"https:\/\/mouldking.store\/fr\/wp-json\/wp\/v2\/media\/41113"}],"wp:attachment":[{"href":"https:\/\/mouldking.store\/fr\/wp-json\/wp\/v2\/media?parent=41114"}],"wp:term":[{"taxonomy":"product_cat","embeddable":true,"href":"https:\/\/mouldking.store\/fr\/wp-json\/wp\/v2\/product_cat?post=41114"},{"taxonomy":"product_tag","embeddable":true,"href":"https:\/\/mouldking.store\/fr\/wp-json\/wp\/v2\/product_tag?post=41114"}],"curies":[{"name":"wp","href":"https:\/\/api.w.org\/{rel}","templated":true}]}}