{"id":41118,"date":"2023-02-03T13:09:40","date_gmt":"2023-02-03T06:09:40","guid":{"rendered":"https:\/\/mouldking.store\/shop\/kazi-gbl-bozhi-ky87020-the-chronicles-of-narnia-the-battle-of-the-lighthouse-with-883-pieces\/"},"modified":"2023-02-03T13:09:40","modified_gmt":"2023-02-03T06:09:40","slug":"kazi-gbl-bozhi-ky87020-the-chronicles-of-narnia-the-battle-of-the-lighthouse-with-883-pieces","status":"publish","type":"product","link":"https:\/\/mouldking.store\/fr\/shop\/kazi-gbl-bozhi-ky87020-the-chronicles-of-narnia-the-battle-of-the-lighthouse-with-883-pieces\/","title":{"rendered":"KAZI \/ GBL \/ BOZHI KY87020 Les Chroniques de Narnia : La Bataille du Phare avec 883 Pi\u00e8ces"},"content":{"rendered":"<div>\u2705 KAZI KY87020 Les Chroniques de Narnia : La Bataille du Phare<br \/>&nbsp;<br \/>\u2705 &quot;Les Chroniques de Narnia&quot; est une s\u00e9rie de sept romans fantastiques \u00e9crits par CS Lewis. Les livres se d\u00e9roulent dans le monde fictif de Narnia et suivent les aventures d&#039;enfants qui jouent un r\u00f4le central dans l&#039;histoire de Narnia. La s\u00e9rie est connue pour sa narration imaginative, ses personnages m\u00e9morables et ses th\u00e8mes du christianisme.<br \/>&nbsp;<br \/>\ud83d\udeabIMPORTANT !&nbsp;<br \/>&nbsp;<br \/>Nom du produit : Les Chroniques de Narnia : La Bataille du Phare<br \/>&nbsp;<br \/>Cat\u00e9gorie\u00a0: Cr\u00e9ateur<br \/>&nbsp;<br \/>Ce kit contient : KAZI KY87020<br \/>&nbsp;<br \/>883 briques de bonne qualit\u00e9.&nbsp;<br \/>&nbsp;<br \/>Instructions manuelles&nbsp;<br \/>&nbsp;<br \/>\ud83d\udcccNature du protagoniste&nbsp;<br \/>&nbsp;<br \/>Vous ne devriez pas manquer la pr\u00e9sentation de notre fi\u00e8re collection nomm\u00e9e &quot;Les Chroniques de Narnia\u00a0: La Bataille du Phare&quot;.&nbsp;<br \/>&nbsp;<br \/>Les Chroniques de Narnia : La Bataille du Phare appartient \u00e0 l&#039;ensemble de blocs de construction de la s\u00e9rie de jeux cin\u00e9matographiques et t\u00e9l\u00e9vis\u00e9s, et l&#039;ensemble complet contient 883 particules de blocs de construction. Premi\u00e8re sortie en 2018.<\/div>","protected":false},"excerpt":{"rendered":"<p>Marque : KAZI \/ GBL \/ BOZHI<br \/>\nGenre: Unisexe<br \/>\nTranche d&#039;\u00e2ge : &gt; 6 ans<br \/>\nNum\u00e9ro de mod\u00e8le: KY87020<br \/>\nClassement : Assemblage<br \/>\nForme de bloc en plastique\u00a0: briques autobloquantes<br \/>\nMat\u00e9riel: Plastique<br \/>\nType de plastique : ABS<br \/>\nBlocs de briques : 883 +<br \/>\nPr\u00e9vente<\/p>","protected":false},"featured_media":41117,"comment_status":"open","ping_status":"closed","template":"","meta":{"_acf_changed":false},"product_cat":[1365,371],"product_tag":[9077,11213,11072,8452,10110,11214],"class_list":["product","first","instock","shipping-taxable","purchasable","product-type-simple"],"acf":[],"_links":{"self":[{"href":"https:\/\/mouldking.store\/fr\/wp-json\/wp\/v2\/product\/41118","targetHints":{"allow":["GET"]}}],"collection":[{"href":"https:\/\/mouldking.store\/fr\/wp-json\/wp\/v2\/product"}],"about":[{"href":"https:\/\/mouldking.store\/fr\/wp-json\/wp\/v2\/types\/product"}],"replies":[{"embeddable":true,"href":"https:\/\/mouldking.store\/fr\/wp-json\/wp\/v2\/comments?post=41118"}],"wp:featuredmedia":[{"embeddable":true,"href":"https:\/\/mouldking.store\/fr\/wp-json\/wp\/v2\/media\/41117"}],"wp:attachment":[{"href":"https:\/\/mouldking.store\/fr\/wp-json\/wp\/v2\/media?parent=41118"}],"wp:term":[{"taxonomy":"product_cat","embeddable":true,"href":"https:\/\/mouldking.store\/fr\/wp-json\/wp\/v2\/product_cat?post=41118"},{"taxonomy":"product_tag","embeddable":true,"href":"https:\/\/mouldking.store\/fr\/wp-json\/wp\/v2\/product_tag?post=41118"}],"curies":[{"name":"wp","href":"https:\/\/api.w.org\/{rel}","templated":true}]}}