{"id":41130,"date":"2023-02-03T14:09:53","date_gmt":"2023-02-03T07:09:53","guid":{"rendered":"https:\/\/mouldking.store\/shop\/sembo-611049-cute-and-meaty-swimming-like-a-secluded-orchid-with-108-pieces\/"},"modified":"2023-02-03T14:09:53","modified_gmt":"2023-02-03T07:09:53","slug":"sembo-611049-cute-and-meaty-swimming-like-a-secluded-orchid-with-108-pieces","status":"publish","type":"product","link":"https:\/\/mouldking.store\/fr\/shop\/sembo-611049-cute-and-meaty-swimming-like-a-secluded-orchid-with-108-pieces\/","title":{"rendered":"SEMBO 611049 Mignon et charnu : Nager comme une orchid\u00e9e isol\u00e9e avec 108 pi\u00e8ces"},"content":{"rendered":"<div>\u2705 SEMBO 611049 Mignon et charnu : Nager comme une orchid\u00e9e isol\u00e9e<br \/>&nbsp;<br \/>\u2705 Mignon et charnu est un ensemble de blocs de construction de la s\u00e9rie des plantes. Sa premi\u00e8re sortie sera en 2022. L&#039;ensemble contient 108 types de blocs de construction diff\u00e9rents.<br \/>&nbsp;<br \/>\ud83d\udeabIMPORTANT !&nbsp;<br \/>&nbsp;<br \/>Nom du produit : mignon et charnu : nager comme une orchid\u00e9e isol\u00e9e<br \/>&nbsp;<br \/>Cat\u00e9gorie\u00a0: Cr\u00e9ateur<br \/>&nbsp;<br \/>Ce kit contient : SEMBO 611049&nbsp;<br \/>&nbsp;<br \/>108 briques de bonne qualit\u00e9.&nbsp;<br \/>&nbsp;<br \/>Taille : 8 \u00d7 7,8 \u00d7 8 cm<br \/>&nbsp;<br \/>Instructions manuelles&nbsp;<br \/>&nbsp;<br \/>\ud83d\udcccNature du protagoniste&nbsp;<br \/>&nbsp;<br \/>Vous ne devriez pas manquer la pr\u00e9sentation de notre fi\u00e8re collection intitul\u00e9e &quot;Cute and Meaty\u00a0:\u00a0nager comme une orchid\u00e9e isol\u00e9e&quot;.&nbsp;<br \/>&nbsp;<br \/>Mignon et charnu est un nouvel ensemble de blocs de construction qui appartient \u00e0 la s\u00e9rie des plantes. Il y a 108 pi\u00e8ces, qui peuvent \u00eatre combin\u00e9es en diff\u00e9rentes formes selon votre propre imagination.<\/div>","protected":false},"excerpt":{"rendered":"<p>Marque : SEMBO<br \/>\nGenre: Unisexe<br \/>\nTranche d&#039;\u00e2ge : &gt; 6 ans<br \/>\nNum\u00e9ro de mod\u00e8le: 611049<br \/>\nClassement : Assemblage<br \/>\nForme de bloc en plastique\u00a0: briques autobloquantes<br \/>\nMat\u00e9riel: Plastique<br \/>\nType de plastique : ABS<br \/>\nBlocs de briques : 108 +<br \/>\nPr\u00e9vente<\/p>","protected":false},"featured_media":41128,"comment_status":"open","ping_status":"closed","template":"","meta":{"_acf_changed":false},"product_cat":[1365,371],"product_tag":[11072,8452,11217],"class_list":["product","first","instock","shipping-taxable","purchasable","product-type-simple"],"acf":[],"_links":{"self":[{"href":"https:\/\/mouldking.store\/fr\/wp-json\/wp\/v2\/product\/41130","targetHints":{"allow":["GET"]}}],"collection":[{"href":"https:\/\/mouldking.store\/fr\/wp-json\/wp\/v2\/product"}],"about":[{"href":"https:\/\/mouldking.store\/fr\/wp-json\/wp\/v2\/types\/product"}],"replies":[{"embeddable":true,"href":"https:\/\/mouldking.store\/fr\/wp-json\/wp\/v2\/comments?post=41130"}],"wp:featuredmedia":[{"embeddable":true,"href":"https:\/\/mouldking.store\/fr\/wp-json\/wp\/v2\/media\/41128"}],"wp:attachment":[{"href":"https:\/\/mouldking.store\/fr\/wp-json\/wp\/v2\/media?parent=41130"}],"wp:term":[{"taxonomy":"product_cat","embeddable":true,"href":"https:\/\/mouldking.store\/fr\/wp-json\/wp\/v2\/product_cat?post=41130"},{"taxonomy":"product_tag","embeddable":true,"href":"https:\/\/mouldking.store\/fr\/wp-json\/wp\/v2\/product_tag?post=41130"}],"curies":[{"name":"wp","href":"https:\/\/api.w.org\/{rel}","templated":true}]}}