{"id":41133,"date":"2023-02-03T14:16:10","date_gmt":"2023-02-03T07:16:10","guid":{"rendered":"https:\/\/mouldking.store\/shop\/sembo-611044-cute-and-meaty-super-cute-rocket-with-137-pieces\/"},"modified":"2023-02-07T03:56:15","modified_gmt":"2023-02-06T20:56:15","slug":"sembo-611044-cute-and-meaty-super-cute-rocket-with-137-pieces","status":"publish","type":"product","link":"https:\/\/mouldking.store\/fr\/shop\/sembo-611044-cute-and-meaty-super-cute-rocket-with-137-pieces\/","title":{"rendered":"SEMBO 611044 Cute and Meaty : Fus\u00e9e super mignonne avec 137 pi\u00e8ces"},"content":{"rendered":"<div>\u2705 SEMBO 611044 Mignon et charnu : Fus\u00e9e super mignonne<br \/>&nbsp;<br \/>\u2705 Mignon et charnu : la fus\u00e9e super mignonne (Block Florist) appartient \u00e0 l&#039;ensemble de blocs de construction de la s\u00e9rie de plantes, et l&#039;ensemble contient 137 particules de blocs de construction. La premi\u00e8re date de sortie \u00e9tait en 2022.<br \/>&nbsp;<br \/>\ud83d\udeabIMPORTANT !&nbsp;<br \/>&nbsp;<br \/>Nom du produit : mignon et charnu : fus\u00e9e super mignonne.<br \/>&nbsp;<br \/>Cat\u00e9gorie\u00a0: Cr\u00e9ateur<br \/>&nbsp;<br \/>Ce kit contient : SEMBO 611044<br \/>&nbsp;<br \/>137 briques de bonne qualit\u00e9.&nbsp;<br \/>&nbsp;<br \/>Taille : 7,5 \u00d7 9,8 \u00d7 7,7 cm<br \/>&nbsp;<br \/>Instructions manuelles&nbsp;<br \/>&nbsp;<br \/>\ud83d\udcccNature du protagoniste&nbsp;<br \/>&nbsp;<br \/>Vous ne devriez pas manquer la pr\u00e9sentation de notre fi\u00e8re collection nomm\u00e9e &quot;Cute and Meaty\u00a0: Super Cute Rocket&quot;.&nbsp;<br \/>&nbsp;<br \/>La s\u00e9rie de fus\u00e9es mignonnes et charnues offre une exp\u00e9rience plus intime pour ceux qui veulent collectionner. La fus\u00e9e n&#039;est pas seulement mignonne, mais elle est aussi tr\u00e8s int\u00e9ressante \u00e0 jouer.<\/div>","protected":false},"excerpt":{"rendered":"<p>Marque : SEMBO<br \/>\nGenre: Unisexe<br \/>\nTranche d&#039;\u00e2ge : &gt; 6 ans<br \/>\nNum\u00e9ro de mod\u00e8le: 611044<br \/>\nClassement : Assemblage<br \/>\nForme de bloc en plastique\u00a0: briques autobloquantes<br \/>\nMat\u00e9riel: Plastique<br \/>\nType de plastique : ABS<br \/>\nBlocs de briques : 137 +<br \/>\nPr\u00e9vente<\/p>","protected":false},"featured_media":41131,"comment_status":"open","ping_status":"closed","template":"","meta":{"_acf_changed":false},"product_cat":[1365,371],"product_tag":[11072,8452,11106,8162],"class_list":["product","first","instock","shipping-taxable","purchasable","product-type-simple"],"acf":[],"_links":{"self":[{"href":"https:\/\/mouldking.store\/fr\/wp-json\/wp\/v2\/product\/41133","targetHints":{"allow":["GET"]}}],"collection":[{"href":"https:\/\/mouldking.store\/fr\/wp-json\/wp\/v2\/product"}],"about":[{"href":"https:\/\/mouldking.store\/fr\/wp-json\/wp\/v2\/types\/product"}],"replies":[{"embeddable":true,"href":"https:\/\/mouldking.store\/fr\/wp-json\/wp\/v2\/comments?post=41133"}],"wp:featuredmedia":[{"embeddable":true,"href":"https:\/\/mouldking.store\/fr\/wp-json\/wp\/v2\/media\/41131"}],"wp:attachment":[{"href":"https:\/\/mouldking.store\/fr\/wp-json\/wp\/v2\/media?parent=41133"}],"wp:term":[{"taxonomy":"product_cat","embeddable":true,"href":"https:\/\/mouldking.store\/fr\/wp-json\/wp\/v2\/product_cat?post=41133"},{"taxonomy":"product_tag","embeddable":true,"href":"https:\/\/mouldking.store\/fr\/wp-json\/wp\/v2\/product_tag?post=41133"}],"curies":[{"name":"wp","href":"https:\/\/api.w.org\/{rel}","templated":true}]}}